{"id":5148,"date":"2025-07-15T15:23:27","date_gmt":"2025-07-15T15:23:27","guid":{"rendered":"https:\/\/klnpigeon.com\/?post_type=product&#038;p=5148"},"modified":"2025-07-15T15:23:27","modified_gmt":"2025-07-15T15:23:27","slug":"cest-pharma-vit-amino-plus-vitamins-amino-acids-for-pigeons","status":"publish","type":"product","link":"https:\/\/klnpigeon.com\/index.php\/producto\/cest-pharma-vit-amino-plus-vitamins-amino-acids-for-pigeons\/","title":{"rendered":"Cest Pharma Vit Amino Plus &#8211; Vitamins &#038; Amino Acids for Pigeons"},"content":{"rendered":"<p>Descripci\u00f3n<br \/>\nAyuda en caso de deficiencias de vitaminas y amino\u00e1cidos, estr\u00e9s (causado por vacunas, enfermedades, transporte, humedad y temperatura extremas) y mejora la conversi\u00f3n alimenticia.<\/p>\n<p>VITAMINO PLUS es un complejo vitam\u00ednico que desempe\u00f1a un papel vital en el mantenimiento de la salud general y el funcionamiento de las palomas. Formulado con glicina, refuerza el sistema inmunitario y proporciona las vitaminas necesarias para la cr\u00eda, la muda y las competiciones.<\/p>\n<p>Beneficios clave<\/p>\n<p>Ayuda en caso de deficiencias de vitaminas y amino\u00e1cidos.<br \/>\nMejora la salud de las aves al superar situaciones de estr\u00e9s causadas por vacunas, enfermedades, transporte o calor o humedad extremos.<br \/>\nAumenta la resistencia y la producci\u00f3n muscular.<br \/>\nMejora la producci\u00f3n de plumas.<br \/>\nF\u00f3rmula concentrada de f\u00e1cil digesti\u00f3n y r\u00e1pida absorci\u00f3n.<br \/>\nFormulado y probado por colomb\u00f3filos.<br \/>\nFabricado en Europa.<br \/>\nImportado.<br \/>\nIngredientes:<\/p>\n<p>Fosfato dis\u00f3dico, glicerol, agua desmineralizada.<\/p>\n<p>Aditivos nutricionales: Vitamina A (3a672b), Vitamina D3 (3a671), Vitamina E (3a700), Cloruro de colina (3a890), D-Pantenol (3a842), L-Carnitina (3a910), Vitamina K3 (3a710), Niacinamida (3a315), Vitamina B1 (3a820), Vitamina B2 (3a826), Vitamina B6 (3a831), Vitamina B12 (3a835), Biotina (3a880), \u00c1cido f\u00f3lico (3a316), Beta\u00edna HCL (3a925).<\/p>\n<p>Aditivos sensoriales: Glicina (2b17034).<br \/>\nAditivos tecnol\u00f3gicos: Antioxidantes: Ascorbato s\u00f3dico (1b301), Butilhidroxitolueno, BHT (E321), Galato de propilo (E310). Conservantes: \u00c1cido c\u00edtrico (1a330), sorbato de potasio (1k202).<br \/>\nDosis y administraci\u00f3n<\/p>\n<p>Mantenimiento: 10 ml\/2 L en agua de bebida o por cada 2 kg de alimento, una vez a la semana.<br \/>\nCr\u00eda y competici\u00f3n: 1-2 veces por semana. No administrar el d\u00eda del enceste.<br \/>\nTama\u00f1o<\/p>\n<p>1 L (33.8 fl oz)<\/p>\n","protected":false},"excerpt":{"rendered":"<p>Descripci\u00f3n Ayuda en caso de deficiencias de vitaminas y amino\u00e1cidos, estr\u00e9s (causado por vacunas, enfermedades, transporte, humedad y temperatura extremas) y mejora la conversi\u00f3n alimenticia. VITAMINO PLUS es un complejo vitam\u00ednico que desempe\u00f1a un papel vital en el mantenimiento de la salud general y el funcionamiento de las palomas. Formulado con glicina, refuerza el sistema<\/p>\n<div class=\"klb-readmore button\"><a class=\"btn link\" href=\"https:\/\/klnpigeon.com\/index.php\/producto\/cest-pharma-vit-amino-plus-vitamins-amino-acids-for-pigeons\/\">Read More <i class=\"klbth-icon-right-arrow\"><\/i><\/a><\/div>\n","protected":false},"featured_media":5149,"comment_status":"open","ping_status":"closed","template":"","meta":[],"product_cat":[15],"product_tag":[],"class_list":{"0":"post-5148","1":"product","2":"type-product","3":"status-publish","4":"has-post-thumbnail","6":"product_cat-sin-categorizar","8":"first","9":"instock","10":"shipping-taxable","11":"purchasable","12":"product-type-simple"},"jetpack_sharing_enabled":true,"_links":{"self":[{"href":"https:\/\/klnpigeon.com\/index.php\/wp-json\/wp\/v2\/product\/5148","targetHints":{"allow":["GET"]}}],"collection":[{"href":"https:\/\/klnpigeon.com\/index.php\/wp-json\/wp\/v2\/product"}],"about":[{"href":"https:\/\/klnpigeon.com\/index.php\/wp-json\/wp\/v2\/types\/product"}],"replies":[{"embeddable":true,"href":"https:\/\/klnpigeon.com\/index.php\/wp-json\/wp\/v2\/comments?post=5148"}],"wp:featuredmedia":[{"embeddable":true,"href":"https:\/\/klnpigeon.com\/index.php\/wp-json\/wp\/v2\/media\/5149"}],"wp:attachment":[{"href":"https:\/\/klnpigeon.com\/index.php\/wp-json\/wp\/v2\/media?parent=5148"}],"wp:term":[{"taxonomy":"product_cat","embeddable":true,"href":"https:\/\/klnpigeon.com\/index.php\/wp-json\/wp\/v2\/product_cat?post=5148"},{"taxonomy":"product_tag","embeddable":true,"href":"https:\/\/klnpigeon.com\/index.php\/wp-json\/wp\/v2\/product_tag?post=5148"}],"curies":[{"name":"wp","href":"https:\/\/api.w.org\/{rel}","templated":true}]}}