{"id":5144,"date":"2025-07-15T15:16:53","date_gmt":"2025-07-15T15:16:53","guid":{"rendered":"https:\/\/klnpigeon.com\/?post_type=product&#038;p=5144"},"modified":"2026-02-22T19:50:03","modified_gmt":"2026-02-22T19:50:03","slug":"yellow-drink-cest-pharma-for-pigeons-eliminates-canker-ornithosis-complex","status":"publish","type":"product","link":"https:\/\/klnpigeon.com\/index.php\/producto\/yellow-drink-cest-pharma-for-pigeons-eliminates-canker-ornithosis-complex\/","title":{"rendered":"YELLOW DRINK Cest Pharma for Pigeons &#8211; Eliminates Canker &#038; Ornithosis Complex"},"content":{"rendered":"<p>Descripci\u00f3n<br \/>\nControla enfermedades causadas por hongos, bacterias y virus peligrosos que afectan los sistemas digestivo y respiratorio.<\/p>\n<p>Desarrollado como una evoluci\u00f3n del innovador Yellow Drops, Yellow Drink ofrece un tratamiento eficaz para palomas contra el cancrosis, hongos y ornitosis. Puede a\u00f1adirse tanto al agua de bebida como al alimento. Su componente principal, la acriflavina, ofrece una potente acci\u00f3n antis\u00e9ptica con propiedades antivirales, antituberculosas, fungicidas y antitricomoniasis, espec\u00edficamente para palomas.<\/p>\n<p>Yellow Drink es una soluci\u00f3n esencial para el mantenimiento de la salud de palomas mensajeras, reproductoras y para el manejo general de la paloma, garantizando un estado y rendimiento \u00f3ptimos.<\/p>\n<p>Beneficios Clave<\/p>\n<p>Ahora formulado en un l\u00edquido hidrosoluble f\u00e1cil de administrar para el tratamiento de aves.<br \/>\nAyuda a controlar infecciones f\u00fangicas, bacterianas y virales en los tractos digestivo y respiratorio.<br \/>\nContiene Acriflavina, un potente antis\u00e9ptico que proporciona una excelente recuperaci\u00f3n.<br \/>\nSe puede administrar tanto en el agua de bebida como en el alimento.<br \/>\nBotella de 1 L: Sirve hasta 190 litros de agua de bebida o 200 kg de alimento.<br \/>\nFormulado por veterinarios y probado por colomb\u00f3filos.<br \/>\nHecho en Europa con ingredientes de calidad.<br \/>\nImportado.<br \/>\nPara obtener las gotas amarillas, haga clic aqu\u00ed.<\/p>\n<p>Ingrediente Activo<\/p>\n<p>Acriflavina<\/p>\n<p>Dosis y Administraci\u00f3n<\/p>\n<p>5 ml (1 cucharadita) por litro de agua de bebida o 1 kg de alimento durante 3 a 5 d\u00edas consecutivos. Cambie el agua o el alimento diariamente.<\/p>\n<p>Prevenci\u00f3n: una administraci\u00f3n al llegar de la carrera y el d\u00eda antes del enceste.<\/p>\n<p>Tama\u00f1o<\/p>\n<p>Botella de 1 L (940 ml)54<\/p>\n","protected":false},"excerpt":{"rendered":"<p>Descripci\u00f3n Controla enfermedades causadas por hongos, bacterias y virus peligrosos que afectan los sistemas digestivo y respiratorio. Desarrollado como una evoluci\u00f3n del innovador Yellow Drops, Yellow Drink ofrece un tratamiento eficaz para palomas contra el cancrosis, hongos y ornitosis. Puede a\u00f1adirse tanto al agua de bebida como al alimento. Su componente principal, la acriflavina, ofrece<\/p>\n<div class=\"klb-readmore button\"><a class=\"btn link\" href=\"https:\/\/klnpigeon.com\/index.php\/producto\/yellow-drink-cest-pharma-for-pigeons-eliminates-canker-ornithosis-complex\/\">Read More <i class=\"klbth-icon-right-arrow\"><\/i><\/a><\/div>\n","protected":false},"featured_media":5145,"comment_status":"open","ping_status":"closed","template":"","meta":[],"product_cat":[15],"product_tag":[],"class_list":{"0":"post-5144","1":"product","2":"type-product","3":"status-publish","4":"has-post-thumbnail","6":"product_cat-sin-categorizar","8":"first","9":"outofstock","10":"shipping-taxable","11":"purchasable","12":"product-type-simple"},"jetpack_sharing_enabled":true,"_links":{"self":[{"href":"https:\/\/klnpigeon.com\/index.php\/wp-json\/wp\/v2\/product\/5144","targetHints":{"allow":["GET"]}}],"collection":[{"href":"https:\/\/klnpigeon.com\/index.php\/wp-json\/wp\/v2\/product"}],"about":[{"href":"https:\/\/klnpigeon.com\/index.php\/wp-json\/wp\/v2\/types\/product"}],"replies":[{"embeddable":true,"href":"https:\/\/klnpigeon.com\/index.php\/wp-json\/wp\/v2\/comments?post=5144"}],"wp:featuredmedia":[{"embeddable":true,"href":"https:\/\/klnpigeon.com\/index.php\/wp-json\/wp\/v2\/media\/5145"}],"wp:attachment":[{"href":"https:\/\/klnpigeon.com\/index.php\/wp-json\/wp\/v2\/media?parent=5144"}],"wp:term":[{"taxonomy":"product_cat","embeddable":true,"href":"https:\/\/klnpigeon.com\/index.php\/wp-json\/wp\/v2\/product_cat?post=5144"},{"taxonomy":"product_tag","embeddable":true,"href":"https:\/\/klnpigeon.com\/index.php\/wp-json\/wp\/v2\/product_tag?post=5144"}],"curies":[{"name":"wp","href":"https:\/\/api.w.org\/{rel}","templated":true}]}}