{"id":4994,"date":"2024-08-24T17:50:19","date_gmt":"2024-08-24T17:50:19","guid":{"rendered":"https:\/\/klnpigeon.com\/?post_type=product&#038;p=4994"},"modified":"2025-04-01T18:05:46","modified_gmt":"2025-04-01T18:05:46","slug":"oropharma-herbolan-1000-ml","status":"publish","type":"product","link":"https:\/\/klnpigeon.com\/index.php\/producto\/oropharma-herbolan-1000-ml\/","title":{"rendered":"Oropharma Herbolan 1000 ml"},"content":{"rendered":"<p>Pienso complementario para palomas. Herbolan de Oropharma es una bebida a base de hierbas enriquecida con espirulina, \u00e1cidos org\u00e1nicos y prebi\u00f3ticos. Herbolan mejora el estado de las palomas y refuerza su sistema inmunol\u00f3gico. Las algas espirulinas son una de las fuentes de alimento m\u00e1s ricas del planeta. Los \u00e1cidos org\u00e1nicos favorecen una acidez \u00f3ptima del intestino. Los prebi\u00f3ticos favorecen la flora intestinal beneficiosa y favorecen un buen equilibrio entre las bacterias intestinales beneficiosas y perjudiciales.<\/p>\n<p>Modo de empleo<\/p>\n<p>1 cucharada (= 15 ml) de Herbolan por litro de agua potable.<\/p>\n<p>Durante la \u00e9poca de muda: una o dos veces por semana.<br \/>\nDurante la temporada de carreras: una o dos veces por semana.<br \/>\nCr\u00eda: tres o cuatro veces por semana.<\/p>\n","protected":false},"excerpt":{"rendered":"<p>Pienso complementario para palomas. Herbolan de Oropharma es una bebida a base de hierbas enriquecida con espirulina, \u00e1cidos org\u00e1nicos y prebi\u00f3ticos. Herbolan mejora el estado de las palomas y refuerza su sistema inmunol\u00f3gico. Las algas espirulinas son una de las fuentes de alimento m\u00e1s ricas del planeta. Los \u00e1cidos org\u00e1nicos favorecen una acidez \u00f3ptima del<\/p>\n<div class=\"klb-readmore button\"><a class=\"btn link\" href=\"https:\/\/klnpigeon.com\/index.php\/producto\/oropharma-herbolan-1000-ml\/\">Read More <i class=\"klbth-icon-right-arrow\"><\/i><\/a><\/div>\n","protected":false},"featured_media":4995,"comment_status":"open","ping_status":"closed","template":"","meta":[],"product_cat":[15],"product_tag":[],"class_list":{"0":"post-4994","1":"product","2":"type-product","3":"status-publish","4":"has-post-thumbnail","6":"product_cat-sin-categorizar","8":"first","9":"instock","10":"sale","11":"shipping-taxable","12":"purchasable","13":"product-type-simple"},"jetpack_sharing_enabled":true,"_links":{"self":[{"href":"https:\/\/klnpigeon.com\/index.php\/wp-json\/wp\/v2\/product\/4994","targetHints":{"allow":["GET"]}}],"collection":[{"href":"https:\/\/klnpigeon.com\/index.php\/wp-json\/wp\/v2\/product"}],"about":[{"href":"https:\/\/klnpigeon.com\/index.php\/wp-json\/wp\/v2\/types\/product"}],"replies":[{"embeddable":true,"href":"https:\/\/klnpigeon.com\/index.php\/wp-json\/wp\/v2\/comments?post=4994"}],"wp:featuredmedia":[{"embeddable":true,"href":"https:\/\/klnpigeon.com\/index.php\/wp-json\/wp\/v2\/media\/4995"}],"wp:attachment":[{"href":"https:\/\/klnpigeon.com\/index.php\/wp-json\/wp\/v2\/media?parent=4994"}],"wp:term":[{"taxonomy":"product_cat","embeddable":true,"href":"https:\/\/klnpigeon.com\/index.php\/wp-json\/wp\/v2\/product_cat?post=4994"},{"taxonomy":"product_tag","embeddable":true,"href":"https:\/\/klnpigeon.com\/index.php\/wp-json\/wp\/v2\/product_tag?post=4994"}],"curies":[{"name":"wp","href":"https:\/\/api.w.org\/{rel}","templated":true}]}}