{"id":4915,"date":"2024-04-12T13:56:13","date_gmt":"2024-04-12T13:56:13","guid":{"rendered":"https:\/\/klnpigeon.com\/?post_type=product&#038;p=4915"},"modified":"2024-04-12T13:56:13","modified_gmt":"2024-04-12T13:56:13","slug":"protamin","status":"publish","type":"product","link":"https:\/\/klnpigeon.com\/index.php\/producto\/protamin\/","title":{"rendered":"PROTAMIN"},"content":{"rendered":"<p>UNA EXCELENTE COMBINACI\u00d3N DE HIERRO Y VITAMINA B12 QUE ES ESENCIAL DURANTE LAS CARRERAS Y LA CR\u00cdA<\/p>\n<p>Protamin Iron &amp; B12 es un polvo que contiene hierro absorbible, que ayuda a oxigenar el torrente sangu\u00edneo, aumentando la resistencia y la resistencia general al vuelo. Su segundo ingrediente, la vitamina B12, proporciona a sus aves un r\u00e1pido impulso de energ\u00eda, proporcion\u00e1ndoles ventaja durante la competici\u00f3n.<\/p>\n<p>Protamin Iron &amp; B12 tambi\u00e9n es un excelente suplemento reproductor que vigoriza a las parejas reproductoras, reduce la muerte de embriones y mejora el desarrollo de las aves j\u00f3venes.<\/p>\n<p>Instrucciones de uso<\/p>\n<p>Administrar 5 gramos (1 cucharadita) de alimento suficiente para 20 palomas, dos veces por semana durante las temporadas de carrera y reproducci\u00f3n.<\/p>\n","protected":false},"excerpt":{"rendered":"<p>UNA EXCELENTE COMBINACI\u00d3N DE HIERRO Y VITAMINA B12 QUE ES ESENCIAL DURANTE LAS CARRERAS Y LA CR\u00cdA Protamin Iron &amp; B12 es un polvo que contiene hierro absorbible, que ayuda a oxigenar el torrente sangu\u00edneo, aumentando la resistencia y la resistencia general al vuelo. Su segundo ingrediente, la vitamina B12, proporciona a sus aves un<\/p>\n<div class=\"klb-readmore button\"><a class=\"btn link\" href=\"https:\/\/klnpigeon.com\/index.php\/producto\/protamin\/\">Read More <i class=\"klbth-icon-right-arrow\"><\/i><\/a><\/div>\n","protected":false},"featured_media":4916,"comment_status":"open","ping_status":"closed","template":"","meta":[],"product_cat":[15],"product_tag":[],"class_list":{"0":"post-4915","1":"product","2":"type-product","3":"status-publish","4":"has-post-thumbnail","6":"product_cat-sin-categorizar","8":"first","9":"instock","10":"shipping-taxable","11":"purchasable","12":"product-type-simple"},"jetpack_sharing_enabled":true,"_links":{"self":[{"href":"https:\/\/klnpigeon.com\/index.php\/wp-json\/wp\/v2\/product\/4915","targetHints":{"allow":["GET"]}}],"collection":[{"href":"https:\/\/klnpigeon.com\/index.php\/wp-json\/wp\/v2\/product"}],"about":[{"href":"https:\/\/klnpigeon.com\/index.php\/wp-json\/wp\/v2\/types\/product"}],"replies":[{"embeddable":true,"href":"https:\/\/klnpigeon.com\/index.php\/wp-json\/wp\/v2\/comments?post=4915"}],"wp:featuredmedia":[{"embeddable":true,"href":"https:\/\/klnpigeon.com\/index.php\/wp-json\/wp\/v2\/media\/4916"}],"wp:attachment":[{"href":"https:\/\/klnpigeon.com\/index.php\/wp-json\/wp\/v2\/media?parent=4915"}],"wp:term":[{"taxonomy":"product_cat","embeddable":true,"href":"https:\/\/klnpigeon.com\/index.php\/wp-json\/wp\/v2\/product_cat?post=4915"},{"taxonomy":"product_tag","embeddable":true,"href":"https:\/\/klnpigeon.com\/index.php\/wp-json\/wp\/v2\/product_tag?post=4915"}],"curies":[{"name":"wp","href":"https:\/\/api.w.org\/{rel}","templated":true}]}}