{"id":4913,"date":"2024-04-12T13:53:22","date_gmt":"2024-04-12T13:53:22","guid":{"rendered":"https:\/\/klnpigeon.com\/?post_type=product&#038;p=4913"},"modified":"2024-04-12T13:53:22","modified_gmt":"2024-04-12T13:53:22","slug":"jetstream","status":"publish","type":"product","link":"https:\/\/klnpigeon.com\/index.php\/producto\/jetstream\/","title":{"rendered":"JETSTREAM"},"content":{"rendered":"<p>MEJORA EL RENDIMIENTO EN LAS CARRERAS CON UN SUPLEMENTO ESENCIAL QUE PROMUEVE LA RECUPERACI\u00d3N R\u00c1PIDA Y EL DESARROLLO MUSCULAR MAGRO PARA UN AUMENTO NOTABLE EN LA RESISTENCIA Y RESISTENCIA DE TU AVE<\/p>\n<p>Jet Stream es un suplemento esencial para las palomas que mejora el rendimiento en las carreras y ayuda en la recuperaci\u00f3n post-carrera. Aumenta la energ\u00eda disponible para la resistencia y la resistencia, adem\u00e1s de aumentar la fuerza. Contiene agentes anticatab\u00f3licos, previene el da\u00f1o muscular y la inflamaci\u00f3n causados por las carreras y promueve una r\u00e1pida recuperaci\u00f3n y desarrollo muscular magro. Se incorporan electrolitos para combatir la deshidrataci\u00f3n.<\/p>\n<p>Beneficios clave<\/p>\n<p>Proporciona carga energ\u00e9tica a trav\u00e9s de la saturaci\u00f3n de gluc\u00f3geno muscular.<br \/>\nPromueve el desarrollo muscular magro.<br \/>\nAumenta la fuerza<br \/>\nAumenta la energ\u00eda disponible para la resistencia y la resistencia.<br \/>\nReduce la inflamaci\u00f3n muscular que se produce al correr.<br \/>\nPromueve una r\u00e1pida recuperaci\u00f3n.<br \/>\nContiene agentes anticatab\u00f3licos para combatir el da\u00f1o muscular.<br \/>\nOptimiza la utilizaci\u00f3n de grasas.<br \/>\nContiene electrolitos para combatir los efectos adversos de la deshidrataci\u00f3n.<br \/>\nDe fabricaci\u00f3n europea; importado<br \/>\nInstrucciones de uso<\/p>\n<p>Mezclar 20 g de Jet Stream en una peque\u00f1a cantidad de agua tibia. Mezclar bien hasta que se disuelva. Agregue la soluci\u00f3n a 1 litro de agua para diluirla a una concentraci\u00f3n de porci\u00f3n adecuada.<\/p>\n<p>TENGA EN CUENTA: JET-STREAM CONTIENE BETA CAROTENO QUE ES NATURALMENTE NARANJA Y PUEDE COLOREAR LIGERAMENTE EL AGUA.<\/p>\n<p>Ingredientes<\/p>\n<p>Hidrolizado concentrado purificado de pol\u00edmeros de carbohidratos de cadena ramificada, jarabe de glucosa secado por aspersi\u00f3n, creatina, N-dimetilglicina, HCL, vitamina C del \u00e1cido asc\u00f3rbico, L carnitina, betacaroteno, caseinato de calcio, biotina, histidina, L-metionina, \u00e1cido gamma aminobut\u00edrico, Fortificado con vitaminas B<\/p>\n","protected":false},"excerpt":{"rendered":"<p>MEJORA EL RENDIMIENTO EN LAS CARRERAS CON UN SUPLEMENTO ESENCIAL QUE PROMUEVE LA RECUPERACI\u00d3N R\u00c1PIDA Y EL DESARROLLO MUSCULAR MAGRO PARA UN AUMENTO NOTABLE EN LA RESISTENCIA Y RESISTENCIA DE TU AVE Jet Stream es un suplemento esencial para las palomas que mejora el rendimiento en las carreras y ayuda en la recuperaci\u00f3n post-carrera. Aumenta<\/p>\n<div class=\"klb-readmore button\"><a class=\"btn link\" href=\"https:\/\/klnpigeon.com\/index.php\/producto\/jetstream\/\">Read More <i class=\"klbth-icon-right-arrow\"><\/i><\/a><\/div>\n","protected":false},"featured_media":4914,"comment_status":"open","ping_status":"closed","template":"","meta":[],"product_cat":[15],"product_tag":[],"class_list":{"0":"post-4913","1":"product","2":"type-product","3":"status-publish","4":"has-post-thumbnail","6":"product_cat-sin-categorizar","8":"first","9":"instock","10":"shipping-taxable","11":"purchasable","12":"product-type-simple"},"jetpack_sharing_enabled":true,"_links":{"self":[{"href":"https:\/\/klnpigeon.com\/index.php\/wp-json\/wp\/v2\/product\/4913","targetHints":{"allow":["GET"]}}],"collection":[{"href":"https:\/\/klnpigeon.com\/index.php\/wp-json\/wp\/v2\/product"}],"about":[{"href":"https:\/\/klnpigeon.com\/index.php\/wp-json\/wp\/v2\/types\/product"}],"replies":[{"embeddable":true,"href":"https:\/\/klnpigeon.com\/index.php\/wp-json\/wp\/v2\/comments?post=4913"}],"wp:featuredmedia":[{"embeddable":true,"href":"https:\/\/klnpigeon.com\/index.php\/wp-json\/wp\/v2\/media\/4914"}],"wp:attachment":[{"href":"https:\/\/klnpigeon.com\/index.php\/wp-json\/wp\/v2\/media?parent=4913"}],"wp:term":[{"taxonomy":"product_cat","embeddable":true,"href":"https:\/\/klnpigeon.com\/index.php\/wp-json\/wp\/v2\/product_cat?post=4913"},{"taxonomy":"product_tag","embeddable":true,"href":"https:\/\/klnpigeon.com\/index.php\/wp-json\/wp\/v2\/product_tag?post=4913"}],"curies":[{"name":"wp","href":"https:\/\/api.w.org\/{rel}","templated":true}]}}