{"id":4911,"date":"2024-04-12T13:50:19","date_gmt":"2024-04-12T13:50:19","guid":{"rendered":"https:\/\/klnpigeon.com\/?post_type=product&#038;p=4911"},"modified":"2024-04-12T13:50:19","modified_gmt":"2024-04-12T13:50:19","slug":"carbosol","status":"publish","type":"product","link":"https:\/\/klnpigeon.com\/index.php\/producto\/carbosol\/","title":{"rendered":"CARBOSOL"},"content":{"rendered":"<p>CONTIENE CREATINA Y CARINITINA QUE MEJORAN LA ENERG\u00cdA, LA RESISTENCIA Y LA RECUPERACI\u00d3N<\/p>\n<p>Carbosol Animal Health Suplemento es un potenciador de energ\u00eda soluble y de liberaci\u00f3n lenta, ideal para uso equino, aviar y canino en los d\u00edas previos a una carrera, o en momentos de alta demanda energ\u00e9tica.<\/p>\n<p>Cargar carbohidratos usando Vydex Carbosol puede aumentar la capacidad de resistencia hasta en un 33% y los niveles de gluc\u00f3geno muscular en un 50%. Adem\u00e1s de proporcionar altos niveles de energ\u00eda sin la ingesti\u00f3n de alimentos voluminosos, Carbosol puede ayudar en la recuperaci\u00f3n despu\u00e9s de la carrera.<\/p>\n<p>Beneficios clave<\/p>\n<p>\u00a1Un \u00e9xito de ventas de Vydex!<br \/>\nLa creatina concentrada proporciona una fuente confiable de energ\u00eda durante per\u00edodos de alta demanda energ\u00e9tica.<br \/>\nContribuye a aumentar la capacidad de resistencia, impuls\u00e1ndola hasta un 33%.<br \/>\nAyuda a aumentar los niveles de gluc\u00f3geno muscular en un 50%.<br \/>\nF\u00f3rmula soluble para asegurar una r\u00e1pida absorci\u00f3n y utilizaci\u00f3n.<br \/>\nPuede ayudar en el proceso de recuperaci\u00f3n despu\u00e9s de una carrera o una enfermedad.<br \/>\nElaborado con ingredientes naturales<br \/>\nNO hay sustancias prohibidas enumeradas seg\u00fan las reglas de NGRC, Jockey Club o ERI.<br \/>\nDe fabricaci\u00f3n europea; Importado<br \/>\nInstrucciones de alimentaci\u00f3n<\/p>\n<p>Palomas mensajeras: Mezcle una cucharada de postre colmada con medio litro de agua potable. Servir antes de la comida. Abastecimiento para los dos d\u00edas previos a la carrera.<\/p>\n<p>Aviar: A\u00f1adir 20 g por litro de agua de bebida durante la exhibici\u00f3n, reproducci\u00f3n o muda y enfermedad.<\/p>\n<p>Vydex Carbosol es eficaz por s\u00ed solo o muestra resultados particularmente buenos cuando se utiliza junto con Entrodex y Ascorbivite.<\/p>\n<p>Ingredientes<\/p>\n<p>Hidrolizado parcial enzim\u00e1tico de almid\u00f3n de ma\u00edz, pol\u00edmero de carbohidratos de cadena larga y creatina y carnitina a\u00f1adidas (\u00e1cidos asc\u00f3rbicos como antioxidante)<\/p>\n<p>Carbosol est\u00e1 elaborado a partir de ingredientes naturales y no contiene sustancias prohibidas, seg\u00fan se define en las reglas de NGRC, Jockey Club o ERI.<\/p>\n","protected":false},"excerpt":{"rendered":"<p>CONTIENE CREATINA Y CARINITINA QUE MEJORAN LA ENERG\u00cdA, LA RESISTENCIA Y LA RECUPERACI\u00d3N Carbosol Animal Health Suplemento es un potenciador de energ\u00eda soluble y de liberaci\u00f3n lenta, ideal para uso equino, aviar y canino en los d\u00edas previos a una carrera, o en momentos de alta demanda energ\u00e9tica. Cargar carbohidratos usando Vydex Carbosol puede aumentar<\/p>\n<div class=\"klb-readmore button\"><a class=\"btn link\" href=\"https:\/\/klnpigeon.com\/index.php\/producto\/carbosol\/\">Read More <i class=\"klbth-icon-right-arrow\"><\/i><\/a><\/div>\n","protected":false},"featured_media":4912,"comment_status":"open","ping_status":"closed","template":"","meta":[],"product_cat":[15],"product_tag":[],"class_list":{"0":"post-4911","1":"product","2":"type-product","3":"status-publish","4":"has-post-thumbnail","6":"product_cat-sin-categorizar","8":"first","9":"instock","10":"shipping-taxable","11":"purchasable","12":"product-type-simple"},"jetpack_sharing_enabled":true,"_links":{"self":[{"href":"https:\/\/klnpigeon.com\/index.php\/wp-json\/wp\/v2\/product\/4911","targetHints":{"allow":["GET"]}}],"collection":[{"href":"https:\/\/klnpigeon.com\/index.php\/wp-json\/wp\/v2\/product"}],"about":[{"href":"https:\/\/klnpigeon.com\/index.php\/wp-json\/wp\/v2\/types\/product"}],"replies":[{"embeddable":true,"href":"https:\/\/klnpigeon.com\/index.php\/wp-json\/wp\/v2\/comments?post=4911"}],"wp:featuredmedia":[{"embeddable":true,"href":"https:\/\/klnpigeon.com\/index.php\/wp-json\/wp\/v2\/media\/4912"}],"wp:attachment":[{"href":"https:\/\/klnpigeon.com\/index.php\/wp-json\/wp\/v2\/media?parent=4911"}],"wp:term":[{"taxonomy":"product_cat","embeddable":true,"href":"https:\/\/klnpigeon.com\/index.php\/wp-json\/wp\/v2\/product_cat?post=4911"},{"taxonomy":"product_tag","embeddable":true,"href":"https:\/\/klnpigeon.com\/index.php\/wp-json\/wp\/v2\/product_tag?post=4911"}],"curies":[{"name":"wp","href":"https:\/\/api.w.org\/{rel}","templated":true}]}}