{"id":4909,"date":"2024-04-12T13:47:19","date_gmt":"2024-04-12T13:47:19","guid":{"rendered":"https:\/\/klnpigeon.com\/?post_type=product&#038;p=4909"},"modified":"2026-02-19T18:40:56","modified_gmt":"2026-02-19T18:40:56","slug":"entrodex","status":"publish","type":"product","link":"https:\/\/klnpigeon.com\/index.php\/producto\/entrodex\/","title":{"rendered":"ENTRODEX"},"content":{"rendered":"<p>\u00a1UN SUPLEMENTO PROBI\u00d3TICO INTEGRAL PARA APOYAR LA SALUD INTESTINAL Y LA VITALIDAD GENERAL DE SUS AVES!<\/p>\n<p>Entrodex es un probi\u00f3tico soluble elaborado con bacterias vivas beneficiosas para promover un sistema digestivo saludable. Con 4,5 mil millones de c\u00e9lulas de enterococcus faecium por gramo, esta f\u00f3rmula aumenta la energ\u00eda y la fuerza de su animal. Tambi\u00e9n incluye vitaminas A, D y complejo B, as\u00ed como electrolitos para respaldar el bienestar general.<\/p>\n<p>Beneficios clave<\/p>\n<p>F\u00f3rmula soluble para asegurar una f\u00e1cil integraci\u00f3n en la dieta de su animal.<br \/>\nElaborado con 4.500 millones de c\u00e9lulas de bacterias vivas para promover un entorno intestinal equilibrado y saludable.<br \/>\nAumenta la energ\u00eda y la fuerza y apoya el bienestar general.<br \/>\nEnriquecido con vitaminas esenciales como el complejo A, D y B para respaldar diversos aspectos de la salud de su animal, incluida la visi\u00f3n, la salud \u00f3sea y el metabolismo.<br \/>\nContiene electrolitos para mantener niveles adecuados de minerales y de hidrataci\u00f3n.<br \/>\nFabricado en los Pa\u00edses Bajos; Importado<br \/>\nInstrucciones de alimentaci\u00f3n<\/p>\n<p>Agua: A\u00f1adir 5 g (una cucharadita) a 1 litro de agua potable fresca y limpia.<\/p>\n<p>Comida: A\u00f1adir 5g (una cucharadita) por cada 500g de alimento humedecido.<\/p>\n<p>Ingredientes<\/p>\n<p>Vitaminas (A, E, K, B1, B2, B6, B12, H, C), \u00e1cido f\u00f3lico, niacina, \u00e1cido pantot\u00e9nico, electrolitos (magnesio, potasio, sal), dextrosa, TSCD<\/p>\n","protected":false},"excerpt":{"rendered":"<p>\u00a1UN SUPLEMENTO PROBI\u00d3TICO INTEGRAL PARA APOYAR LA SALUD INTESTINAL Y LA VITALIDAD GENERAL DE SUS AVES! Entrodex es un probi\u00f3tico soluble elaborado con bacterias vivas beneficiosas para promover un sistema digestivo saludable. Con 4,5 mil millones de c\u00e9lulas de enterococcus faecium por gramo, esta f\u00f3rmula aumenta la energ\u00eda y la fuerza de su animal. Tambi\u00e9n<\/p>\n<div class=\"klb-readmore button\"><a class=\"btn link\" href=\"https:\/\/klnpigeon.com\/index.php\/producto\/entrodex\/\">Read More <i class=\"klbth-icon-right-arrow\"><\/i><\/a><\/div>\n","protected":false},"featured_media":4910,"comment_status":"open","ping_status":"closed","template":"","meta":[],"product_cat":[15],"product_tag":[],"class_list":{"0":"post-4909","1":"product","2":"type-product","3":"status-publish","4":"has-post-thumbnail","6":"product_cat-sin-categorizar","8":"first","9":"instock","10":"shipping-taxable","11":"purchasable","12":"product-type-simple"},"jetpack_sharing_enabled":true,"_links":{"self":[{"href":"https:\/\/klnpigeon.com\/index.php\/wp-json\/wp\/v2\/product\/4909","targetHints":{"allow":["GET"]}}],"collection":[{"href":"https:\/\/klnpigeon.com\/index.php\/wp-json\/wp\/v2\/product"}],"about":[{"href":"https:\/\/klnpigeon.com\/index.php\/wp-json\/wp\/v2\/types\/product"}],"replies":[{"embeddable":true,"href":"https:\/\/klnpigeon.com\/index.php\/wp-json\/wp\/v2\/comments?post=4909"}],"wp:featuredmedia":[{"embeddable":true,"href":"https:\/\/klnpigeon.com\/index.php\/wp-json\/wp\/v2\/media\/4910"}],"wp:attachment":[{"href":"https:\/\/klnpigeon.com\/index.php\/wp-json\/wp\/v2\/media?parent=4909"}],"wp:term":[{"taxonomy":"product_cat","embeddable":true,"href":"https:\/\/klnpigeon.com\/index.php\/wp-json\/wp\/v2\/product_cat?post=4909"},{"taxonomy":"product_tag","embeddable":true,"href":"https:\/\/klnpigeon.com\/index.php\/wp-json\/wp\/v2\/product_tag?post=4909"}],"curies":[{"name":"wp","href":"https:\/\/api.w.org\/{rel}","templated":true}]}}