{"id":4907,"date":"2024-04-12T13:45:03","date_gmt":"2024-04-12T13:45:03","guid":{"rendered":"https:\/\/klnpigeon.com\/?post_type=product&#038;p=4907"},"modified":"2024-04-12T13:45:04","modified_gmt":"2024-04-12T13:45:04","slug":"ascorbivite","status":"publish","type":"product","link":"https:\/\/klnpigeon.com\/index.php\/producto\/ascorbivite\/","title":{"rendered":"ASCORBIVITE"},"content":{"rendered":"<p>EL SUPLEMENTO DE VITAMINA C DEFINITIVO: UN REFUERZO DIET\u00c9TICO PURO Y CONCENTRADO CON UNA F\u00d3RMULA SOLUBLE PARA GARANTIZAR UNA F\u00c1CIL INTEGRACI\u00d3N, SALUD GENERAL Y VITALIDAD.<\/p>\n<p>El suplemento de salud animal de ascorbivita y vitamina C es un refuerzo diet\u00e9tico concentrado meticulosamente formulado para elevar la ingesta nutricional diaria de su animal o ave de compa\u00f1\u00eda. La f\u00f3rmula soluble que proporciona es conveniente y f\u00e1cil de administrar, lo que garantiza una integraci\u00f3n perfecta en su rutina diaria. La ascorbivita no contiene colorantes ni conservantes artificiales, lo que subraya su compromiso con la pureza y el bienestar general de su querido compa\u00f1ero.<\/p>\n<p>La ascorbivita se puede utilizar con buenos resultados sola o complementada con el suplemento nutricional Vydex Entrodex.<\/p>\n<p>Beneficios clave<\/p>\n<p>Dise\u00f1ado para aumentar la ingesta diet\u00e9tica diaria de animales y aves.<br \/>\nLa forma concentrada garantiza que los animales reciban una dosis eficaz de vitamina C.<br \/>\nLa f\u00f3rmula soluble hace que sea f\u00e1cil de administrar.<br \/>\nSIN colorantes ni conservantes artificiales.<br \/>\nContribuye a la salud general y la vitalidad de su animal.<br \/>\nFabricado en Holanda; importado<br \/>\nInstrucciones de alimentaci\u00f3n<\/p>\n<p>Agua: A\u00f1adir 5 g (una cucharadita) a 1 litro de agua potable fresca y limpia.<br \/>\nComida: A\u00f1adir 5g a 450g de comida humedecida.<\/p>\n<p>Administrar diariamente o seg\u00fan lo recomiende un profesional veterinario calificado.<\/p>\n<p>Ingredientes<\/p>\n<p>Por 100g<br \/>\nVitamina C (\u00c1cido Asc\u00f3rbico) 1200 mg<br \/>\nDextrosa (Dextrosa Monohidrato) 88g<\/p>\n","protected":false},"excerpt":{"rendered":"<p>EL SUPLEMENTO DE VITAMINA C DEFINITIVO: UN REFUERZO DIET\u00c9TICO PURO Y CONCENTRADO CON UNA F\u00d3RMULA SOLUBLE PARA GARANTIZAR UNA F\u00c1CIL INTEGRACI\u00d3N, SALUD GENERAL Y VITALIDAD. El suplemento de salud animal de ascorbivita y vitamina C es un refuerzo diet\u00e9tico concentrado meticulosamente formulado para elevar la ingesta nutricional diaria de su animal o ave de compa\u00f1\u00eda.<\/p>\n<div class=\"klb-readmore button\"><a class=\"btn link\" href=\"https:\/\/klnpigeon.com\/index.php\/producto\/ascorbivite\/\">Read More <i class=\"klbth-icon-right-arrow\"><\/i><\/a><\/div>\n","protected":false},"featured_media":4908,"comment_status":"open","ping_status":"closed","template":"","meta":[],"product_cat":[15],"product_tag":[],"class_list":{"0":"post-4907","1":"product","2":"type-product","3":"status-publish","4":"has-post-thumbnail","6":"product_cat-sin-categorizar","8":"first","9":"instock","10":"shipping-taxable","11":"purchasable","12":"product-type-simple"},"jetpack_sharing_enabled":true,"_links":{"self":[{"href":"https:\/\/klnpigeon.com\/index.php\/wp-json\/wp\/v2\/product\/4907","targetHints":{"allow":["GET"]}}],"collection":[{"href":"https:\/\/klnpigeon.com\/index.php\/wp-json\/wp\/v2\/product"}],"about":[{"href":"https:\/\/klnpigeon.com\/index.php\/wp-json\/wp\/v2\/types\/product"}],"replies":[{"embeddable":true,"href":"https:\/\/klnpigeon.com\/index.php\/wp-json\/wp\/v2\/comments?post=4907"}],"wp:featuredmedia":[{"embeddable":true,"href":"https:\/\/klnpigeon.com\/index.php\/wp-json\/wp\/v2\/media\/4908"}],"wp:attachment":[{"href":"https:\/\/klnpigeon.com\/index.php\/wp-json\/wp\/v2\/media?parent=4907"}],"wp:term":[{"taxonomy":"product_cat","embeddable":true,"href":"https:\/\/klnpigeon.com\/index.php\/wp-json\/wp\/v2\/product_cat?post=4907"},{"taxonomy":"product_tag","embeddable":true,"href":"https:\/\/klnpigeon.com\/index.php\/wp-json\/wp\/v2\/product_tag?post=4907"}],"curies":[{"name":"wp","href":"https:\/\/api.w.org\/{rel}","templated":true}]}}