{"id":4905,"date":"2024-04-12T13:41:04","date_gmt":"2024-04-12T13:41:04","guid":{"rendered":"https:\/\/klnpigeon.com\/?post_type=product&#038;p=4905"},"modified":"2025-02-09T14:26:40","modified_gmt":"2025-02-09T14:26:40","slug":"super6","status":"publish","type":"product","link":"https:\/\/klnpigeon.com\/index.php\/producto\/super6\/","title":{"rendered":"SUPER6"},"content":{"rendered":"<p>ELEVA EL BIENESTAR DE TUS PALOMAS CON UN SUPLEMENTO INTEGRAL DISE\u00d1ADO PARA SATISFACER SUS DIVERSAS NECESIDADES NUTRICIONALES<\/p>\n<p>Super 6, una revolucionaria mezcla de suplementos seis en uno meticulosamente elaborada para elevar la salud y los niveles de energ\u00eda de las palomas. Su f\u00f3rmula es una soluci\u00f3n conveniente que agiliza el proceso de suplementaci\u00f3n al consolidar vitaminas y minerales esenciales en un producto \u00fanico y f\u00e1cil de preparar. Perfecto para aficionados ocupados que buscan comodidad sin comprometer la calidad.<\/p>\n<p>La f\u00f3rmula Super 6 es una fusi\u00f3n armoniosa de:<\/p>\n<p>Prebi\u00f3tico: El componente prebi\u00f3tico de Super 6, que nutre la salud intestinal, sienta las bases para un sistema digestivo equilibrado.<br \/>\nProbi\u00f3tico: Con bacterias vivas beneficiosas, el elemento probi\u00f3tico apoya el bienestar general al promover un ambiente intestinal saludable.<br \/>\nRefuerzo de vitamina C: Al mejorar el sistema inmunol\u00f3gico, el refuerzo de vitamina C contribuye a la resiliencia contra los factores estresantes ambientales.<br \/>\nSuplemento multivitam\u00ednico: la mezcla Super 6 incluye una amplia gama de vitaminas, lo que garantiza un enfoque hol\u00edstico de la nutrici\u00f3n para una salud y vitalidad \u00f3ptimas.<br \/>\nEnergy Booster: El componente de aumento de energ\u00eda en Super 6 proporciona el combustible necesario para un rendimiento sostenido durante las carreras y otras actividades de alta energ\u00eda.<br \/>\nElectrolitos y minerales: al mantener el equilibrio de electrolitos y minerales, este aspecto vital de la f\u00f3rmula respalda la hidrataci\u00f3n y la funci\u00f3n fisiol\u00f3gica general.<br \/>\nBeneficios clave<\/p>\n<p>Conveniente mezcla de suplementos seis en uno<br \/>\nNutre y promueve un intestino sano y un sistema digestivo equilibrado.<br \/>\nContribuye a la resiliencia frente a factores estresantes ambientales.<br \/>\nPromueve una salud y vitalidad \u00f3ptimas con una amplia gama de vitaminas.<br \/>\nAumenta la energ\u00eda para apoyar el rendimiento sostenido y las actividades de alta energ\u00eda.<br \/>\nApoya la hidrataci\u00f3n y la funci\u00f3n fisiol\u00f3gica general.<br \/>\nF\u00f3rmula f\u00e1cil de usar; \u00a1simplemente agr\u00e9guelo al agua!<br \/>\nDe fabricaci\u00f3n europea; importado<br \/>\nInstrucciones de uso<\/p>\n<p>Agregue una cucharada rasa (20 g) a 1\/2 gal\u00f3n. Suministrar 3 veces por semana.<\/p>\n<p>Nota: Vydex Super 6 contiene una alta concentraci\u00f3n de vitamina B, lo que puede darle al agua un ligero tinte amarillo.<\/p>\n<p>Ingredientes<\/p>\n<p>Vitaminas (A, D3, E, K, B1, B2, B6, B12, C. \u00c1cido f\u00f3lico, niacina, biotina, \u00e1cido pantot\u00e9nico, carnitina), oligoelementos (yodo, cobalto, molibdeno, hierro, cobre, manganeso), minerales (f\u00f3sforo, calcio), libre de amino\u00e1cidos (lisina, metionina), electrolitos (magnesio, potasio, sal), dextrosa, TSCD, NDF, maltodextrina<\/p>\n<p>Contiene cultivos de microorganismos, cuya pureza y eficacia han sido probadas.<\/p>\n","protected":false},"excerpt":{"rendered":"<p>ELEVA EL BIENESTAR DE TUS PALOMAS CON UN SUPLEMENTO INTEGRAL DISE\u00d1ADO PARA SATISFACER SUS DIVERSAS NECESIDADES NUTRICIONALES Super 6, una revolucionaria mezcla de suplementos seis en uno meticulosamente elaborada para elevar la salud y los niveles de energ\u00eda de las palomas. Su f\u00f3rmula es una soluci\u00f3n conveniente que agiliza el proceso de suplementaci\u00f3n al consolidar<\/p>\n<div class=\"klb-readmore button\"><a class=\"btn link\" href=\"https:\/\/klnpigeon.com\/index.php\/producto\/super6\/\">Read More <i class=\"klbth-icon-right-arrow\"><\/i><\/a><\/div>\n","protected":false},"featured_media":4906,"comment_status":"open","ping_status":"closed","template":"","meta":[],"product_cat":[15],"product_tag":[],"class_list":{"0":"post-4905","1":"product","2":"type-product","3":"status-publish","4":"has-post-thumbnail","6":"product_cat-sin-categorizar","8":"first","9":"instock","10":"shipping-taxable","11":"purchasable","12":"product-type-simple"},"jetpack_sharing_enabled":true,"_links":{"self":[{"href":"https:\/\/klnpigeon.com\/index.php\/wp-json\/wp\/v2\/product\/4905","targetHints":{"allow":["GET"]}}],"collection":[{"href":"https:\/\/klnpigeon.com\/index.php\/wp-json\/wp\/v2\/product"}],"about":[{"href":"https:\/\/klnpigeon.com\/index.php\/wp-json\/wp\/v2\/types\/product"}],"replies":[{"embeddable":true,"href":"https:\/\/klnpigeon.com\/index.php\/wp-json\/wp\/v2\/comments?post=4905"}],"wp:featuredmedia":[{"embeddable":true,"href":"https:\/\/klnpigeon.com\/index.php\/wp-json\/wp\/v2\/media\/4906"}],"wp:attachment":[{"href":"https:\/\/klnpigeon.com\/index.php\/wp-json\/wp\/v2\/media?parent=4905"}],"wp:term":[{"taxonomy":"product_cat","embeddable":true,"href":"https:\/\/klnpigeon.com\/index.php\/wp-json\/wp\/v2\/product_cat?post=4905"},{"taxonomy":"product_tag","embeddable":true,"href":"https:\/\/klnpigeon.com\/index.php\/wp-json\/wp\/v2\/product_tag?post=4905"}],"curies":[{"name":"wp","href":"https:\/\/api.w.org\/{rel}","templated":true}]}}