{"id":4870,"date":"2023-12-24T01:28:56","date_gmt":"2023-12-24T01:28:56","guid":{"rendered":"https:\/\/klnpigeon.com\/?post_type=product&#038;p=4870"},"modified":"2026-02-05T01:48:46","modified_gmt":"2026-02-05T01:48:46","slug":"rohnfried-pavifac-spezialbierhefe-700g","status":"publish","type":"product","link":"https:\/\/klnpigeon.com\/index.php\/producto\/rohnfried-pavifac-spezialbierhefe-700g\/","title":{"rendered":"Rohnfried Pavifac Spezialbierhefe 700g"},"content":{"rendered":"<p>Descripci\u00f3n<\/p>\n<p>Pacific, la levadura de cerveza especial, es un valioso producto natural. La levadura de cerveza contiene amino\u00e1cidos, minerales y oligoelementos, as\u00ed como vitaminas del complejo B, minerales en altas concentraciones. Los amino\u00e1cidos puros de la levadura facilitan la crianza de las palomas reci\u00e9n nacidas y favorecen un cambio \u00f3ptimo de plumaje. Las vitaminas y oligoelementos suministrados garantizan el desarrollo saludable de los animales j\u00f3venes en todas las etapas y mejoran el aprovechamiento del alimento.<\/p>\n<p>Recomendaci\u00f3n de alimentaci\u00f3n:<\/p>\n<p>2 cucharadas de Pavifac\u00ae por 1 kg de alimento ligeramente humedecido una o dos veces por semana; La grasa de oveja y or\u00e9gano R\u00f6hnfried es ideal como espesante.<\/p>\n","protected":false},"excerpt":{"rendered":"<p>Descripci\u00f3n Pacific, la levadura de cerveza especial, es un valioso producto natural. La levadura de cerveza contiene amino\u00e1cidos, minerales y oligoelementos, as\u00ed como vitaminas del complejo B, minerales en altas concentraciones. Los amino\u00e1cidos puros de la levadura facilitan la crianza de las palomas reci\u00e9n nacidas y favorecen un cambio \u00f3ptimo de plumaje. Las vitaminas y<\/p>\n<div class=\"klb-readmore button\"><a class=\"btn link\" href=\"https:\/\/klnpigeon.com\/index.php\/producto\/rohnfried-pavifac-spezialbierhefe-700g\/\">Read More <i class=\"klbth-icon-right-arrow\"><\/i><\/a><\/div>\n","protected":false},"featured_media":4871,"comment_status":"open","ping_status":"closed","template":"","meta":[],"product_cat":[15],"product_tag":[],"class_list":{"0":"post-4870","1":"product","2":"type-product","3":"status-publish","4":"has-post-thumbnail","6":"product_cat-sin-categorizar","8":"first","9":"outofstock","10":"shipping-taxable","11":"purchasable","12":"product-type-simple"},"jetpack_sharing_enabled":true,"_links":{"self":[{"href":"https:\/\/klnpigeon.com\/index.php\/wp-json\/wp\/v2\/product\/4870","targetHints":{"allow":["GET"]}}],"collection":[{"href":"https:\/\/klnpigeon.com\/index.php\/wp-json\/wp\/v2\/product"}],"about":[{"href":"https:\/\/klnpigeon.com\/index.php\/wp-json\/wp\/v2\/types\/product"}],"replies":[{"embeddable":true,"href":"https:\/\/klnpigeon.com\/index.php\/wp-json\/wp\/v2\/comments?post=4870"}],"wp:featuredmedia":[{"embeddable":true,"href":"https:\/\/klnpigeon.com\/index.php\/wp-json\/wp\/v2\/media\/4871"}],"wp:attachment":[{"href":"https:\/\/klnpigeon.com\/index.php\/wp-json\/wp\/v2\/media?parent=4870"}],"wp:term":[{"taxonomy":"product_cat","embeddable":true,"href":"https:\/\/klnpigeon.com\/index.php\/wp-json\/wp\/v2\/product_cat?post=4870"},{"taxonomy":"product_tag","embeddable":true,"href":"https:\/\/klnpigeon.com\/index.php\/wp-json\/wp\/v2\/product_tag?post=4870"}],"curies":[{"name":"wp","href":"https:\/\/api.w.org\/{rel}","templated":true}]}}