{"id":4868,"date":"2023-12-24T01:23:07","date_gmt":"2023-12-24T01:23:07","guid":{"rendered":"https:\/\/klnpigeon.com\/?post_type=product&#038;p=4868"},"modified":"2023-12-24T01:23:07","modified_gmt":"2023-12-24T01:23:07","slug":"rohnfried-unegano-500ml-oregano","status":"publish","type":"product","link":"https:\/\/klnpigeon.com\/index.php\/producto\/rohnfried-unegano-500ml-oregano\/","title":{"rendered":"Rohnfried UneGano 500ml Oregano"},"content":{"rendered":"<p>Descripci\u00f3n<\/p>\n<p>UsneGano<\/p>\n<p>UsneGano se compone de tintura de musgo de barba Usnea barbata y or\u00e9gano con los ingredientes naturales \u00e1cido \u00fasnico, carvacrol y timol. El significado de estos ingredientes se conoce por la literatura.<\/p>\n<p>Recomendaciones de alimentaci\u00f3n<\/p>\n<p>Recomendaci\u00f3n de alimentaci\u00f3n: Palomas: Para favorecer la digesti\u00f3n diariamente, en caso contrario 2 a 3 veces por semana. 3 ml \/ 1 litro de agua de bebida. UsneGano tambi\u00e9n se puede administrar con Avidress Plus, Carni-Speed y\/o Blitzform y administrarse mezclados en una bebida. Ratones, cr\u00eda, cr\u00eda: 2-3 veces por semana Palomas mensajeras: 1-2 d\u00edas despu\u00e9s del vuelo.2 d\u00edas antes de la competici\u00f3n. \u00a1No se lo alimentes a los gatos!<\/p>\n","protected":false},"excerpt":{"rendered":"<p>Descripci\u00f3n UsneGano UsneGano se compone de tintura de musgo de barba Usnea barbata y or\u00e9gano con los ingredientes naturales \u00e1cido \u00fasnico, carvacrol y timol. El significado de estos ingredientes se conoce por la literatura. Recomendaciones de alimentaci\u00f3n Recomendaci\u00f3n de alimentaci\u00f3n: Palomas: Para favorecer la digesti\u00f3n diariamente, en caso contrario 2 a 3 veces por semana.<\/p>\n<div class=\"klb-readmore button\"><a class=\"btn link\" href=\"https:\/\/klnpigeon.com\/index.php\/producto\/rohnfried-unegano-500ml-oregano\/\">Read More <i class=\"klbth-icon-right-arrow\"><\/i><\/a><\/div>\n","protected":false},"featured_media":4869,"comment_status":"open","ping_status":"closed","template":"","meta":[],"product_cat":[15],"product_tag":[],"class_list":{"0":"post-4868","1":"product","2":"type-product","3":"status-publish","4":"has-post-thumbnail","6":"product_cat-sin-categorizar","8":"first","9":"instock","10":"shipping-taxable","11":"purchasable","12":"product-type-simple"},"jetpack_sharing_enabled":true,"_links":{"self":[{"href":"https:\/\/klnpigeon.com\/index.php\/wp-json\/wp\/v2\/product\/4868","targetHints":{"allow":["GET"]}}],"collection":[{"href":"https:\/\/klnpigeon.com\/index.php\/wp-json\/wp\/v2\/product"}],"about":[{"href":"https:\/\/klnpigeon.com\/index.php\/wp-json\/wp\/v2\/types\/product"}],"replies":[{"embeddable":true,"href":"https:\/\/klnpigeon.com\/index.php\/wp-json\/wp\/v2\/comments?post=4868"}],"wp:featuredmedia":[{"embeddable":true,"href":"https:\/\/klnpigeon.com\/index.php\/wp-json\/wp\/v2\/media\/4869"}],"wp:attachment":[{"href":"https:\/\/klnpigeon.com\/index.php\/wp-json\/wp\/v2\/media?parent=4868"}],"wp:term":[{"taxonomy":"product_cat","embeddable":true,"href":"https:\/\/klnpigeon.com\/index.php\/wp-json\/wp\/v2\/product_cat?post=4868"},{"taxonomy":"product_tag","embeddable":true,"href":"https:\/\/klnpigeon.com\/index.php\/wp-json\/wp\/v2\/product_tag?post=4868"}],"curies":[{"name":"wp","href":"https:\/\/api.w.org\/{rel}","templated":true}]}}