{"id":4866,"date":"2023-12-24T01:12:52","date_gmt":"2023-12-24T01:12:52","guid":{"rendered":"https:\/\/klnpigeon.com\/?post_type=product&#038;p=4866"},"modified":"2024-11-14T20:49:14","modified_gmt":"2024-11-14T20:49:14","slug":"cest-magic-for-excellent-all-year-health","status":"publish","type":"product","link":"https:\/\/klnpigeon.com\/index.php\/producto\/cest-magic-for-excellent-all-year-health\/","title":{"rendered":"Cest Magic &#8211; for Excellent All-Year Health"},"content":{"rendered":"<p>Descripci\u00f3n<br \/>\nUNA COMBINACI\u00d3N DE \u00c1CIDOS GRASOS DE CADENA CORTA Y MEDIA QUE PROPORCIONAN UNA FUERTE ACCI\u00d3N ANTIMICROBIANA<\/p>\n<p>Magic es la \u00faltima incorporaci\u00f3n de Cest Pharma a su arsenal de excelentes y eficaces suplementos para palomas. Al utilizar una combinaci\u00f3n patentada de \u00e1cidos grasos de cadena corta y media que proporcionan una fuerte acci\u00f3n antimicrobiana en el intestino, Magic apoya la integridad de la pared intestinal y estimula la ingesta de alimentos. Utilice Magic durante todo el a\u00f1o para garantizar una excelente salud, especialmente en situaciones de estr\u00e9s: competiciones, cr\u00eda, muda, problemas intestinales, s\u00edndrome de enfermedades de los p\u00e1jaros j\u00f3venes, vacunaciones, transporte, altas temperaturas y humedad.<\/p>\n<p>Beneficios clave<\/p>\n<p>apoya una excelente salud intestinal mediante el uso de \u00e1cidos grasos esterificados<br \/>\nmejora la inmunidad general de su ave ayudando a prevenir infecciones intestinales y la enfermedad de las aves j\u00f3venes<br \/>\nExcelente para usar durante situaciones estresantes como competiciones, cr\u00eda, muda, vacunas, transporte y temperaturas extremas.<br \/>\nEl l\u00edquido es sabroso y f\u00e1cil de mezclar en agua potable.<br \/>\nProbado en palomas mensajeras antes de lanzarlo al p\u00fablico.<br \/>\nformulado por aficionados a las palomas<br \/>\nProducto de calidad fabricado en Europa.<br \/>\nimportado<br \/>\nIngredientes<\/p>\n<p>Sales de \u00e1cidos grasos procedentes de fermentaci\u00f3n, propilenglicol.<\/p>\n<p>Instrucciones de uso<\/p>\n<p>Uso general: Mezclar de 1 ml a 2 ml en 1 L (33,8 fl oz) de agua potable durante 5 a 7 d\u00edas consecutivos o<\/p>\n<p>Carreras: 4 ml en 1 L (33,8 fl oz) de agua potable, 2 a 3 d\u00edas antes de la carrera. Repita cuando sea necesario.<\/p>\n","protected":false},"excerpt":{"rendered":"<p>Descripci\u00f3n UNA COMBINACI\u00d3N DE \u00c1CIDOS GRASOS DE CADENA CORTA Y MEDIA QUE PROPORCIONAN UNA FUERTE ACCI\u00d3N ANTIMICROBIANA Magic es la \u00faltima incorporaci\u00f3n de Cest Pharma a su arsenal de excelentes y eficaces suplementos para palomas. Al utilizar una combinaci\u00f3n patentada de \u00e1cidos grasos de cadena corta y media que proporcionan una fuerte acci\u00f3n antimicrobiana en<\/p>\n<div class=\"klb-readmore button\"><a class=\"btn link\" href=\"https:\/\/klnpigeon.com\/index.php\/producto\/cest-magic-for-excellent-all-year-health\/\">Read More <i class=\"klbth-icon-right-arrow\"><\/i><\/a><\/div>\n","protected":false},"featured_media":4867,"comment_status":"open","ping_status":"closed","template":"","meta":[],"product_cat":[15],"product_tag":[],"class_list":{"0":"post-4866","1":"product","2":"type-product","3":"status-publish","4":"has-post-thumbnail","6":"product_cat-sin-categorizar","8":"first","9":"instock","10":"shipping-taxable","11":"purchasable","12":"product-type-simple"},"jetpack_sharing_enabled":true,"_links":{"self":[{"href":"https:\/\/klnpigeon.com\/index.php\/wp-json\/wp\/v2\/product\/4866","targetHints":{"allow":["GET"]}}],"collection":[{"href":"https:\/\/klnpigeon.com\/index.php\/wp-json\/wp\/v2\/product"}],"about":[{"href":"https:\/\/klnpigeon.com\/index.php\/wp-json\/wp\/v2\/types\/product"}],"replies":[{"embeddable":true,"href":"https:\/\/klnpigeon.com\/index.php\/wp-json\/wp\/v2\/comments?post=4866"}],"wp:featuredmedia":[{"embeddable":true,"href":"https:\/\/klnpigeon.com\/index.php\/wp-json\/wp\/v2\/media\/4867"}],"wp:attachment":[{"href":"https:\/\/klnpigeon.com\/index.php\/wp-json\/wp\/v2\/media?parent=4866"}],"wp:term":[{"taxonomy":"product_cat","embeddable":true,"href":"https:\/\/klnpigeon.com\/index.php\/wp-json\/wp\/v2\/product_cat?post=4866"},{"taxonomy":"product_tag","embeddable":true,"href":"https:\/\/klnpigeon.com\/index.php\/wp-json\/wp\/v2\/product_tag?post=4866"}],"curies":[{"name":"wp","href":"https:\/\/api.w.org\/{rel}","templated":true}]}}