{"id":4864,"date":"2023-12-24T01:07:28","date_gmt":"2023-12-24T01:07:28","guid":{"rendered":"https:\/\/klnpigeon.com\/?post_type=product&#038;p=4864"},"modified":"2026-03-24T16:42:46","modified_gmt":"2026-03-24T16:42:46","slug":"bcs-clinee-tril-500ml","status":"publish","type":"product","link":"https:\/\/klnpigeon.com\/index.php\/producto\/bcs-clinee-tril-500ml\/","title":{"rendered":"BCS Clinee-tril 500ml"},"content":{"rendered":"<p>CLINEE-TRIL:<\/p>\n<p>Restaurado, disuelto en agua, el equilibrio biol\u00f3gico en el tracto intestinal y digestivo.<\/p>\n<p>Da a tus palomas m\u00e1s condici\u00f3n y forma, lo que significa, entre otras cosas, resultados de la VUELA mejorado enormemente<\/p>\n<p>Y menos p\u00e9rdidas en el desv\u00e1n de palomas j\u00f3venes. Las palomas se vuelven mucho m\u00e1s animadas.<\/p>\n<p>Da un hermoso esti\u00e9rcol en unos pocos d\u00edas, no m\u00e1s rociados nidados.<\/p>\n<p>Promueve la fertilidad de tus palomas y tiene un efecto purificador.<\/p>\n<p>Promueve una muy buena muda y da un brillo notablemente m\u00e1s suave.<\/p>\n<p>Desarrolla una resistencia adicional a varias malas influencias desde el exterior.<\/p>\n<p>Dosis:<\/p>\n<p>Dar 2 ml. CLINEE-TRIL en un litro de agua potable, una vez a la semana.<\/p>\n<p>Clinee-Tril tambi\u00e9n se puede administrar como cura, varios d\u00edas seguidos, y<\/p>\n<p>Se puede usar durante todo el a\u00f1o. As\u00ed que tambi\u00e9n durante el per\u00edodo de muda.<\/p>\n<p>Para contrarrestar el temido problema de las palomas; abrazar a los j\u00f3venes y<\/p>\n<p>Dar una cantidad doble en el agua potable durante 4 a 5 d\u00edas<\/p>\n<p>Y una sola cantidad sobre el alimento (1 kg.).<\/p>\n<p>A\u00f1adiendo algunas vitaminas adicionales el sexto d\u00eda.<\/p>\n","protected":false},"excerpt":{"rendered":"<p>CLINEE-TRIL: Restaurado, disuelto en agua, el equilibrio biol\u00f3gico en el tracto intestinal y digestivo. Da a tus palomas m\u00e1s condici\u00f3n y forma, lo que significa, entre otras cosas, resultados de la VUELA mejorado enormemente Y menos p\u00e9rdidas en el desv\u00e1n de palomas j\u00f3venes. Las palomas se vuelven mucho m\u00e1s animadas. Da un hermoso esti\u00e9rcol en<\/p>\n<div class=\"klb-readmore button\"><a class=\"btn link\" href=\"https:\/\/klnpigeon.com\/index.php\/producto\/bcs-clinee-tril-500ml\/\">Read More <i class=\"klbth-icon-right-arrow\"><\/i><\/a><\/div>\n","protected":false},"featured_media":4865,"comment_status":"open","ping_status":"closed","template":"","meta":[],"product_cat":[15],"product_tag":[],"class_list":{"0":"post-4864","1":"product","2":"type-product","3":"status-publish","4":"has-post-thumbnail","6":"product_cat-sin-categorizar","8":"first","9":"outofstock","10":"shipping-taxable","11":"purchasable","12":"product-type-simple"},"jetpack_sharing_enabled":true,"_links":{"self":[{"href":"https:\/\/klnpigeon.com\/index.php\/wp-json\/wp\/v2\/product\/4864","targetHints":{"allow":["GET"]}}],"collection":[{"href":"https:\/\/klnpigeon.com\/index.php\/wp-json\/wp\/v2\/product"}],"about":[{"href":"https:\/\/klnpigeon.com\/index.php\/wp-json\/wp\/v2\/types\/product"}],"replies":[{"embeddable":true,"href":"https:\/\/klnpigeon.com\/index.php\/wp-json\/wp\/v2\/comments?post=4864"}],"wp:featuredmedia":[{"embeddable":true,"href":"https:\/\/klnpigeon.com\/index.php\/wp-json\/wp\/v2\/media\/4865"}],"wp:attachment":[{"href":"https:\/\/klnpigeon.com\/index.php\/wp-json\/wp\/v2\/media?parent=4864"}],"wp:term":[{"taxonomy":"product_cat","embeddable":true,"href":"https:\/\/klnpigeon.com\/index.php\/wp-json\/wp\/v2\/product_cat?post=4864"},{"taxonomy":"product_tag","embeddable":true,"href":"https:\/\/klnpigeon.com\/index.php\/wp-json\/wp\/v2\/product_tag?post=4864"}],"curies":[{"name":"wp","href":"https:\/\/api.w.org\/{rel}","templated":true}]}}