{"id":4859,"date":"2023-12-24T00:53:39","date_gmt":"2023-12-24T00:53:39","guid":{"rendered":"https:\/\/klnpigeon.com\/?post_type=product&#038;p=4859"},"modified":"2026-03-24T16:43:40","modified_gmt":"2026-03-24T16:43:40","slug":"cest-energy-plus-essential-carbohydrates","status":"publish","type":"product","link":"https:\/\/klnpigeon.com\/index.php\/producto\/cest-energy-plus-essential-carbohydrates\/","title":{"rendered":"Cest Energy Plus &#8211; Essential Carbohydrates"},"content":{"rendered":"<p>PROPORCIONA ENERG\u00cdA SUSTANCIAL PARA DISTANCIAS CORTAS Y LARGAS<\/p>\n<p>Energy Plus de Cest Pharma es el suplemento energ\u00e9tico definitivo para palomas que contiene carbohidratos que, con su r\u00e1pida y lenta absorci\u00f3n, proporcionan energ\u00eda sustancial a corto y largo plazo. Energy Plus tambi\u00e9n ha a\u00f1adido vitamina C, que es un potente antioxidante que elimina la fatiga y favorece la regeneraci\u00f3n de los tejidos. Su tercer y cuarto ingrediente clave son el MSM (un producto antiinflamatorio natural) y los probi\u00f3ticos\/prebi\u00f3ticos que ayudan a regenerar la flora intestinal.<\/p>\n<p>Ingredientes<\/p>\n<p>Maltodextrina, fructosa, glucosa, carbohidratos esenciales, vitamina C, MSM, calsporina<br \/>\nVALOR NUTRICIONAL: Hidratos de Carbono 92,30%, Vitamina C.<\/p>\n<p>COMPONENTES ANALITICOS: Humedad 4,70%, Ceniza 0,40%<\/p>\n<p>Dosificaci\u00f3n y administraci\u00f3n<\/p>\n<p>10 g (2 cucharaditas) por 1 litro de agua potable al llegar de las carreras, despu\u00e9s de un entrenamiento intensivo y 1-3 d\u00edas antes del enceste (dependiendo de la distancia).<br \/>\n\u200b<\/p>\n","protected":false},"excerpt":{"rendered":"<p>PROPORCIONA ENERG\u00cdA SUSTANCIAL PARA DISTANCIAS CORTAS Y LARGAS Energy Plus de Cest Pharma es el suplemento energ\u00e9tico definitivo para palomas que contiene carbohidratos que, con su r\u00e1pida y lenta absorci\u00f3n, proporcionan energ\u00eda sustancial a corto y largo plazo. Energy Plus tambi\u00e9n ha a\u00f1adido vitamina C, que es un potente antioxidante que elimina la fatiga y<\/p>\n<div class=\"klb-readmore button\"><a class=\"btn link\" href=\"https:\/\/klnpigeon.com\/index.php\/producto\/cest-energy-plus-essential-carbohydrates\/\">Read More <i class=\"klbth-icon-right-arrow\"><\/i><\/a><\/div>\n","protected":false},"featured_media":4860,"comment_status":"open","ping_status":"closed","template":"","meta":[],"product_cat":[15],"product_tag":[],"class_list":{"0":"post-4859","1":"product","2":"type-product","3":"status-publish","4":"has-post-thumbnail","6":"product_cat-sin-categorizar","8":"first","9":"instock","10":"shipping-taxable","11":"purchasable","12":"product-type-simple"},"jetpack_sharing_enabled":true,"_links":{"self":[{"href":"https:\/\/klnpigeon.com\/index.php\/wp-json\/wp\/v2\/product\/4859","targetHints":{"allow":["GET"]}}],"collection":[{"href":"https:\/\/klnpigeon.com\/index.php\/wp-json\/wp\/v2\/product"}],"about":[{"href":"https:\/\/klnpigeon.com\/index.php\/wp-json\/wp\/v2\/types\/product"}],"replies":[{"embeddable":true,"href":"https:\/\/klnpigeon.com\/index.php\/wp-json\/wp\/v2\/comments?post=4859"}],"wp:featuredmedia":[{"embeddable":true,"href":"https:\/\/klnpigeon.com\/index.php\/wp-json\/wp\/v2\/media\/4860"}],"wp:attachment":[{"href":"https:\/\/klnpigeon.com\/index.php\/wp-json\/wp\/v2\/media?parent=4859"}],"wp:term":[{"taxonomy":"product_cat","embeddable":true,"href":"https:\/\/klnpigeon.com\/index.php\/wp-json\/wp\/v2\/product_cat?post=4859"},{"taxonomy":"product_tag","embeddable":true,"href":"https:\/\/klnpigeon.com\/index.php\/wp-json\/wp\/v2\/product_tag?post=4859"}],"curies":[{"name":"wp","href":"https:\/\/api.w.org\/{rel}","templated":true}]}}