{"id":4835,"date":"2023-09-29T16:40:23","date_gmt":"2023-09-29T16:40:23","guid":{"rendered":"https:\/\/klnpigeon.com\/?post_type=product&#038;p=4835"},"modified":"2026-02-19T18:41:44","modified_gmt":"2026-02-19T18:41:44","slug":"super-power-jet","status":"publish","type":"product","link":"https:\/\/klnpigeon.com\/index.php\/producto\/super-power-jet\/","title":{"rendered":"super power jet"},"content":{"rendered":"<p>Jet superpoderoso global. La f\u00f3rmula de carreras para palomas m\u00e1s potente jam\u00e1s producida. Este producto promueve el desarrollo muscular magro y aumenta la fuerza. Aumenta la energ\u00eda disponible para la resistencia y la resistencia. Megacarga de energ\u00eda a trav\u00e9s de la saturaci\u00f3n de flycogen muscular. Reduce la inflamaci\u00f3n muscular que se produce al correr. Promueve una r\u00e1pida recuperaci\u00f3n y contiene agentes anticatab\u00f3licos para combatir el da\u00f1o muscular. Optimiza la utilizaci\u00f3n de grasas y contiene electrolitos para combatir los efectos adversos de la deshidrataci\u00f3n. Se recomienda administrar Powerjet sobre el alimento, pero tambi\u00e9n se puede administrar en el agua de bebida. Direcciones del Power Jet: Agua: 2 cucharadas por 1 gal\u00f3n de agua Alimento: 2 cucharadas por 3 libras. de grano Arriba es por aprox. 40-50 palomas ajustan la dosis seg\u00fan sea necesario. Ingredientes: Vit A, D3, B1, B2, B6, B12, C, E, \u00e1cido nicot\u00ednico, \u00e1cido f\u00f3lico, \u00e1cido pantot\u00e9nico, K3, K3 Menadion, creatina, caritina, \u00e1cido asc\u00f3rbico, \u00e1cido c\u00edtrico, dextrosa, amino\u00e1cidos, electrolitos, oligoelementos. . Tama\u00f1o del envase: 650 gramos.<\/p>\n","protected":false},"excerpt":{"rendered":"<p>Jet superpoderoso global. La f\u00f3rmula de carreras para palomas m\u00e1s potente jam\u00e1s producida. Este producto promueve el desarrollo muscular magro y aumenta la fuerza. Aumenta la energ\u00eda disponible para la resistencia y la resistencia. Megacarga de energ\u00eda a trav\u00e9s de la saturaci\u00f3n de flycogen muscular. Reduce la inflamaci\u00f3n muscular que se produce al correr. Promueve<\/p>\n<div class=\"klb-readmore button\"><a class=\"btn link\" href=\"https:\/\/klnpigeon.com\/index.php\/producto\/super-power-jet\/\">Read More <i class=\"klbth-icon-right-arrow\"><\/i><\/a><\/div>\n","protected":false},"featured_media":4836,"comment_status":"open","ping_status":"closed","template":"","meta":[],"product_cat":[15],"product_tag":[],"class_list":{"0":"post-4835","1":"product","2":"type-product","3":"status-publish","4":"has-post-thumbnail","6":"product_cat-sin-categorizar","8":"first","9":"instock","10":"shipping-taxable","11":"purchasable","12":"product-type-simple"},"jetpack_sharing_enabled":true,"_links":{"self":[{"href":"https:\/\/klnpigeon.com\/index.php\/wp-json\/wp\/v2\/product\/4835","targetHints":{"allow":["GET"]}}],"collection":[{"href":"https:\/\/klnpigeon.com\/index.php\/wp-json\/wp\/v2\/product"}],"about":[{"href":"https:\/\/klnpigeon.com\/index.php\/wp-json\/wp\/v2\/types\/product"}],"replies":[{"embeddable":true,"href":"https:\/\/klnpigeon.com\/index.php\/wp-json\/wp\/v2\/comments?post=4835"}],"wp:featuredmedia":[{"embeddable":true,"href":"https:\/\/klnpigeon.com\/index.php\/wp-json\/wp\/v2\/media\/4836"}],"wp:attachment":[{"href":"https:\/\/klnpigeon.com\/index.php\/wp-json\/wp\/v2\/media?parent=4835"}],"wp:term":[{"taxonomy":"product_cat","embeddable":true,"href":"https:\/\/klnpigeon.com\/index.php\/wp-json\/wp\/v2\/product_cat?post=4835"},{"taxonomy":"product_tag","embeddable":true,"href":"https:\/\/klnpigeon.com\/index.php\/wp-json\/wp\/v2\/product_tag?post=4835"}],"curies":[{"name":"wp","href":"https:\/\/api.w.org\/{rel}","templated":true}]}}