{"id":4816,"date":"2023-08-30T14:01:16","date_gmt":"2023-08-30T14:01:16","guid":{"rendered":"https:\/\/klnpigeon.com\/?post_type=product&#038;p=4816"},"modified":"2023-08-30T14:01:16","modified_gmt":"2023-08-30T14:01:16","slug":"final-sprint","status":"publish","type":"product","link":"https:\/\/klnpigeon.com\/index.php\/producto\/final-sprint\/","title":{"rendered":"FINAL SPRINT"},"content":{"rendered":"<h3>PHP Final Sprint, una formulaci\u00f3n, cient\u00edficamente desarrollada para aumentar la velocidad y resistencia en vuelos de corta distancia.<\/h3>\n<p>INDICACIONES:<br \/>\n&#8211; Aumenta la velocidad<br \/>\n&#8211; Mejora la resistencia<br \/>\n&#8211; Retrasa la aparici\u00f3n de la fatiga<br \/>\n&#8211; Mejora el metabolismo de las grasas en energ\u00eda<br \/>\n&#8211; De efecto muy r\u00e1pido.<\/p>\n<p>MODO DE EMPLEO:<br \/>\n&#8211; Final Sprint es un producto indicado \u00fanicamente para pruebas de velocidad (corta distancia). NO administrar para pruebas de larga distancia porque puede tener efectos negativos en el rendimiento<br \/>\n&#8211; Se trata de un producto con efecto muy r\u00e1pido, por lo que debe darse justo antes del enceste.<br \/>\n&#8211; Justo despu\u00e9s de comer, retirar el agua durante 30 minutos; despu\u00e9s, administrar Final Sprint en el agua de beber durante 1 hora y a continuaci\u00f3n retirar y poner agua limpia.<\/p>\n<h3><strong>Final Sprint, super energ\u00e9tico de efecto inmediato, espec\u00edficamente desarrollado para pruebas de velocidad<\/strong><\/h3>\n","protected":false},"excerpt":{"rendered":"<p>PHP Final Sprint, una formulaci\u00f3n, cient\u00edficamente desarrollada para aumentar la velocidad y resistencia en vuelos de corta distancia. INDICACIONES: &#8211; Aumenta la velocidad &#8211; Mejora la resistencia &#8211; Retrasa la aparici\u00f3n de la fatiga &#8211; Mejora el metabolismo de las grasas en energ\u00eda &#8211; De efecto muy r\u00e1pido. MODO DE EMPLEO: &#8211; Final Sprint es<\/p>\n<div class=\"klb-readmore button\"><a class=\"btn link\" href=\"https:\/\/klnpigeon.com\/index.php\/producto\/final-sprint\/\">Read More <i class=\"klbth-icon-right-arrow\"><\/i><\/a><\/div>\n","protected":false},"featured_media":4817,"comment_status":"open","ping_status":"closed","template":"","meta":[],"product_cat":[15],"product_tag":[],"class_list":{"0":"post-4816","1":"product","2":"type-product","3":"status-publish","4":"has-post-thumbnail","6":"product_cat-sin-categorizar","8":"first","9":"instock","10":"shipping-taxable","11":"purchasable","12":"product-type-simple"},"jetpack_sharing_enabled":true,"_links":{"self":[{"href":"https:\/\/klnpigeon.com\/index.php\/wp-json\/wp\/v2\/product\/4816","targetHints":{"allow":["GET"]}}],"collection":[{"href":"https:\/\/klnpigeon.com\/index.php\/wp-json\/wp\/v2\/product"}],"about":[{"href":"https:\/\/klnpigeon.com\/index.php\/wp-json\/wp\/v2\/types\/product"}],"replies":[{"embeddable":true,"href":"https:\/\/klnpigeon.com\/index.php\/wp-json\/wp\/v2\/comments?post=4816"}],"wp:featuredmedia":[{"embeddable":true,"href":"https:\/\/klnpigeon.com\/index.php\/wp-json\/wp\/v2\/media\/4817"}],"wp:attachment":[{"href":"https:\/\/klnpigeon.com\/index.php\/wp-json\/wp\/v2\/media?parent=4816"}],"wp:term":[{"taxonomy":"product_cat","embeddable":true,"href":"https:\/\/klnpigeon.com\/index.php\/wp-json\/wp\/v2\/product_cat?post=4816"},{"taxonomy":"product_tag","embeddable":true,"href":"https:\/\/klnpigeon.com\/index.php\/wp-json\/wp\/v2\/product_tag?post=4816"}],"curies":[{"name":"wp","href":"https:\/\/api.w.org\/{rel}","templated":true}]}}