{"id":4779,"date":"2023-08-05T00:41:59","date_gmt":"2023-08-05T00:41:59","guid":{"rendered":"https:\/\/klnpigeon.com\/?post_type=product&#038;p=4779"},"modified":"2026-01-06T20:31:31","modified_gmt":"2026-01-06T20:31:31","slug":"vitminpro-powder-1kg","status":"publish","type":"product","link":"https:\/\/klnpigeon.com\/index.php\/producto\/vitminpro-powder-1kg\/","title":{"rendered":"VITMINPRO POWDER (1KG)"},"content":{"rendered":"<p>Descripci\u00f3n del Producto<\/p>\n<p>Multivitaminas completas\/Minerales\/Electrolito\/Amino\u00e1cidos\/Probi\u00f3ticos<\/p>\n<p>potenciador de la salud<br \/>\npotenciador de la inmunidad<br \/>\nPotenciador antiestr\u00e9s<br \/>\npotenciador de la digesti\u00f3n<br \/>\npotenciador del crecimiento<\/p>\n<p>Aplicable a todos los animales.<br \/>\nPolvo soluble en agua (WSP) VitMin PRO<\/p>\n<p>Formulaci\u00f3n:<\/p>\n<p>Vitamina A (acetato de retinilo) 495.000 UI<br \/>\nVitamina B1 (clorhidrato de tiamina)247,50 mg<br \/>\nVitamina B2 (Riboflavina)371,25 mg<br \/>\nVitamina B3 (Niacina)1.113,75 mg<br \/>\nVitamina B5 (pantotenato de calcio) 309,75 mg<br \/>\nVitamina B6 (Clorhidrato de Piridoxina) 62,25 mg<br \/>\nVitamina B9 (\u00c1cido f\u00f3lico) 62,25 mg<br \/>\nVitamina B12 (cianocobalamina) 622,50 mcg<br \/>\nVitamina C (\u00c1cido asc\u00f3rbico)1.547,25 mg<br \/>\nVitamina D3 (colecalciferol) 74.250 UI<br \/>\nVitamina E (acetato de tocoferilo) 495 UI<br \/>\nVitamina K3 (bisulfito s\u00f3dico de menadiona) 3,75 mg<br \/>\nSulfato de cobalto 62,25 mg<br \/>\nSulfato de Cobre77.25 mg<br \/>\nSulfato ferroso773,25 mg<br \/>\nYodo (yoduro de potasio) 123,75 mg<br \/>\nEstearato de magnesio 928,50 mg<br \/>\nSulfato de manganeso 541,50 mg<br \/>\n\u00d3xido de zinc1.237,50 mg<br \/>\nSelenio (selenita de sodio) 33,75 mg<br \/>\nSulfato de potasio 656,25 mg<br \/>\nCitrato de sodio6 mg<br \/>\nL-Lisina1,125 mg<br \/>\nDL-Metionina1,125 mg<br \/>\nProbi\u00f3ticos28,125 mg<br \/>\nLactobacillus Acidophilus, Lactobacillus Casei, Lactobacillus Plantarum, Lactobacillus Sporogenes, Bacillus Subtilis, Bacillus Licheniformis, Pediococcus Acidilactici y Saccharomyces Boulardii<br \/>\nAnuncio de dextrosa anhidra<br \/>\nDOSIFICACI\u00d3N Y ADMINISTRACI\u00d3N:<\/p>\n<p>Para mantenimiento<br \/>\n(Condiciones clim\u00e1ticas y temperatura normales)<\/p>\n<p>Mezcle una cucharadita (5g) en un gal\u00f3n (4L) de agua y administre tres veces por semana.<\/p>\n","protected":false},"excerpt":{"rendered":"<p>Descripci\u00f3n del Producto Multivitaminas completas\/Minerales\/Electrolito\/Amino\u00e1cidos\/Probi\u00f3ticos potenciador de la salud potenciador de la inmunidad Potenciador antiestr\u00e9s potenciador de la digesti\u00f3n potenciador del crecimiento Aplicable a todos los animales. Polvo soluble en agua (WSP) VitMin PRO Formulaci\u00f3n: Vitamina A (acetato de retinilo) 495.000 UI Vitamina B1 (clorhidrato de tiamina)247,50 mg Vitamina B2 (Riboflavina)371,25 mg Vitamina B3 (Niacina)1.113,75<\/p>\n<div class=\"klb-readmore button\"><a class=\"btn link\" href=\"https:\/\/klnpigeon.com\/index.php\/producto\/vitminpro-powder-1kg\/\">Read More <i class=\"klbth-icon-right-arrow\"><\/i><\/a><\/div>\n","protected":false},"featured_media":4780,"comment_status":"open","ping_status":"closed","template":"","meta":[],"product_cat":[15],"product_tag":[],"class_list":{"0":"post-4779","1":"product","2":"type-product","3":"status-publish","4":"has-post-thumbnail","6":"product_cat-sin-categorizar","8":"first","9":"instock","10":"shipping-taxable","11":"purchasable","12":"product-type-simple"},"jetpack_sharing_enabled":true,"_links":{"self":[{"href":"https:\/\/klnpigeon.com\/index.php\/wp-json\/wp\/v2\/product\/4779","targetHints":{"allow":["GET"]}}],"collection":[{"href":"https:\/\/klnpigeon.com\/index.php\/wp-json\/wp\/v2\/product"}],"about":[{"href":"https:\/\/klnpigeon.com\/index.php\/wp-json\/wp\/v2\/types\/product"}],"replies":[{"embeddable":true,"href":"https:\/\/klnpigeon.com\/index.php\/wp-json\/wp\/v2\/comments?post=4779"}],"wp:featuredmedia":[{"embeddable":true,"href":"https:\/\/klnpigeon.com\/index.php\/wp-json\/wp\/v2\/media\/4780"}],"wp:attachment":[{"href":"https:\/\/klnpigeon.com\/index.php\/wp-json\/wp\/v2\/media?parent=4779"}],"wp:term":[{"taxonomy":"product_cat","embeddable":true,"href":"https:\/\/klnpigeon.com\/index.php\/wp-json\/wp\/v2\/product_cat?post=4779"},{"taxonomy":"product_tag","embeddable":true,"href":"https:\/\/klnpigeon.com\/index.php\/wp-json\/wp\/v2\/product_tag?post=4779"}],"curies":[{"name":"wp","href":"https:\/\/api.w.org\/{rel}","templated":true}]}}