{"id":4661,"date":"2023-08-01T00:11:08","date_gmt":"2023-08-01T00:11:08","guid":{"rendered":"https:\/\/klnpigeon.com\/?post_type=product&#038;p=4661"},"modified":"2026-03-24T16:44:38","modified_gmt":"2026-03-24T16:44:38","slug":"oropharma-digestal-florastimul-300-g","status":"publish","type":"product","link":"https:\/\/klnpigeon.com\/index.php\/producto\/oropharma-digestal-florastimul-300-g\/","title":{"rendered":"Oropharma Digestal + Florastimul 300 g"},"content":{"rendered":"<p><b>Presentacion de producto<\/b><a name=\"Productvoorstelling\"><\/a><\/p>\n<p>Pienso complementario para palomas.\u00a0Oropharma Digestal es un acondicionador intestinal con probi\u00f3ticos.\u00a0Este suplemento diet\u00e9tico restaura la funci\u00f3n de la flora intestinal natural e inhibe el crecimiento de bacterias pat\u00f3genas.\u00a0Hay bacterias en el tracto digestivo de la paloma que son esenciales para una buena digesti\u00f3n.\u00a0Estas buenas bacterias predominan en una paloma sana.\u00a0Sin embargo, si predominan las bacterias pat\u00f3genas, la paloma tendr\u00e1 excrementos acuosos que provocar\u00e1n una p\u00e9rdida de grandes cantidades de l\u00edquidos y electrolitos.\u00a0La administraci\u00f3n de antibi\u00f3ticos mata tanto las bacterias buenas como las pat\u00f3genas.\u00a0Digestal sirve como alimento para la buena flora intestinal (probi\u00f3ticos) y tambi\u00e9n asegurar\u00e1 que las bacterias pat\u00f3genas ya no puedan adherirse a la pared intestinal para que la flora intestinal natural pueda recuperarse.<\/p>\n<p><strong>Instrucciones de uso<\/strong><\/p>\n<p><strong>1 medida de\u00a0<b>Digestal<\/b>\u00a0por kg de pienso.\u00a0Humedezca el pienso con antelaci\u00f3n, p. ej., con\u00a0<b>Oropharma Ferti-Oil<\/b>\u00a0o\u00a0<b>Oropharma Form-Oil-in-1<\/b>\u00a0.<br \/>\n<\/strong><\/p>\n<ul>\n<li>En todos los casos de diarrea acuosa (por ejemplo, enfermedad de los j\u00f3venes).<\/li>\n<li>En j\u00f3venes: preventivamente de dos a tres veces por semana desde el destete.<\/li>\n<li>A la llegada a casa despu\u00e9s de la carrera: durante 2 d\u00edas.<\/li>\n<\/ul>\n<p><strong>Preparar fresco todos los d\u00edas.<\/strong><\/p>\n","protected":false},"excerpt":{"rendered":"<p>Presentacion de producto Pienso complementario para palomas.\u00a0Oropharma Digestal es un acondicionador intestinal con probi\u00f3ticos.\u00a0Este suplemento diet\u00e9tico restaura la funci\u00f3n de la flora intestinal natural e inhibe el crecimiento de bacterias pat\u00f3genas.\u00a0Hay bacterias en el tracto digestivo de la paloma que son esenciales para una buena digesti\u00f3n.\u00a0Estas buenas bacterias predominan en una paloma sana.\u00a0Sin embargo, si<\/p>\n<div class=\"klb-readmore button\"><a class=\"btn link\" href=\"https:\/\/klnpigeon.com\/index.php\/producto\/oropharma-digestal-florastimul-300-g\/\">Read More <i class=\"klbth-icon-right-arrow\"><\/i><\/a><\/div>\n","protected":false},"featured_media":4662,"comment_status":"open","ping_status":"closed","template":"","meta":[],"product_cat":[214],"product_tag":[],"class_list":{"0":"post-4661","1":"product","2":"type-product","3":"status-publish","4":"has-post-thumbnail","6":"product_cat-oropharma","8":"first","9":"outofstock","10":"shipping-taxable","11":"purchasable","12":"product-type-simple"},"jetpack_sharing_enabled":true,"_links":{"self":[{"href":"https:\/\/klnpigeon.com\/index.php\/wp-json\/wp\/v2\/product\/4661","targetHints":{"allow":["GET"]}}],"collection":[{"href":"https:\/\/klnpigeon.com\/index.php\/wp-json\/wp\/v2\/product"}],"about":[{"href":"https:\/\/klnpigeon.com\/index.php\/wp-json\/wp\/v2\/types\/product"}],"replies":[{"embeddable":true,"href":"https:\/\/klnpigeon.com\/index.php\/wp-json\/wp\/v2\/comments?post=4661"}],"wp:featuredmedia":[{"embeddable":true,"href":"https:\/\/klnpigeon.com\/index.php\/wp-json\/wp\/v2\/media\/4662"}],"wp:attachment":[{"href":"https:\/\/klnpigeon.com\/index.php\/wp-json\/wp\/v2\/media?parent=4661"}],"wp:term":[{"taxonomy":"product_cat","embeddable":true,"href":"https:\/\/klnpigeon.com\/index.php\/wp-json\/wp\/v2\/product_cat?post=4661"},{"taxonomy":"product_tag","embeddable":true,"href":"https:\/\/klnpigeon.com\/index.php\/wp-json\/wp\/v2\/product_tag?post=4661"}],"curies":[{"name":"wp","href":"https:\/\/api.w.org\/{rel}","templated":true}]}}