{"id":4656,"date":"2023-08-01T00:06:54","date_gmt":"2023-08-01T00:06:54","guid":{"rendered":"https:\/\/klnpigeon.com\/?post_type=product&#038;p=4656"},"modified":"2026-04-23T02:48:47","modified_gmt":"2026-04-23T02:48:47","slug":"vet-schroeder-tollisan-kombi-mix-100-g","status":"publish","type":"product","link":"https:\/\/klnpigeon.com\/index.php\/producto\/vet-schroeder-tollisan-kombi-mix-100-g\/","title":{"rendered":"Vet-Schroeder Tollisan Kombi Mix 100 g"},"content":{"rendered":"<div class=\"fusion-text\">\n<p><strong>100 gramos<\/strong><\/p>\n<p>Hace m\u00e1s de 30 a\u00f1os que vengo trabajando en el problema de la enfermedad que afecta a los pichones y este fue uno de los motivos que me llev\u00f3 a convertirme en propietario de una empresa de palomas mensajeras.<\/p>\n<p>Durante a\u00f1os, he estado leyendo todos los art\u00edculos y estudios cient\u00edficos sobre la enfermedad de las aves j\u00f3venes.\u00a0\u00a0De hecho, muchos de estos art\u00edculos fueron escritos por profesionales, pero la mayor\u00eda no eran m\u00e1s que cuentos de hadas, tan t\u00edpicos de las carreras de palomas.<\/p>\n<p>Hoy en d\u00eda, estoy seguro de una cosa:<br \/>\n<em>\u201cEn el caso de la aparici\u00f3n de enfermedades en los j\u00f3venes, solo una combinaci\u00f3n de mezclas ayudar\u00e1 en las complicaciones que acompa\u00f1an a la enfermedad\u201d.<\/em><\/p>\n<ul>\n<li>En principio, siempre estamos tratando con g\u00e9rmenes de E.Coli ya que son el origen de lo que empezamos a conocer debido a la enfermedad de los beb\u00e9s peque\u00f1os.<\/li>\n<li>Siempre hay tricomonas\/hexamitas en la mezcla, a veces m\u00e1s, a veces menos.<\/li>\n<li>En el 70% de los casos se encontraron infecciones por hongos, que son peores que la E.Coli y las tricomonas y que pueden desencadenar la enfermedad de los j\u00f3venes.\u00a0\u00a0Los gr\u00e1nulos, la paja o incluso algunos alimentos pueden ser el medio de desarrollo de los hongos.<\/li>\n<\/ul>\n<p>En el caso de un brote de la enfermedad de los beb\u00e9s, se recomienda\u00a0una cura con una combinaci\u00f3n de\u00a0<u>Adeno-Coli-Mix<\/u>\u00a0\u00a0+\u00a0\u00a0<u>polvo TKK<\/u>\u00a0\u00a0+\u00a0\u00a0<u>Hongos<\/u>\u00a0\u00a0(+\u00a0\u00a0<u>Matrix ).\u00a0<\/u>De esta manera, todos los problemas mencionados anteriormente se detienen.\u00a0Trat\u00e9 a mis palomas de esta manera y sin efectos secundarios.\u00a0Por supuesto, es importante agregar Med.\u00a0Tollyamin Forte en el agua cuando lo tratamos as\u00ed, pero creemos que todos los colomb\u00f3filos han o\u00eddo hablar de las ventajas de Tollyamin.<\/p>\n<p>En los \u00faltimos a\u00f1os, tambi\u00e9n me un\u00ed a Matrix.<\/p>\n<p>\u00bfPor qu\u00e9?<\/p>\n<p>Porque Matrix (amoxicilina\/\u00e1cido clavul\u00e1nico) es la mejor combinaci\u00f3n para palomas contra E.Coli!!!<br \/>\nTambi\u00e9n funciona muy bien contra estreptococos y estafilococos y es bien tolerado por el cuerpo.<\/p>\n<p>Hace unos a\u00f1os, durante la temporada deportiva, tuve problemas con mis palomas adultas.\u00a0\u00a0Ten\u00edan los mismos s\u00edntomas que la enfermedad de los beb\u00e9s.\u00a0\u00a0Los trat\u00e9 durante la semana con esta mezcla y los resultados fueron contundentes: \u00ab\u00a1Los 10 primeros premios de la clasificaci\u00f3n!\u00bb.\u00a0\u00a0Desde entonces, trato a mis palomas con esta mezcla cada dos semanas, de 2 a 3 d\u00edas (lunes + martes + mi\u00e9rcoles), durante toda la temporada deportiva.\u00a0\u00a0No hay mejor forma de tender!!<\/p>\n<blockquote><p><strong><u><em>\u00a1Dosificaci\u00f3n del combi-mix hecho por nosotros con los diferentes productos<\/em>\u00a0\u00a0!\u00a0\u00a0<em>Dosis<\/em><\/u><u>\u00a0\u00a0:<\/u><\/strong><\/p>\n<p><strong>Adeno-Coli-Mix 5g + TKK\u00a0\u00a0<em><u>polvo<\/u><\/em>\u00a0\u00a0\u00a05g + Fungi 5g + Matrix 5g + Med.\u00a0Tollyamin Forte 45ml + Dosto RopAdeno 45ml\u00a0\u00a0en 3 litros de agua<\/strong><\/p><\/blockquote>\n<blockquote><p><strong><u>\u00a1Mezcla combinada<\/u><\/strong><u>\u00a0\u00a0\u00a0en un tubo de 100 g &#8216;listo para usar&#8217;!\u00a0\u00a0<\/u><em>Dosis<\/em><u>\u00a0\u00a0:<\/u><\/p>\n<p><strong>Combinaci\u00f3n-mezcla 5g + Matrix 5g + Med.\u00a0Tollyamin Forte 30ml + Dosto RopAdeno 30ml\u00a0\u00a0en 2 litros de agua<\/strong><\/p><\/blockquote>\n<p>Decide si quieres unirte o no a Matrix.\u00a0\u00a0El efecto se mejora si se a\u00f1ade.\u00a0\u00a0En casos severos de E.Coli, se debe agregar Matrix.\u00a0\u00a0Medicina.\u00a0Tollyamin es casi obligatorio durante el tratamiento.\u00a0\u00a0A\u00f1adir el RostoAdeno Dosto es f\u00e1cil de explicar: El agua se vuelve m\u00e1s fluida y el producto\/polvo se disuelve mejor.\u00a0\u00a0Un truco simple, pero brillante y con gran efecto.\u00a0\u00a0Cr\u00e9ame, he estado trabajando en esto por m\u00e1s de 30 a\u00f1os, hice muchas pruebas y ahora es su turno de hacerlo.<\/p>\n<\/div>\n<div class=\"fusion-title title fusion-title-1 fusion-title-text fusion-title-size-two\">\n<h2 class=\"title-heading-left fusion-responsive-typography-calculated\" data-fontsize=\"18\" data-lineheight=\"27px\">Dosis<\/h2>\n<\/div>\n<div class=\"fusion-text\">\n<p><strong>Preventivo durante la temporada de carreras 2-3 d\u00edas cada 2 semanas:<br \/>\n<\/strong>5g Kombi-Mix (1 cuchara) en 3 litros de agua potable &#8211; o &#8211;<br \/>\n5g Kombi-Mix (1 cuchara) + 5g Matrix (1 sobre) en 3 litros de agua potable agua<\/p>\n<p><strong><em>Al agregar Matrix (amoxicilina-clavul\u00e1n), \u00a1el efecto aumenta significativamente!<\/em><\/strong><\/p>\n<p><strong>En caso de enfermedad de las aves j\u00f3venes o de las aves viejas:<br \/>\n<\/strong><em>5 g de Kombi-Mix (1 cuchara) + 5 g de Matrix (1 sobre) en 2 litros de agua potable<\/em><\/p>\n<p><em><strong>Siempre agregue Med.\u00a0Tollyamin Forte.\u00a0\u00a0Esto hace que las curas sean absolutamente compatibles y sin efectos secundarios para las palomas.<\/strong><\/em><\/p>\n<\/div>\n<div class=\"fusion-title title fusion-title-2 fusion-title-text fusion-title-size-two\">\n<h2 class=\"title-heading-left fusion-responsive-typography-calculated\" data-fontsize=\"18\" data-lineheight=\"27px\">Componentes<\/h2>\n<\/div>\n<div class=\"fusion-text\">\n<p>Adeno-Coli-Mix, TKK Polvo y Hongos<\/p>\n<\/div>\n","protected":false},"excerpt":{"rendered":"<p>100 gramos Hace m\u00e1s de 30 a\u00f1os que vengo trabajando en el problema de la enfermedad que afecta a los pichones y este fue uno de los motivos que me llev\u00f3 a convertirme en propietario de una empresa de palomas mensajeras. Durante a\u00f1os, he estado leyendo todos los art\u00edculos y estudios cient\u00edficos sobre la enfermedad<\/p>\n<div class=\"klb-readmore button\"><a class=\"btn link\" href=\"https:\/\/klnpigeon.com\/index.php\/producto\/vet-schroeder-tollisan-kombi-mix-100-g\/\">Read More <i class=\"klbth-icon-right-arrow\"><\/i><\/a><\/div>\n","protected":false},"featured_media":4641,"comment_status":"open","ping_status":"closed","template":"","meta":[],"product_cat":[208],"product_tag":[],"class_list":{"0":"post-4656","1":"product","2":"type-product","3":"status-publish","4":"has-post-thumbnail","6":"product_cat-vet-schroeder-tollisan","8":"first","9":"outofstock","10":"shipping-taxable","11":"purchasable","12":"product-type-simple"},"jetpack_sharing_enabled":true,"_links":{"self":[{"href":"https:\/\/klnpigeon.com\/index.php\/wp-json\/wp\/v2\/product\/4656","targetHints":{"allow":["GET"]}}],"collection":[{"href":"https:\/\/klnpigeon.com\/index.php\/wp-json\/wp\/v2\/product"}],"about":[{"href":"https:\/\/klnpigeon.com\/index.php\/wp-json\/wp\/v2\/types\/product"}],"replies":[{"embeddable":true,"href":"https:\/\/klnpigeon.com\/index.php\/wp-json\/wp\/v2\/comments?post=4656"}],"wp:featuredmedia":[{"embeddable":true,"href":"https:\/\/klnpigeon.com\/index.php\/wp-json\/wp\/v2\/media\/4641"}],"wp:attachment":[{"href":"https:\/\/klnpigeon.com\/index.php\/wp-json\/wp\/v2\/media?parent=4656"}],"wp:term":[{"taxonomy":"product_cat","embeddable":true,"href":"https:\/\/klnpigeon.com\/index.php\/wp-json\/wp\/v2\/product_cat?post=4656"},{"taxonomy":"product_tag","embeddable":true,"href":"https:\/\/klnpigeon.com\/index.php\/wp-json\/wp\/v2\/product_tag?post=4656"}],"curies":[{"name":"wp","href":"https:\/\/api.w.org\/{rel}","templated":true}]}}