{"id":4654,"date":"2023-08-01T00:05:24","date_gmt":"2023-08-01T00:05:24","guid":{"rendered":"https:\/\/klnpigeon.com\/?post_type=product&#038;p=4654"},"modified":"2025-04-01T17:55:04","modified_gmt":"2025-04-01T17:55:04","slug":"vet-schroeder-tollisan-tollisol-plus-1-l","status":"publish","type":"product","link":"https:\/\/klnpigeon.com\/index.php\/producto\/vet-schroeder-tollisan-tollisol-plus-1-l\/","title":{"rendered":"Vet-Schroeder Tollisan Tollisol Plus 1 L"},"content":{"rendered":"<p><strong>1000ml<\/strong><\/p>\n<p>La aplicaci\u00f3n se recomienda para alta producci\u00f3n o gran tensi\u00f3n en el aumento del rendimiento de carreras, durante las competiciones o durante la muda.<\/p>\n<p>Notas para el viaje, muda, crianza:<br \/>\nUso = 10ml por litro de agua de bebida por d\u00eda.\u00a0La soluci\u00f3n debe renovarse diariamente.<\/p>\n<p><strong>Ingredientes<\/strong><\/p>\n<p>Composici\u00f3n:<br \/>\nSorbitol 70%* \u2013 Sorbitol (E420): 546g\/l, Cloruro de sodio y sulfato de magnesio, Agua csp<br \/>\n* = L\u00edquido no cristalizable, es decir D-glucitol: 468g.<\/p>\n<p>Aditivos:<br \/>\n(Vitaminas, provitaminas), vitamina B12 \u2013 cianocobalamina: 20mg\/l (vitaminas, provitaminas), vitamina B2 \u2013 riboflavina-5\u2032- DL-metionina \u2013 Metionina: 10g\/l (amino\u00e1cidos, sus sales y an\u00e1logos), s\u00f3rbico \u00e1cido (E200) y \u00e1cido c\u00edtrico (E330) (conservantes)<\/p>\n<p>Componentes anal\u00edticos:<br \/>\nProte\u00edna bruta 4,6%, aceites y grasas brutos 0,14%, ceniza bruta 0,2%, fibra bruta 0,5%, humedad 45%, sodio 0,03%, magnesio 0,01%, azufre 0,2%, lisina 0%, metionina 0,83%<\/p>\n","protected":false},"excerpt":{"rendered":"<p>1000ml La aplicaci\u00f3n se recomienda para alta producci\u00f3n o gran tensi\u00f3n en el aumento del rendimiento de carreras, durante las competiciones o durante la muda. Notas para el viaje, muda, crianza: Uso = 10ml por litro de agua de bebida por d\u00eda.\u00a0La soluci\u00f3n debe renovarse diariamente. Ingredientes Composici\u00f3n: Sorbitol 70%* \u2013 Sorbitol (E420): 546g\/l, Cloruro<\/p>\n<div class=\"klb-readmore button\"><a class=\"btn link\" href=\"https:\/\/klnpigeon.com\/index.php\/producto\/vet-schroeder-tollisan-tollisol-plus-1-l\/\">Read More <i class=\"klbth-icon-right-arrow\"><\/i><\/a><\/div>\n","protected":false},"featured_media":4639,"comment_status":"open","ping_status":"closed","template":"","meta":[],"product_cat":[208],"product_tag":[],"class_list":{"0":"post-4654","1":"product","2":"type-product","3":"status-publish","4":"has-post-thumbnail","6":"product_cat-vet-schroeder-tollisan","8":"first","9":"instock","10":"sale","11":"shipping-taxable","12":"purchasable","13":"product-type-simple"},"jetpack_sharing_enabled":true,"_links":{"self":[{"href":"https:\/\/klnpigeon.com\/index.php\/wp-json\/wp\/v2\/product\/4654","targetHints":{"allow":["GET"]}}],"collection":[{"href":"https:\/\/klnpigeon.com\/index.php\/wp-json\/wp\/v2\/product"}],"about":[{"href":"https:\/\/klnpigeon.com\/index.php\/wp-json\/wp\/v2\/types\/product"}],"replies":[{"embeddable":true,"href":"https:\/\/klnpigeon.com\/index.php\/wp-json\/wp\/v2\/comments?post=4654"}],"wp:featuredmedia":[{"embeddable":true,"href":"https:\/\/klnpigeon.com\/index.php\/wp-json\/wp\/v2\/media\/4639"}],"wp:attachment":[{"href":"https:\/\/klnpigeon.com\/index.php\/wp-json\/wp\/v2\/media?parent=4654"}],"wp:term":[{"taxonomy":"product_cat","embeddable":true,"href":"https:\/\/klnpigeon.com\/index.php\/wp-json\/wp\/v2\/product_cat?post=4654"},{"taxonomy":"product_tag","embeddable":true,"href":"https:\/\/klnpigeon.com\/index.php\/wp-json\/wp\/v2\/product_tag?post=4654"}],"curies":[{"name":"wp","href":"https:\/\/api.w.org\/{rel}","templated":true}]}}