{"id":4647,"date":"2023-08-01T00:01:21","date_gmt":"2023-08-01T00:01:21","guid":{"rendered":"https:\/\/klnpigeon.com\/?post_type=product&#038;p=4647"},"modified":"2025-12-30T01:14:03","modified_gmt":"2025-12-30T01:14:03","slug":"dosto-oregano-en-polvo-12-200g","status":"publish","type":"product","link":"https:\/\/klnpigeon.com\/index.php\/producto\/dosto-oregano-en-polvo-12-200g\/","title":{"rendered":"Dosto Or\u00e9gano en Polvo 12%&#8211;200g"},"content":{"rendered":"<h3 class=\"fusion-woocommerce-tab-title fusion-responsive-typography-calculated\" data-fontsize=\"18\" data-lineheight=\"27px\">Descripci\u00f3n<\/h3>\n<div class=\"fusion-fullwidth fullwidth-box fusion-builder-row-1 nonhundred-percent-fullwidth non-hundred-percent-height-scrolling\">\n<div class=\"fusion-builder-row fusion-row \">\n<div class=\"fusion-layout-column fusion_builder_column fusion_builder_column_1_1 fusion-builder-column-0 fusion-one-full fusion-column-first fusion-column-last 1_1\">\n<div class=\"fusion-column-wrapper\" data-bg-url=\"\">\n<div class=\"fusion-text\">\n<p class=\"fusion-responsive-typography-calculated\" data-fontsize=\"18\" data-lineheight=\"27px\">\u00a1\u00a1\u00a1NUEVO!!!\u00a0\u00a1Dosto-Or\u00e9gano con una mayor concentraci\u00f3n de ingredientes activos y aceites esenciales para unas v\u00edas respiratorias saludables!<\/p>\n<p><b>Dosto Or\u00e9gano en Polvo 12%<\/b><\/p>\n<p>Atenci\u00f3n espec\u00edfica se aplica al nuevo\u00a0<strong>Dosto-Or\u00e9gano en Polvo 12%<\/strong>\u00a0.\u00a0No solo por la mayor concentraci\u00f3n y los nuevos aceites esenciales para las v\u00edas respiratorias, sino porque se le ha agregado un aroma especial, que tiene un efecto especial contra los g\u00e9rmenes de E.Coli y, por lo tanto, puede producir un buen efecto preventivo para el S\u00edndrome de la Paloma Joven.\u00a0Fuimos los pioneros de un aceite de Dosto-Oregano cualitativo en el deporte de las palomas mensajeras, seguimos siendo los pioneros de las nuevas innovaciones de Dosto-Oregano.<\/p>\n<p>Compare nuestras concentraciones y vol\u00famenes de ingredientes activos un d\u00eda, as\u00ed como nuestra informaci\u00f3n de dosificaci\u00f3n con otros proveedores de or\u00e9gano.\u00a0Se sorprender\u00e1 de lo bien que nos desempe\u00f1amos en cuanto a premios.\u00a0Sin embargo, el precio no debe decidirse en \u00faltima instancia por su decisi\u00f3n de compra, sino m\u00e1s bien nuestra\u00a0<strong>calidad de Dosto-Oregano<\/strong>\u00a0.<\/p>\n<h2 class=\"title-heading-left fusion-responsive-typography-calculated\" data-fontsize=\"18\" data-lineheight=\"27px\">Dosis<\/h2>\n<p>5 g por 1 kg de alimento para animales (1 cuchara dosificadora recubierta)<\/p>\n<h2 class=\"title-heading-left fusion-responsive-typography-calculated\" data-fontsize=\"18\" data-lineheight=\"27px\">Ingredientes<\/h2>\n<p><strong>Componentes Anal\u00edticos:<\/strong><br \/>\nCeniza bruta &#8230;&#8230;&#8230;&#8230;&#8230;&#8230;&#8230;.12,6%<\/p>\n<\/div>\n<div class=\"fusion-text\">prote\u00edna cruda &#8230;&#8230;&#8230;&#8230;&#8230;..8,0%r<\/div>\n<div class=\"fusion-text\">aw grasa &#8230;&#8230;&#8230;&#8230;&#8230;&#8230;&#8230;&#8230;..1,0%r<\/div>\n<div class=\"fusion-text\">aw fibra &#8230;&#8230;&#8230;&#8230;&#8230;&#8230;&#8230;..0,6%<\/div>\n<div class=\"fusion-text\">sodio &#8230;&#8230;&#8230;&#8230;&#8230;&#8230;&#8230;&#8230;&#8230;0,47%<\/div>\n<div class=\"fusion-text\">lisina &#8230;&#8230;&#8230;&#8230;&#8230;&#8230;&#8230;&#8230;&#8230;&#8230;&#8230;.0,18%<\/div>\n<div class=\"fusion-text\">metionina &#8230;&#8230;&#8230;&#8230;&#8230;&#8230;.0,13%<\/div>\n<div class=\"fusion-text\">Cenizas insolubles en HCI&#8230;&#8230;&#8230;. 6,6%<\/div>\n<div class=\"fusion-text\">\n<p>&nbsp;<\/p>\n<p><strong>Composici\u00f3n:<\/strong><br \/>\nHarina de trigo, cloruro de sodio, cloruro de potasio<\/p>\n<p>Aditivos sensoriales por kg:<br \/>\nMezcla de aromas naturales 120.000mg (12%)<\/p>\n<h2 class=\"title-heading-left fusion-responsive-typography-calculated\" data-fontsize=\"18\" data-lineheight=\"27px\">notas<\/h2>\n<p>Cerrar inmediatamente despu\u00e9s de su uso (p\u00e9rdida de aroma).<br \/>\nMantener seco y fresco, pero no almacenar por debajo de 10\u00b0C.<\/p>\n<\/div>\n<\/div>\n<\/div>\n<\/div>\n<\/div>\n","protected":false},"excerpt":{"rendered":"<p>Descripci\u00f3n \u00a1\u00a1\u00a1NUEVO!!!\u00a0\u00a1Dosto-Or\u00e9gano con una mayor concentraci\u00f3n de ingredientes activos y aceites esenciales para unas v\u00edas respiratorias saludables! Dosto Or\u00e9gano en Polvo 12% Atenci\u00f3n espec\u00edfica se aplica al nuevo\u00a0Dosto-Or\u00e9gano en Polvo 12%\u00a0.\u00a0No solo por la mayor concentraci\u00f3n y los nuevos aceites esenciales para las v\u00edas respiratorias, sino porque se le ha agregado un aroma especial, que<\/p>\n<div class=\"klb-readmore button\"><a class=\"btn link\" href=\"https:\/\/klnpigeon.com\/index.php\/producto\/dosto-oregano-en-polvo-12-200g\/\">Read More <i class=\"klbth-icon-right-arrow\"><\/i><\/a><\/div>\n","protected":false},"featured_media":4633,"comment_status":"open","ping_status":"closed","template":"","meta":[],"product_cat":[212],"product_tag":[],"class_list":{"0":"post-4647","1":"product","2":"type-product","3":"status-publish","4":"has-post-thumbnail","6":"product_cat-dostofarm","8":"first","9":"outofstock","10":"shipping-taxable","11":"purchasable","12":"product-type-simple"},"jetpack_sharing_enabled":true,"_links":{"self":[{"href":"https:\/\/klnpigeon.com\/index.php\/wp-json\/wp\/v2\/product\/4647","targetHints":{"allow":["GET"]}}],"collection":[{"href":"https:\/\/klnpigeon.com\/index.php\/wp-json\/wp\/v2\/product"}],"about":[{"href":"https:\/\/klnpigeon.com\/index.php\/wp-json\/wp\/v2\/types\/product"}],"replies":[{"embeddable":true,"href":"https:\/\/klnpigeon.com\/index.php\/wp-json\/wp\/v2\/comments?post=4647"}],"wp:featuredmedia":[{"embeddable":true,"href":"https:\/\/klnpigeon.com\/index.php\/wp-json\/wp\/v2\/media\/4633"}],"wp:attachment":[{"href":"https:\/\/klnpigeon.com\/index.php\/wp-json\/wp\/v2\/media?parent=4647"}],"wp:term":[{"taxonomy":"product_cat","embeddable":true,"href":"https:\/\/klnpigeon.com\/index.php\/wp-json\/wp\/v2\/product_cat?post=4647"},{"taxonomy":"product_tag","embeddable":true,"href":"https:\/\/klnpigeon.com\/index.php\/wp-json\/wp\/v2\/product_tag?post=4647"}],"curies":[{"name":"wp","href":"https:\/\/api.w.org\/{rel}","templated":true}]}}