{"id":4646,"date":"2023-07-31T23:58:40","date_gmt":"2023-07-31T23:58:40","guid":{"rendered":"https:\/\/klnpigeon.com\/?post_type=product&#038;p=4646"},"modified":"2024-07-29T19:58:13","modified_gmt":"2024-07-29T19:58:13","slug":"dac-ronistatina-100g","status":"publish","type":"product","link":"https:\/\/klnpigeon.com\/index.php\/producto\/dac-ronistatina-100g\/","title":{"rendered":"Dac Ronistatina 100g"},"content":{"rendered":"<p>Dac Ronistatin, tratamiento combinado contra la Tricomoniasis (Cancro) y las infecciones por hongos.\u00a0Para palomas y p\u00e1jaros<\/p>\n<p>INDICACIONES Dac Ronistatin :<br \/>\nTratamiento y prevenci\u00f3n de:<br \/>\n&#8211; Tricomoniasis<br \/>\n&#8211; Candidiasis<br \/>\n&#8211; Moniliasis<br \/>\n&#8211; Aspergilosis<\/p>\n<p>COMPOSICI\u00d3N Dac Ronistatin :<br \/>\n&#8211; Ronidazol<br \/>\n&#8211; Nistatina<\/p>\n<p>MODO DE EMPLEO Dac Ronistatin :<br \/>\n&#8211; 5 gr de producto por litro de agua, dos veces al d\u00eda durante 5-7 d\u00edas consecutivos .<\/p>\n<p>ENVASE:\u00a0\u00a0100gr<\/p>\n","protected":false},"excerpt":{"rendered":"<p>Dac Ronistatin, tratamiento combinado contra la Tricomoniasis (Cancro) y las infecciones por hongos.\u00a0Para palomas y p\u00e1jaros INDICACIONES Dac Ronistatin : Tratamiento y prevenci\u00f3n de: &#8211; Tricomoniasis &#8211; Candidiasis &#8211; Moniliasis &#8211; Aspergilosis COMPOSICI\u00d3N Dac Ronistatin : &#8211; Ronidazol &#8211; Nistatina MODO DE EMPLEO Dac Ronistatin : &#8211; 5 gr de producto por litro de agua,<\/p>\n<div class=\"klb-readmore button\"><a class=\"btn link\" href=\"https:\/\/klnpigeon.com\/index.php\/producto\/dac-ronistatina-100g\/\">Read More <i class=\"klbth-icon-right-arrow\"><\/i><\/a><\/div>\n","protected":false},"featured_media":4632,"comment_status":"open","ping_status":"closed","template":"","meta":[],"product_cat":[211],"product_tag":[],"class_list":{"0":"post-4646","1":"product","2":"type-product","3":"status-publish","4":"has-post-thumbnail","6":"product_cat-dac-pharma","8":"first","9":"outofstock","10":"shipping-taxable","11":"purchasable","12":"product-type-simple"},"jetpack_sharing_enabled":true,"_links":{"self":[{"href":"https:\/\/klnpigeon.com\/index.php\/wp-json\/wp\/v2\/product\/4646","targetHints":{"allow":["GET"]}}],"collection":[{"href":"https:\/\/klnpigeon.com\/index.php\/wp-json\/wp\/v2\/product"}],"about":[{"href":"https:\/\/klnpigeon.com\/index.php\/wp-json\/wp\/v2\/types\/product"}],"replies":[{"embeddable":true,"href":"https:\/\/klnpigeon.com\/index.php\/wp-json\/wp\/v2\/comments?post=4646"}],"wp:featuredmedia":[{"embeddable":true,"href":"https:\/\/klnpigeon.com\/index.php\/wp-json\/wp\/v2\/media\/4632"}],"wp:attachment":[{"href":"https:\/\/klnpigeon.com\/index.php\/wp-json\/wp\/v2\/media?parent=4646"}],"wp:term":[{"taxonomy":"product_cat","embeddable":true,"href":"https:\/\/klnpigeon.com\/index.php\/wp-json\/wp\/v2\/product_cat?post=4646"},{"taxonomy":"product_tag","embeddable":true,"href":"https:\/\/klnpigeon.com\/index.php\/wp-json\/wp\/v2\/product_tag?post=4646"}],"curies":[{"name":"wp","href":"https:\/\/api.w.org\/{rel}","templated":true}]}}