{"id":4644,"date":"2023-07-31T23:58:09","date_gmt":"2023-07-31T23:58:09","guid":{"rendered":"https:\/\/klnpigeon.com\/?post_type=product&#038;p=4644"},"modified":"2024-05-27T01:52:31","modified_gmt":"2024-05-27T01:52:31","slug":"dac-tabletas-defensoras-5-en-1-50-tabletas","status":"publish","type":"product","link":"https:\/\/klnpigeon.com\/index.php\/producto\/dac-tabletas-defensoras-5-en-1-50-tabletas\/","title":{"rendered":"Dac Tabletas Defensoras 5 en 1 50 tabletas"},"content":{"rendered":"<p><strong>INDICACIONES:<\/strong><br \/>\n&#8211; Ticomoniasis<br \/>\n&#8211; Hexamitiasis<br \/>\n&#8211; Salmonelosis (paratifoidea)<br \/>\n&#8211; E-coli<br \/>\n&#8211; Otras infecciones intestinales<\/p>\n<p><strong>COMPOSICI\u00d3N:<\/strong><br \/>\n&#8211; Trimetoprim 2,5%<br \/>\n&#8211; Sulfadiazina S\u00f3dica 12,5%<br \/>\n&#8211; Sepsinol 5,0%<br \/>\n&#8211; Ronidazol 8,0%<br \/>\n&#8211; Clor-tetra -ciclina HCL 8,0%<\/p>\n<p><strong>MODO DE EMPLEO:<\/strong><br \/>\nPuede ser utilizado como preventivo o tratamiento en caso de enfermedades de las aves.<\/p>\n<p><strong>Preventivo:<\/strong><br \/>\n&#8211; 1 comprimido por paloma durante 1 \u00f3 2 d\u00edas cada 2 semanas, preferiblemente a partir del d\u00eda siguiente a la carrera o exposici\u00f3n del espect\u00e1culo.<\/p>\n<p><strong>Tratamiento:<\/strong><br \/>\n&#8211; 1 comprimido por paloma durante 5-7 d\u00edas consecutivos.\u00a0Esta cura puede repetirse si es necesario despu\u00e9s de unos d\u00edas de probi\u00f3ticos.<\/p>\n<h4>Muy importante: durante el tratamiento y la semana siguiente (en caso de enfermedad), aplicar un probi\u00f3tico, para regenerar la flora intestinal<\/h4>\n","protected":false},"excerpt":{"rendered":"<p>INDICACIONES: &#8211; Ticomoniasis &#8211; Hexamitiasis &#8211; Salmonelosis (paratifoidea) &#8211; E-coli &#8211; Otras infecciones intestinales COMPOSICI\u00d3N: &#8211; Trimetoprim 2,5% &#8211; Sulfadiazina S\u00f3dica 12,5% &#8211; Sepsinol 5,0% &#8211; Ronidazol 8,0% &#8211; Clor-tetra -ciclina HCL 8,0% MODO DE EMPLEO: Puede ser utilizado como preventivo o tratamiento en caso de enfermedades de las aves. Preventivo: &#8211; 1 comprimido por<\/p>\n<div class=\"klb-readmore button\"><a class=\"btn link\" href=\"https:\/\/klnpigeon.com\/index.php\/producto\/dac-tabletas-defensoras-5-en-1-50-tabletas\/\">Read More <i class=\"klbth-icon-right-arrow\"><\/i><\/a><\/div>\n","protected":false},"featured_media":4631,"comment_status":"open","ping_status":"closed","template":"","meta":[],"product_cat":[211],"product_tag":[],"class_list":{"0":"post-4644","1":"product","2":"type-product","3":"status-publish","4":"has-post-thumbnail","6":"product_cat-dac-pharma","8":"first","9":"outofstock","10":"shipping-taxable","11":"purchasable","12":"product-type-simple"},"jetpack_sharing_enabled":true,"_links":{"self":[{"href":"https:\/\/klnpigeon.com\/index.php\/wp-json\/wp\/v2\/product\/4644","targetHints":{"allow":["GET"]}}],"collection":[{"href":"https:\/\/klnpigeon.com\/index.php\/wp-json\/wp\/v2\/product"}],"about":[{"href":"https:\/\/klnpigeon.com\/index.php\/wp-json\/wp\/v2\/types\/product"}],"replies":[{"embeddable":true,"href":"https:\/\/klnpigeon.com\/index.php\/wp-json\/wp\/v2\/comments?post=4644"}],"wp:featuredmedia":[{"embeddable":true,"href":"https:\/\/klnpigeon.com\/index.php\/wp-json\/wp\/v2\/media\/4631"}],"wp:attachment":[{"href":"https:\/\/klnpigeon.com\/index.php\/wp-json\/wp\/v2\/media?parent=4644"}],"wp:term":[{"taxonomy":"product_cat","embeddable":true,"href":"https:\/\/klnpigeon.com\/index.php\/wp-json\/wp\/v2\/product_cat?post=4644"},{"taxonomy":"product_tag","embeddable":true,"href":"https:\/\/klnpigeon.com\/index.php\/wp-json\/wp\/v2\/product_tag?post=4644"}],"curies":[{"name":"wp","href":"https:\/\/api.w.org\/{rel}","templated":true}]}}