{"id":4628,"date":"2023-07-31T23:44:47","date_gmt":"2023-07-31T23:44:47","guid":{"rendered":"https:\/\/klnpigeon.com\/?post_type=product&#038;p=4628"},"modified":"2024-12-14T15:46:41","modified_gmt":"2024-12-14T15:46:41","slug":"dac-defending-mix-5-en-1-polvo-100g","status":"publish","type":"product","link":"https:\/\/klnpigeon.com\/index.php\/producto\/dac-defending-mix-5-en-1-polvo-100g\/","title":{"rendered":"Dac Defending Mix 5 en 1 polvo 100g"},"content":{"rendered":"<p><strong>INDICACIONES:<\/strong><br \/>\n&#8211; Ticomoniasis<br \/>\n&#8211; Hexamitiasis<br \/>\n&#8211; Salmonelosis (paratifoidea)<br \/>\n&#8211; C<br \/>\n&#8211; Otras infecciones intestinales<\/p>\n<p><strong>COMPOSICI\u00d3N:<\/strong><br \/>\n&#8211; Trimetoprim 2,5%<br \/>\n&#8211; Sulfadiazina S\u00f3dica 12,5%<br \/>\n&#8211; Sepsinol 5,0%<br \/>\n&#8211; Ronidazol 8,0%<br \/>\n&#8211; Clor-tetraciclina HCL 8,0%<\/p>\n<p><strong>MODO DE EMPLEO:<\/strong><br \/>\nPuede ser utilizado como preventivo o tratamiento en caso de enfermedades de las aves.<\/p>\n<p><strong>Preventivo:<\/strong><br \/>\n&#8211; 1 comprimido por paloma durante 1 \u00f3 2 d\u00edas cada 2 semanas, preferiblemente a partir del d\u00eda siguiente a la carrera o exposici\u00f3n del espect\u00e1culo.<\/p>\n<p><strong>Tratamiento:<\/strong><br \/>\n&#8211; 1 comprimido por paloma durante 5-7 d\u00edas consecutivos.\u00a0Esta cura puede repetirse si es necesario despu\u00e9s de unos d\u00edas de probi\u00f3ticos.<\/p>\n<h4>Muy importante: durante el tratamiento y la semana siguiente (en caso de enfermedad), aplicar un probi\u00f3tico, para regenerar la flora intestinal<\/h4>\n","protected":false},"excerpt":{"rendered":"<p>INDICACIONES: &#8211; Ticomoniasis &#8211; Hexamitiasis &#8211; Salmonelosis (paratifoidea) &#8211; C &#8211; Otras infecciones intestinales COMPOSICI\u00d3N: &#8211; Trimetoprim 2,5% &#8211; Sulfadiazina S\u00f3dica 12,5% &#8211; Sepsinol 5,0% &#8211; Ronidazol 8,0% &#8211; Clor-tetraciclina HCL 8,0% MODO DE EMPLEO: Puede ser utilizado como preventivo o tratamiento en caso de enfermedades de las aves. Preventivo: &#8211; 1 comprimido por paloma<\/p>\n<div class=\"klb-readmore button\"><a class=\"btn link\" href=\"https:\/\/klnpigeon.com\/index.php\/producto\/dac-defending-mix-5-en-1-polvo-100g\/\">Read More <i class=\"klbth-icon-right-arrow\"><\/i><\/a><\/div>\n","protected":false},"featured_media":4625,"comment_status":"open","ping_status":"closed","template":"","meta":[],"product_cat":[211],"product_tag":[],"class_list":{"0":"post-4628","1":"product","2":"type-product","3":"status-publish","4":"has-post-thumbnail","6":"product_cat-dac-pharma","8":"first","9":"outofstock","10":"shipping-taxable","11":"purchasable","12":"product-type-simple"},"jetpack_sharing_enabled":true,"_links":{"self":[{"href":"https:\/\/klnpigeon.com\/index.php\/wp-json\/wp\/v2\/product\/4628","targetHints":{"allow":["GET"]}}],"collection":[{"href":"https:\/\/klnpigeon.com\/index.php\/wp-json\/wp\/v2\/product"}],"about":[{"href":"https:\/\/klnpigeon.com\/index.php\/wp-json\/wp\/v2\/types\/product"}],"replies":[{"embeddable":true,"href":"https:\/\/klnpigeon.com\/index.php\/wp-json\/wp\/v2\/comments?post=4628"}],"wp:featuredmedia":[{"embeddable":true,"href":"https:\/\/klnpigeon.com\/index.php\/wp-json\/wp\/v2\/media\/4625"}],"wp:attachment":[{"href":"https:\/\/klnpigeon.com\/index.php\/wp-json\/wp\/v2\/media?parent=4628"}],"wp:term":[{"taxonomy":"product_cat","embeddable":true,"href":"https:\/\/klnpigeon.com\/index.php\/wp-json\/wp\/v2\/product_cat?post=4628"},{"taxonomy":"product_tag","embeddable":true,"href":"https:\/\/klnpigeon.com\/index.php\/wp-json\/wp\/v2\/product_tag?post=4628"}],"curies":[{"name":"wp","href":"https:\/\/api.w.org\/{rel}","templated":true}]}}