{"id":4627,"date":"2023-07-31T23:44:13","date_gmt":"2023-07-31T23:44:13","guid":{"rendered":"https:\/\/klnpigeon.com\/?post_type=product&#038;p=4627"},"modified":"2025-12-09T14:04:13","modified_gmt":"2025-12-09T14:04:13","slug":"dac-salmonella-mix-extra-4-en-1-100g","status":"publish","type":"product","link":"https:\/\/klnpigeon.com\/index.php\/producto\/dac-salmonella-mix-extra-4-en-1-100g\/","title":{"rendered":"Dac Salmonella Mix Extra 4 en 1 100g"},"content":{"rendered":"<p><strong>Salmonella Mix Extra de DAC<\/strong>\u00a0\u00a0es el tratamiento de la cancrosis (tricomoniasis, hexamitiasis), Paratifoidea, E-coli, Salmonella, Infecciones bacterianas en com\u00fan.<\/p>\n<p><strong>Descripci\u00f3n:<\/strong><br \/>\nSalmonella Mix Extra tiene una amplia acci\u00f3n terap\u00e9utica y es el remedio por excelencia para el tratamiento de la cancrosis, infecciones bacterianas (intestinales) causadas por bacterias grampositivas y gramnegativas (salmonella, E-Coli) y todos los agentes pat\u00f3genos que son sensibles a las drogas.<\/p>\n<p>&#8211; Las infecciones bacterianas son causadas por los productos metab\u00f3licos (toxinas) que secretan.\u00a0Estas toxinas son responsables de los s\u00edntomas.\u00a0Con frecuencia, no est\u00e1 claro de inmediato qu\u00e9 bacteria est\u00e1 causando los s\u00edntomas.\u00a0Sin embargo, el tratamiento todav\u00eda se requiere con urgencia.<br \/>\nEn estos casos, Salmonella Mix Extra es una opci\u00f3n sensata.\u00a0Los tres componentes activos de esta mezcla tienen un amplio efecto y son extremadamente activos contra las diversas causas de infecci\u00f3n bacteriana, como la salmonella y E-Coli y las enfermedades protozoarias asociadas, como la tricomoniasis y la hexamitiasis.<\/p>\n<p>&#8211; La paratifoidea (salmonelosis) es una infecci\u00f3n causada por el organismo de la salmonela que afecta a varios sitios diferentes del cuerpo.\u00a0El h\u00edgado es uno de los sitios primarios, se hincha y adquiere un color bronce.\u00a0Las articulaciones del codo y la mu\u00f1eca de ambas alas tambi\u00e9n pueden verse afectadas, lo que demuestra marcadas inflamaciones dolorosas.<br \/>\nLos s\u00edntomas de problemas intestinales son p\u00e9rdida de peso y apetito, mudos acuosos y descoloridos.<br \/>\nLlaga gangrenosa\u00a0(Tricomoniasis) es causada por un par\u00e1sito protozoario en la boca o el tracto intestinal (hexamitiasis), invariablemente causada por comer alimentos contaminados.\u00a0El ave generalmente reduce el apetito y puede arrojar comida.<\/p>\n<p>&#8211;\u00a0El cancro\u00a0y las infecciones intestinales ocurrir\u00e1n a menudo juntos.\u00a0\u00a1No lo combine con escobahexina, zoaleno o carbadox!\u00a0Salmonella Mix Extra se disuelve f\u00e1cilmente en agua y se absorbe f\u00e1cilmente.\u00a0<strong>Composici\u00f3n:<\/strong>\u00a0&#8211; Furaltadona.\u00a0&#8211; Metronidazol.\u00a0&#8211; Tetraciclina.\u00a0<strong>Dosis:<\/strong>\u00a0&#8211; 1 g por 4 kilos de peso vivo en el agua de bebida o sobre la comida durante 5-7 d\u00edas sucesivos o como veterinario.\u00a0prescribe\u00a0Cuchara dosificadora \u00b1 1 y 5 g adjunta.<\/p>\n","protected":false},"excerpt":{"rendered":"<p>Salmonella Mix Extra de DAC\u00a0\u00a0es el tratamiento de la cancrosis (tricomoniasis, hexamitiasis), Paratifoidea, E-coli, Salmonella, Infecciones bacterianas en com\u00fan. Descripci\u00f3n: Salmonella Mix Extra tiene una amplia acci\u00f3n terap\u00e9utica y es el remedio por excelencia para el tratamiento de la cancrosis, infecciones bacterianas (intestinales) causadas por bacterias grampositivas y gramnegativas (salmonella, E-Coli) y todos los agentes<\/p>\n<div class=\"klb-readmore button\"><a class=\"btn link\" href=\"https:\/\/klnpigeon.com\/index.php\/producto\/dac-salmonella-mix-extra-4-en-1-100g\/\">Read More <i class=\"klbth-icon-right-arrow\"><\/i><\/a><\/div>\n","protected":false},"featured_media":4624,"comment_status":"open","ping_status":"closed","template":"","meta":[],"product_cat":[211],"product_tag":[],"class_list":{"0":"post-4627","1":"product","2":"type-product","3":"status-publish","4":"has-post-thumbnail","6":"product_cat-dac-pharma","8":"first","9":"outofstock","10":"shipping-taxable","11":"purchasable","12":"product-type-simple"},"jetpack_sharing_enabled":true,"_links":{"self":[{"href":"https:\/\/klnpigeon.com\/index.php\/wp-json\/wp\/v2\/product\/4627","targetHints":{"allow":["GET"]}}],"collection":[{"href":"https:\/\/klnpigeon.com\/index.php\/wp-json\/wp\/v2\/product"}],"about":[{"href":"https:\/\/klnpigeon.com\/index.php\/wp-json\/wp\/v2\/types\/product"}],"replies":[{"embeddable":true,"href":"https:\/\/klnpigeon.com\/index.php\/wp-json\/wp\/v2\/comments?post=4627"}],"wp:featuredmedia":[{"embeddable":true,"href":"https:\/\/klnpigeon.com\/index.php\/wp-json\/wp\/v2\/media\/4624"}],"wp:attachment":[{"href":"https:\/\/klnpigeon.com\/index.php\/wp-json\/wp\/v2\/media?parent=4627"}],"wp:term":[{"taxonomy":"product_cat","embeddable":true,"href":"https:\/\/klnpigeon.com\/index.php\/wp-json\/wp\/v2\/product_cat?post=4627"},{"taxonomy":"product_tag","embeddable":true,"href":"https:\/\/klnpigeon.com\/index.php\/wp-json\/wp\/v2\/product_tag?post=4627"}],"curies":[{"name":"wp","href":"https:\/\/api.w.org\/{rel}","templated":true}]}}