{"id":4618,"date":"2023-07-31T23:37:43","date_gmt":"2023-07-31T23:37:43","guid":{"rendered":"https:\/\/klnpigeon.com\/?post_type=product&#038;p=4618"},"modified":"2025-08-23T23:27:31","modified_gmt":"2025-08-23T23:27:31","slug":"php-amino-build-aminoacidos-para-el-desarrollo-muscular","status":"publish","type":"product","link":"https:\/\/klnpigeon.com\/index.php\/producto\/php-amino-build-aminoacidos-para-el-desarrollo-muscular\/","title":{"rendered":"PHP Amino Build &#8211; Amino\u00e1cidos para el desarrollo muscular"},"content":{"rendered":"<h5>LOS AMINO\u00c1CIDOS SON IMPORTANTES PARA AUMENTAR LA FUERZA MUSCULAR, CRIAR J\u00d3VENES Y DURANTE LA TEMPORADA DE MUDA<\/h5>\n<p>Amino Build es un producto muy efectivo para palomas mensajeras que contiene un\u00a0\u00a0<strong>concentrado de amino\u00e1cidos.\u00a0<\/strong>\u00a0Est\u00e1 listo para usar, funciona r\u00e1pido y es f\u00e1cil de digerir.\u00a0Aporta la energ\u00eda necesaria, contribuye a una\u00a0\u00a0<strong>absorci\u00f3n m\u00e1s r\u00e1pida de los amino\u00e1cidos<\/strong>\u00a0\u00a0y tambi\u00e9n contiene\u00a0\u00a0<strong>vitamina B<\/strong>\u00a0, que es fundamental para la m\u00e1xima absorci\u00f3n de los amino\u00e1cidos.\u00a0Est\u00e1 compuesto por todos los amino\u00e1cidos esenciales y muchos no esenciales provenientes de prote\u00ednas de alta calidad, BCAA (L-leucina, L-isoleucina y L-valina) y carbohidratos de la fructosa.<\/p>\n<p>Amino Build no solo garantiza una\u00a0\u00a0<strong>mayor fuerza muscular<\/strong>\u00a0\u00a0y\u00a0\u00a0<strong>energ\u00eda,<\/strong>\u00a0\u00a0sino tambi\u00e9n\u00a0\u00a0<strong>una recuperaci\u00f3n m\u00e1s r\u00e1pida<\/strong>\u00a0\u00a0y ayuda durante las temporadas de reproducci\u00f3n y muda.<\/p>\n<h3>Beneficios clave<\/h3>\n<ul>\n<li>Los amino\u00e1cidos concentrados garantizan los mejores resultados durante y despu\u00e9s del rendimiento.<\/li>\n<li>Beneficioso durante las temporadas de carreras, reproducci\u00f3n y muda.<\/li>\n<li>Funciona r\u00e1pidamente y es f\u00e1cilmente digerible.<\/li>\n<li>Contiene prote\u00ednas de alta calidad, BCAA y carbohidratos.<\/li>\n<li>Aumenta la fuerza y \u200b\u200bla resistencia muscular<\/li>\n<\/ul>\n<h3>Instrucciones de uso<\/h3>\n<p>Mezclar de 1 a 2 medidas al ras de Amino Build con 1 kg de pienso.\u00a0No exceda la dosis diaria recomendada indicada.\u00a0La nutrici\u00f3n complementaria no debe utilizarse como sustituto de una dieta variada.<\/p>\n<ul class=\"list0\">\n<li class=\"item0\"><strong>Temporada de carreras<\/strong>\u00a0: 1 a 3 veces por semana<\/li>\n<li class=\"item1\"><strong>Temporada de cr\u00eda y muda<\/strong>\u00a0: 2 a 3 veces por semana<\/li>\n<\/ul>\n<h3>Composici\u00f3n<\/h3>\n<ul>\n<li>prote\u00ednas de alta calidad<\/li>\n<li>BCAA (\u00a0L-leucina, L-isoleucina y L-valina)<\/li>\n<li>Carbohidratos de la fructosa<\/li>\n<li>Vitamina B<\/li>\n<li>Col\u00e1geno<\/li>\n<\/ul>\n<h3>Tallas disponibles<\/h3>\n<p>500 g de polvo en bote de pl\u00e1stico<\/p>\n<p>Hecho en B\u00e9lgica<\/p>\n","protected":false},"excerpt":{"rendered":"<p>LOS AMINO\u00c1CIDOS SON IMPORTANTES PARA AUMENTAR LA FUERZA MUSCULAR, CRIAR J\u00d3VENES Y DURANTE LA TEMPORADA DE MUDA Amino Build es un producto muy efectivo para palomas mensajeras que contiene un\u00a0\u00a0concentrado de amino\u00e1cidos.\u00a0\u00a0Est\u00e1 listo para usar, funciona r\u00e1pido y es f\u00e1cil de digerir.\u00a0Aporta la energ\u00eda necesaria, contribuye a una\u00a0\u00a0absorci\u00f3n m\u00e1s r\u00e1pida de los amino\u00e1cidos\u00a0\u00a0y tambi\u00e9n contiene\u00a0\u00a0vitamina<\/p>\n<div class=\"klb-readmore button\"><a class=\"btn link\" href=\"https:\/\/klnpigeon.com\/index.php\/producto\/php-amino-build-aminoacidos-para-el-desarrollo-muscular\/\">Read More <i class=\"klbth-icon-right-arrow\"><\/i><\/a><\/div>\n","protected":false},"featured_media":4620,"comment_status":"open","ping_status":"closed","template":"","meta":[],"product_cat":[207],"product_tag":[],"class_list":{"0":"post-4618","1":"product","2":"type-product","3":"status-publish","4":"has-post-thumbnail","6":"product_cat-salud-y-rendimiento-de-las-palomas","8":"first","9":"instock","10":"shipping-taxable","11":"purchasable","12":"product-type-simple"},"jetpack_sharing_enabled":true,"_links":{"self":[{"href":"https:\/\/klnpigeon.com\/index.php\/wp-json\/wp\/v2\/product\/4618","targetHints":{"allow":["GET"]}}],"collection":[{"href":"https:\/\/klnpigeon.com\/index.php\/wp-json\/wp\/v2\/product"}],"about":[{"href":"https:\/\/klnpigeon.com\/index.php\/wp-json\/wp\/v2\/types\/product"}],"replies":[{"embeddable":true,"href":"https:\/\/klnpigeon.com\/index.php\/wp-json\/wp\/v2\/comments?post=4618"}],"wp:featuredmedia":[{"embeddable":true,"href":"https:\/\/klnpigeon.com\/index.php\/wp-json\/wp\/v2\/media\/4620"}],"wp:attachment":[{"href":"https:\/\/klnpigeon.com\/index.php\/wp-json\/wp\/v2\/media?parent=4618"}],"wp:term":[{"taxonomy":"product_cat","embeddable":true,"href":"https:\/\/klnpigeon.com\/index.php\/wp-json\/wp\/v2\/product_cat?post=4618"},{"taxonomy":"product_tag","embeddable":true,"href":"https:\/\/klnpigeon.com\/index.php\/wp-json\/wp\/v2\/product_tag?post=4618"}],"curies":[{"name":"wp","href":"https:\/\/api.w.org\/{rel}","templated":true}]}}