{"id":4611,"date":"2023-07-31T23:32:52","date_gmt":"2023-07-31T23:32:52","guid":{"rendered":"https:\/\/klnpigeon.com\/?post_type=product&#038;p=4611"},"modified":"2026-03-24T16:45:57","modified_gmt":"2026-03-24T16:45:57","slug":"vet-schroeder-tollisan-hongos-en-polvo-nistatina","status":"publish","type":"product","link":"https:\/\/klnpigeon.com\/index.php\/producto\/vet-schroeder-tollisan-hongos-en-polvo-nistatina\/","title":{"rendered":"Vet Schroeder Tollisan Hongos en polvo &#8211; Nistatina"},"content":{"rendered":"<p>Fungi Powder de Vet Schroeder es uno de los \u00fanicos productos antif\u00fangicos que contiene nistatina para aves.\u00a0Trata la c\u00e1ndida (cultivo agrio) y se puede usar en m\u00faltiples especies, como palomas, pollos dom\u00e9sticos y aves de jaula y aviario.<\/p>\n<h3>Ingredientes<\/h3>\n<p>Nistatina 1.648mg<\/p>\n<p>Dosis<\/p>\n<p>Como tratamiento: 5 g (1 cucharada sopera) en 2 litros (0,52 gal) de agua potable durante 5 d\u00edas<br \/>\nPreventivo: Temporada de carreras 2-3 d\u00edas (lunes, martes, mi\u00e9rcoles) cada 3 semanas<\/p>\n<p><span style=\"color: #ff0000;\">* Descargo de responsabilidad: este producto es solo para aves de compa\u00f1\u00eda.\u00a0No para animales cuya carne o huevos se destinen al consumo humano*<\/span><\/p>\n<h3>Tama\u00f1o<\/h3>\n<p>Bote de 100g<\/p>\n","protected":false},"excerpt":{"rendered":"<p>Fungi Powder de Vet Schroeder es uno de los \u00fanicos productos antif\u00fangicos que contiene nistatina para aves.\u00a0Trata la c\u00e1ndida (cultivo agrio) y se puede usar en m\u00faltiples especies, como palomas, pollos dom\u00e9sticos y aves de jaula y aviario. Ingredientes Nistatina 1.648mg Dosis Como tratamiento: 5 g (1 cucharada sopera) en 2 litros (0,52 gal) de<\/p>\n<div class=\"klb-readmore button\"><a class=\"btn link\" href=\"https:\/\/klnpigeon.com\/index.php\/producto\/vet-schroeder-tollisan-hongos-en-polvo-nistatina\/\">Read More <i class=\"klbth-icon-right-arrow\"><\/i><\/a><\/div>\n","protected":false},"featured_media":4612,"comment_status":"open","ping_status":"closed","template":"","meta":[],"product_cat":[208],"product_tag":[],"class_list":{"0":"post-4611","1":"product","2":"type-product","3":"status-publish","4":"has-post-thumbnail","6":"product_cat-vet-schroeder-tollisan","8":"first","9":"instock","10":"shipping-taxable","11":"purchasable","12":"product-type-simple"},"jetpack_sharing_enabled":true,"_links":{"self":[{"href":"https:\/\/klnpigeon.com\/index.php\/wp-json\/wp\/v2\/product\/4611","targetHints":{"allow":["GET"]}}],"collection":[{"href":"https:\/\/klnpigeon.com\/index.php\/wp-json\/wp\/v2\/product"}],"about":[{"href":"https:\/\/klnpigeon.com\/index.php\/wp-json\/wp\/v2\/types\/product"}],"replies":[{"embeddable":true,"href":"https:\/\/klnpigeon.com\/index.php\/wp-json\/wp\/v2\/comments?post=4611"}],"wp:featuredmedia":[{"embeddable":true,"href":"https:\/\/klnpigeon.com\/index.php\/wp-json\/wp\/v2\/media\/4612"}],"wp:attachment":[{"href":"https:\/\/klnpigeon.com\/index.php\/wp-json\/wp\/v2\/media?parent=4611"}],"wp:term":[{"taxonomy":"product_cat","embeddable":true,"href":"https:\/\/klnpigeon.com\/index.php\/wp-json\/wp\/v2\/product_cat?post=4611"},{"taxonomy":"product_tag","embeddable":true,"href":"https:\/\/klnpigeon.com\/index.php\/wp-json\/wp\/v2\/product_tag?post=4611"}],"curies":[{"name":"wp","href":"https:\/\/api.w.org\/{rel}","templated":true}]}}