{"id":4608,"date":"2023-07-31T23:28:39","date_gmt":"2023-07-31T23:28:39","guid":{"rendered":"https:\/\/klnpigeon.com\/?post_type=product&#038;p=4608"},"modified":"2024-08-02T18:30:47","modified_gmt":"2024-08-02T18:30:47","slug":"php-opti-oil-para-la-desintoxicacion-de-la-salud-y-la-mejora-de-las-vias-respiratorias","status":"publish","type":"product","link":"https:\/\/klnpigeon.com\/index.php\/producto\/php-opti-oil-para-la-desintoxicacion-de-la-salud-y-la-mejora-de-las-vias-respiratorias\/","title":{"rendered":"PHP Opti-Oil &#8211; Para la desintoxicaci\u00f3n de la salud y la mejora de las v\u00edas respiratorias"},"content":{"rendered":"<h5>\u00a1EL ACEITE DETOX IDEAL PARA MANTENER EL CUERPO DE LAS PALOMAS EN EQUILIBRIO, TODO EL A\u00d1O!<\/h5>\n<div><strong>OPTI-OIL\u00a0\u00a0<\/strong>es un aceite de desintoxicaci\u00f3n de composici\u00f3n \u00f3ptima con muchas propiedades medicinales y purificantes naturales de apoyo.\u00a0Los\u00a0\u00a0<strong>arom\u00e1ticos herbales activos\u00a0<\/strong>\u00a0(tomillo, or\u00e9gano, canela), vitaminas y aceites de alta calidad tienen un\u00a0\u00a0\u00a0efecto\u00a0<strong>antibacteriano, antiviral, antif\u00fangico y antiparasitario .\u00a0<\/strong>Asegura una buena salud general, fuerza y \u200b\u200bvitalidad.<\/div>\n<div><\/div>\n<div><strong>OPTI-OIL\u00a0<\/strong>\u00a0es un eficaz\u00a0\u00a0<strong>aceite preparatorio desintoxicante para la salud<\/strong>\u00a0\u00a0para\u00a0\u00a0<strong>activar el sistema digestivo<\/strong>\u00a0.\u00a0La absorci\u00f3n de la mezcla \u00f3ptima limita la presencia de peligrosos antioxidantes en el tracto gastrointestinal.\u00a0Por lo tanto, los nutrientes importantes que necesita la paloma pueden ser mejor absorbidos por la pared intestinal.<\/div>\n<div><\/div>\n<div>El\u00a0\u00a0<strong>efecto desinfectante sobre la garganta y las v\u00edas respiratorias<\/strong>\u00a0\u00a0contribuye a posibles rendimientos superiores.\u00a0<strong>La estimulaci\u00f3n de la formaci\u00f3n de gl\u00f3bulos rojos<\/strong>\u00a0\u00a0por ciertas vitaminas contribuye a fortalecer las membranas celulares que retienen las toxinas y mejora el flujo de los tejidos afectados.\u00a0El ox\u00edgeno en la sangre sigue siendo \u00f3ptimo.<\/div>\n<div><\/div>\n<h3>Beneficios clave<\/h3>\n<ul>\n<li>Contiene arom\u00e1ticos herbales activos (tomillo, or\u00e9gano y canela)<\/li>\n<li>Los aceites de calidad act\u00faan como un efecto natural antibacteriano, antiviral, antif\u00fangico y antiparasitario.<\/li>\n<li>Contiene calcio y minerales que aumentan la fuerza muscular y previenen el da\u00f1o muscular.<\/li>\n<li>Mejora la garganta y el sistema de v\u00edas respiratorias.<\/li>\n<li>Estimula la formaci\u00f3n de gl\u00f3bulos rojos y optimiza el ox\u00edgeno en la sangre<\/li>\n<li>Fabricado en B\u00e9lgica;\u00a0Importado<\/li>\n<\/ul>\n<h3>Instrucciones de uso<\/h3>\n<p><strong>Mezclar 1 cuchara dosificadora de OPTI-Oil con 1kg de pienso para 20-30 palomas.<\/strong><\/p>\n<p>Agitar bien antes de usar.\u00a0No exceda la dosis diaria recomendada indicada.\u00a0La nutrici\u00f3n complementaria no debe utilizarse como sustituto de una dieta variada.<\/p>\n<ul class=\"list0\">\n<li class=\"item0\">Mezcle una cuchara dosificadora (15 ml) OPTI-OIL con 1 kg (2.2 lbs) de alimento para 20-30 palomas<\/li>\n<li class=\"item1\">\u00a1Todo el a\u00f1o!<\/li>\n<li class=\"item1\">Usar durante 7 d\u00edas, diariamente 15 ml\/kg (2.2 lbs) de alimento<\/li>\n<li class=\"item1\">Debilitamiento general, despu\u00e9s de la vacunaci\u00f3n: Uso durante 7 d\u00edas, 15 ml\/kg (2,2 lbs) de alimento<\/li>\n<\/ul>\n<h3>Talla disponible<\/h3>\n<p>500 ml (16,9 onzas l\u00edquidas)<\/p>\n<p>Hecho en B\u00e9lgica<\/p>\n","protected":false},"excerpt":{"rendered":"<p>\u00a1EL ACEITE DETOX IDEAL PARA MANTENER EL CUERPO DE LAS PALOMAS EN EQUILIBRIO, TODO EL A\u00d1O! OPTI-OIL\u00a0\u00a0es un aceite de desintoxicaci\u00f3n de composici\u00f3n \u00f3ptima con muchas propiedades medicinales y purificantes naturales de apoyo.\u00a0Los\u00a0\u00a0arom\u00e1ticos herbales activos\u00a0\u00a0(tomillo, or\u00e9gano, canela), vitaminas y aceites de alta calidad tienen un\u00a0\u00a0\u00a0efecto\u00a0antibacteriano, antiviral, antif\u00fangico y antiparasitario .\u00a0Asegura una buena salud general, fuerza<\/p>\n<div class=\"klb-readmore button\"><a class=\"btn link\" href=\"https:\/\/klnpigeon.com\/index.php\/producto\/php-opti-oil-para-la-desintoxicacion-de-la-salud-y-la-mejora-de-las-vias-respiratorias\/\">Read More <i class=\"klbth-icon-right-arrow\"><\/i><\/a><\/div>\n","protected":false},"featured_media":4609,"comment_status":"open","ping_status":"closed","template":"","meta":[],"product_cat":[207],"product_tag":[],"class_list":{"0":"post-4608","1":"product","2":"type-product","3":"status-publish","4":"has-post-thumbnail","6":"product_cat-salud-y-rendimiento-de-las-palomas","8":"first","9":"instock","10":"shipping-taxable","11":"purchasable","12":"product-type-simple"},"jetpack_sharing_enabled":true,"_links":{"self":[{"href":"https:\/\/klnpigeon.com\/index.php\/wp-json\/wp\/v2\/product\/4608","targetHints":{"allow":["GET"]}}],"collection":[{"href":"https:\/\/klnpigeon.com\/index.php\/wp-json\/wp\/v2\/product"}],"about":[{"href":"https:\/\/klnpigeon.com\/index.php\/wp-json\/wp\/v2\/types\/product"}],"replies":[{"embeddable":true,"href":"https:\/\/klnpigeon.com\/index.php\/wp-json\/wp\/v2\/comments?post=4608"}],"wp:featuredmedia":[{"embeddable":true,"href":"https:\/\/klnpigeon.com\/index.php\/wp-json\/wp\/v2\/media\/4609"}],"wp:attachment":[{"href":"https:\/\/klnpigeon.com\/index.php\/wp-json\/wp\/v2\/media?parent=4608"}],"wp:term":[{"taxonomy":"product_cat","embeddable":true,"href":"https:\/\/klnpigeon.com\/index.php\/wp-json\/wp\/v2\/product_cat?post=4608"},{"taxonomy":"product_tag","embeddable":true,"href":"https:\/\/klnpigeon.com\/index.php\/wp-json\/wp\/v2\/product_tag?post=4608"}],"curies":[{"name":"wp","href":"https:\/\/api.w.org\/{rel}","templated":true}]}}