{"id":4606,"date":"2023-07-31T23:24:56","date_gmt":"2023-07-31T23:24:56","guid":{"rendered":"https:\/\/klnpigeon.com\/?post_type=product&#038;p=4606"},"modified":"2024-04-15T00:23:29","modified_gmt":"2024-04-15T00:23:29","slug":"php-final-fond-energia-de-larga-distancia","status":"publish","type":"product","link":"https:\/\/klnpigeon.com\/index.php\/producto\/php-final-fond-energia-de-larga-distancia\/","title":{"rendered":"PHP Final Fond &#8211; Energ\u00eda de Larga Distancia"},"content":{"rendered":"<h5>GARANTIZA UNA ENERG\u00cdA Y UN RENDIMIENTO \u00d3PTIMOS DURANTE\u00a0LAS CARRERAS DE LARGA DISTANCIA\u00a0.<\/h5>\n<p>Final Fond es un potente suplemento nutricional que se administra justo antes de una\u00a0<strong>carrera de larga distancia<\/strong>\u00a0para\u00a0<strong>aumentar la resistencia, la recuperaci\u00f3n y el rendimiento general de las palomas<\/strong>\u00a0.\u00a0\u00a1La energ\u00eda se almacena en los m\u00fasculos de la paloma mensajera durante el transporte y se utiliza durante el vuelo!<\/p>\n<p>La f\u00f3rmula \u00fanica de Final Fond ofrece una composici\u00f3n sofisticada de\u00a0<strong>\u00a0carbohidratos y prote\u00ednas<\/strong>\u00a0, que son esenciales para transportar la grasa a la \u00abcentral el\u00e9ctrica\u00bb \u200b\u200bde las c\u00e9lulas para obtener energ\u00eda adicional, al tiempo que garantiza que el proceso de recuperaci\u00f3n se inicie durante el ejercicio de carrera.<\/p>\n<p>Adem\u00e1s, la\u00a0<strong>grasa quemada provoca un efecto bola de nieve<\/strong>\u00a0.\u00a0Una quema intensa de grasa significa\u00a0<strong>\u00a0una mayor producci\u00f3n de energ\u00eda<\/strong>\u00a0.\u00a0Este impulso adicional agudiza la\u00a0<strong>resistencia\u00a0<\/strong><strong>de los m\u00fasculos de la paloma<\/strong>\u00a0.\u00a0Los m\u00fasculos extraen una parte significativa de su energ\u00eda de la grasa, por lo que Final Fond juega un papel crucial aqu\u00ed en el ejercicio de resistencia de las palomas, asegurando que esas grasas proporcionen\u00a0<strong>\u00a0m\u00e1s del 80% de la producci\u00f3n total de energ\u00eda<\/strong>\u00a0.<\/p>\n<h3>Beneficios clave<\/h3>\n<ul>\n<li>Aumenta la resistencia de la paloma en vuelo<\/li>\n<li>Mayores cantidades de producci\u00f3n de energ\u00eda, perfectas para vuelos de larga distancia.<\/li>\n<li>Optimiza la conversi\u00f3n de carbohidratos y grasas en energ\u00eda, almacen\u00e1ndola r\u00e1pidamente en los m\u00fasculos<\/li>\n<li>Mejora de la recuperaci\u00f3n despu\u00e9s de la carrera<\/li>\n<\/ul>\n<h3>Instrucciones de uso<\/h3>\n<p><strong>Mezclar 1 medida rasa de Fondo Final con 0,5 Litros de agua.<\/strong><\/p>\n<p>No exceda la dosis diaria recomendada indicada.\u00a0La nutrici\u00f3n complementaria no debe utilizarse como sustituto de una dieta variada.<\/p>\n<p><strong>Utilizar Final Fond justo antes del enceste:\u00a0<\/strong>\u00a0Dar Final Fond en la ma\u00f1ana del enceste despu\u00e9s de dar de comer a las palomas.\u00a0Cuando termine la alimentaci\u00f3n, retire el agua de bebida durante 30 minutos, luego agregue Final Fond al agua y d\u00e9selo a las palomas durante una hora.\u00a0Posteriormente, se puede administrar agua limpia.<\/p>\n<h3>Composici\u00f3n<\/h3>\n<p><strong>Nutrici\u00f3n:<\/strong>\u00a0\u00a0Maltodextrina, Fructosa (carbohidratos)<\/p>\n<p><strong>Componentes anal\u00edticos y calidades:\u00a0<\/strong>\u00a0prote\u00edna bruta: 13,2%, grasa libre: 0,3%, grasa diet\u00e9tica: 0,1%, cenizas brutas: 0,10%, sodio: 0%, lisina: 0%, metionina: 0 %<\/p>\n<h3>Tallas disponibles<\/h3>\n<p>500 g de polvo en bote de pl\u00e1stico<\/p>\n<p>Hecho en B\u00e9lgica<\/p>\n","protected":false},"excerpt":{"rendered":"<p>GARANTIZA UNA ENERG\u00cdA Y UN RENDIMIENTO \u00d3PTIMOS DURANTE\u00a0LAS CARRERAS DE LARGA DISTANCIA\u00a0. Final Fond es un potente suplemento nutricional que se administra justo antes de una\u00a0carrera de larga distancia\u00a0para\u00a0aumentar la resistencia, la recuperaci\u00f3n y el rendimiento general de las palomas\u00a0.\u00a0\u00a1La energ\u00eda se almacena en los m\u00fasculos de la paloma mensajera durante el transporte y se<\/p>\n<div class=\"klb-readmore button\"><a class=\"btn link\" href=\"https:\/\/klnpigeon.com\/index.php\/producto\/php-final-fond-energia-de-larga-distancia\/\">Read More <i class=\"klbth-icon-right-arrow\"><\/i><\/a><\/div>\n","protected":false},"featured_media":4607,"comment_status":"open","ping_status":"closed","template":"","meta":[],"product_cat":[207],"product_tag":[],"class_list":{"0":"post-4606","1":"product","2":"type-product","3":"status-publish","4":"has-post-thumbnail","6":"product_cat-salud-y-rendimiento-de-las-palomas","8":"first","9":"instock","10":"shipping-taxable","11":"purchasable","12":"product-type-simple"},"jetpack_sharing_enabled":true,"_links":{"self":[{"href":"https:\/\/klnpigeon.com\/index.php\/wp-json\/wp\/v2\/product\/4606","targetHints":{"allow":["GET"]}}],"collection":[{"href":"https:\/\/klnpigeon.com\/index.php\/wp-json\/wp\/v2\/product"}],"about":[{"href":"https:\/\/klnpigeon.com\/index.php\/wp-json\/wp\/v2\/types\/product"}],"replies":[{"embeddable":true,"href":"https:\/\/klnpigeon.com\/index.php\/wp-json\/wp\/v2\/comments?post=4606"}],"wp:featuredmedia":[{"embeddable":true,"href":"https:\/\/klnpigeon.com\/index.php\/wp-json\/wp\/v2\/media\/4607"}],"wp:attachment":[{"href":"https:\/\/klnpigeon.com\/index.php\/wp-json\/wp\/v2\/media?parent=4606"}],"wp:term":[{"taxonomy":"product_cat","embeddable":true,"href":"https:\/\/klnpigeon.com\/index.php\/wp-json\/wp\/v2\/product_cat?post=4606"},{"taxonomy":"product_tag","embeddable":true,"href":"https:\/\/klnpigeon.com\/index.php\/wp-json\/wp\/v2\/product_tag?post=4606"}],"curies":[{"name":"wp","href":"https:\/\/api.w.org\/{rel}","templated":true}]}}