{"id":4600,"date":"2023-07-31T23:16:21","date_gmt":"2023-07-31T23:16:21","guid":{"rendered":"https:\/\/klnpigeon.com\/?post_type=product&#038;p=4600"},"modified":"2024-10-03T22:58:26","modified_gmt":"2024-10-03T22:58:26","slug":"php-health-oil-mezcla-de-aceite-de-coco-aceite-de-germen-de-trigo-y-aceite-de-pescado","status":"publish","type":"product","link":"https:\/\/klnpigeon.com\/index.php\/producto\/php-health-oil-mezcla-de-aceite-de-coco-aceite-de-germen-de-trigo-y-aceite-de-pescado\/","title":{"rendered":"PHP Health Oil &#8211; Mezcla de aceite de coco, aceite de germen de trigo y aceite de pescado"},"content":{"rendered":"<h5>UN ACEITE \u00daNICO CON TRIGLIC\u00c9RIDOS DE CADENA MEDIA QUE SON MUY VALIOSOS PARA OBTENER ENERG\u00cdA INSTANT\u00c1NEA.\u00a0\u00a1CONTIENE OMEGA 3, 6 Y 9 PARA ENERG\u00cdA, SALUD Y RESISTENCIA!<\/h5>\n<p>Health Oil proporciona energ\u00eda extra sin aumentar inmediatamente la cantidad de grasa corporal.\u00a0El\u00a0\u00a0aceite vitalizante\u00a0\u00a0proporciona\u00a0\u00a0combustible de reserva\u00a0\u00a0cuando se agotan las reservas de gluc\u00f3geno en los m\u00fasculos y el h\u00edgado.\u00a0Tambi\u00e9n\u00a0\u00a0<strong>previene la disminuci\u00f3n del tejido muscular\u00a0<\/strong>\u00a0y\u00a0\u00a0<strong>proporciona energ\u00eda de larga duraci\u00f3n\u00a0<\/strong>.\u00a0Health Oil\u00a0\u00a0<strong>aumenta la resistencia\u00a0<\/strong>\u00a0y protege a las palomas contra bacterias y hongos.\u00a0Un apoyo bienvenido para sus palomas.<\/p>\n<p>Los \u00e1cidos grasos poliinsaturados OMEGA 3 6 9 se convierten en una fuente ilimitada de energ\u00eda para la paloma mensajera\u00a0\u00a0<strong>durante la muda<\/strong>\u00a0.\u00a0Contienen aceites esenciales y nutrientes, que son cruciales para realizar diversas funciones biol\u00f3gicas.\u00a0Adem\u00e1s, estos \u00e1cidos grasos brindan varios beneficios, como\u00a0\u00a0<strong>un sistema inmunol\u00f3gico saludable<\/strong>\u00a0\u00a0y una mayor energ\u00eda, y ayudan a mantener un\u00a0\u00a0<strong>color de piel saludable y profundamente rosado<\/strong>\u00a0\u00a0de la paloma.<\/p>\n<h3>Beneficios clave<\/h3>\n<ul>\n<li>Una mezcla \u00fanica que proporciona aceite de coco, aceite de germen de trigo y aceite de pescado para aumentar los niveles de energ\u00eda<\/li>\n<li>Ayuda a quemar grasa m\u00e1s r\u00e1pido mientras mejora la absorci\u00f3n de amino\u00e1cidos y minerales.<\/li>\n<li>Previene la disminuci\u00f3n del tejido muscular durante periodos de alto estr\u00e9s y rendimiento<\/li>\n<li>Protege naturalmente contra bacterias e infecciones f\u00fangicas.<\/li>\n<li>Excelente complemento durante la \u00e9poca de muda<\/li>\n<li>Beneficia el sistema inmunol\u00f3gico tanto en p\u00e1jaros viejos como j\u00f3venes.<\/li>\n<li>Fabricado en B\u00e9lgica;\u00a0Importado<\/li>\n<\/ul>\n<p>Health Oil es ideal para usar con\u00a0Carbo\u00a0&amp;\u00a0Amino Build\u00a0en el pienso.<\/p>\n<h3>Instrucciones de uso<\/h3>\n<p>Mezclar 1 cuchara dosificadora de Health Oil con 1kg de pienso.\u00a0Agitar bien antes de usar.\u00a0No exceda la dosis diaria recomendada indicada.\u00a0La nutrici\u00f3n complementaria no debe utilizarse como sustituto de una dieta variada.<\/p>\n<ul class=\"list0\">\n<li class=\"item0\">Temporada de carreras: 1 a 2 veces por semana<\/li>\n<li class=\"item1\">\u00c9poca de cr\u00eda y muda: 1 vez por semana<\/li>\n<li class=\"item1\">Al criar cr\u00edas en el nido: 3 veces por semana<\/li>\n<li class=\"item1\"><strong>Para una programaci\u00f3n de alimentaci\u00f3n detallada con Health Oil y nuestros otros suplementos nutricionales, consulte\u00a0\u00a0el Programa de alimentaci\u00f3n\u00a0gratuito de PHP .<\/strong><\/li>\n<\/ul>\n<h3>Composici\u00f3n<\/h3>\n<ul>\n<li>Aceite de coco, aceite de germen de trigo, aceite de pescado<\/li>\n<li>Omega 3, 6 y 9<\/li>\n<\/ul>\n<p><strong>Componentes anal\u00edticos y cualidades:\u00a0<\/strong>\u00a0Grasa libre: 97,3%, ceniza bruta: 0%, sodio: 0,006%, lisina: 0%, metionina: 0%<\/p>\n<h3>Tallas disponibles<\/h3>\n<p>500 ml (16,9 onzas l\u00edquidas)<\/p>\n<p>Hecho en B\u00e9lgica<\/p>\n","protected":false},"excerpt":{"rendered":"<p>UN ACEITE \u00daNICO CON TRIGLIC\u00c9RIDOS DE CADENA MEDIA QUE SON MUY VALIOSOS PARA OBTENER ENERG\u00cdA INSTANT\u00c1NEA.\u00a0\u00a1CONTIENE OMEGA 3, 6 Y 9 PARA ENERG\u00cdA, SALUD Y RESISTENCIA! Health Oil proporciona energ\u00eda extra sin aumentar inmediatamente la cantidad de grasa corporal.\u00a0El\u00a0\u00a0aceite vitalizante\u00a0\u00a0proporciona\u00a0\u00a0combustible de reserva\u00a0\u00a0cuando se agotan las reservas de gluc\u00f3geno en los m\u00fasculos y el h\u00edgado.\u00a0Tambi\u00e9n\u00a0\u00a0previene la<\/p>\n<div class=\"klb-readmore button\"><a class=\"btn link\" href=\"https:\/\/klnpigeon.com\/index.php\/producto\/php-health-oil-mezcla-de-aceite-de-coco-aceite-de-germen-de-trigo-y-aceite-de-pescado\/\">Read More <i class=\"klbth-icon-right-arrow\"><\/i><\/a><\/div>\n","protected":false},"featured_media":4601,"comment_status":"open","ping_status":"closed","template":"","meta":[],"product_cat":[207],"product_tag":[],"class_list":{"0":"post-4600","1":"product","2":"type-product","3":"status-publish","4":"has-post-thumbnail","6":"product_cat-salud-y-rendimiento-de-las-palomas","8":"first","9":"instock","10":"shipping-taxable","11":"purchasable","12":"product-type-simple"},"jetpack_sharing_enabled":true,"_links":{"self":[{"href":"https:\/\/klnpigeon.com\/index.php\/wp-json\/wp\/v2\/product\/4600","targetHints":{"allow":["GET"]}}],"collection":[{"href":"https:\/\/klnpigeon.com\/index.php\/wp-json\/wp\/v2\/product"}],"about":[{"href":"https:\/\/klnpigeon.com\/index.php\/wp-json\/wp\/v2\/types\/product"}],"replies":[{"embeddable":true,"href":"https:\/\/klnpigeon.com\/index.php\/wp-json\/wp\/v2\/comments?post=4600"}],"wp:featuredmedia":[{"embeddable":true,"href":"https:\/\/klnpigeon.com\/index.php\/wp-json\/wp\/v2\/media\/4601"}],"wp:attachment":[{"href":"https:\/\/klnpigeon.com\/index.php\/wp-json\/wp\/v2\/media?parent=4600"}],"wp:term":[{"taxonomy":"product_cat","embeddable":true,"href":"https:\/\/klnpigeon.com\/index.php\/wp-json\/wp\/v2\/product_cat?post=4600"},{"taxonomy":"product_tag","embeddable":true,"href":"https:\/\/klnpigeon.com\/index.php\/wp-json\/wp\/v2\/product_tag?post=4600"}],"curies":[{"name":"wp","href":"https:\/\/api.w.org\/{rel}","templated":true}]}}