{"id":4597,"date":"2023-07-31T23:13:01","date_gmt":"2023-07-31T23:13:01","guid":{"rendered":"https:\/\/klnpigeon.com\/?post_type=product&#038;p=4597"},"modified":"2024-11-09T02:03:03","modified_gmt":"2024-11-09T02:03:03","slug":"php-t-tonic-suplemento-de-aceite-de-pescado-y-oregano","status":"publish","type":"product","link":"https:\/\/klnpigeon.com\/index.php\/producto\/php-t-tonic-suplemento-de-aceite-de-pescado-y-oregano\/","title":{"rendered":"PHP T-Tonic &#8211; Suplemento de aceite de pescado y or\u00e9gano"},"content":{"rendered":"<h5>UN SUPLEMENTO DURANTE TODO EL A\u00d1O QUE AYUDA CON LA DIGESTI\u00d3N Y PREVIENE EL DESARROLLO DE ENFERMEDADES.<\/h5>\n<p>T-Tonic es un catalizador para sus palomas y mejorar\u00e1\u00a0\u00a0<strong>significativamente la actividad de las palomas\u00a0<\/strong>.\u00a0Los componentes \u00fanicos de T-Tonic aumentan la absorci\u00f3n y el intercambio de nutrientes importantes entre las c\u00e9lulas.\u00a0Este intercambio le da a la paloma la\u00a0\u00a0<strong>base necesaria para un buen desempe\u00f1o<\/strong>\u00a0.\u00a0El uso regular de T-Tonic tambi\u00e9n\u00a0\u00a0<strong>aumentar\u00e1 las reservas de energ\u00eda<\/strong>\u00a0\u00a0y, por lo tanto,\u00a0\u00a0<strong>reducir\u00e1 la fatiga temporal<\/strong>\u00a0.\u00a0Durante la temporada de carreras, T-Tonic\u00a0\u00a0<strong>reduce el estr\u00e9s<\/strong>\u00a0causado por la permanencia prolongada en la canasta antes del vuelo y mantiene la din\u00e1mica en niveles competitivos.<\/p>\n<p>El ingrediente activo de\u00a0<strong>or\u00e9gano, tomillo y aceite de pescado<\/strong>\u00a0ayudan con la digesti\u00f3n, evitando as\u00ed el desarrollo de enfermedades causadas por alimentos no digeridos.\u00a0En general, T-Tonic es un suplemento nutricional eficaz durante todo el a\u00f1o para palomas mensajeras que proporciona un metabolismo excelente y conduce a un rendimiento \u00f3ptimo.<\/p>\n<h3>Beneficios clave<\/h3>\n<ul>\n<li>El suplemento durante todo el a\u00f1o proporciona resistencia natural contra las enfermedades.<\/li>\n<li>A base de or\u00e9gano, tomillo y aceite de pescado<\/li>\n<li>Fortalece la resistencia natural del cuerpo y mejora el metabolismo<\/li>\n<li>Aumenta las reservas de energ\u00eda<\/li>\n<li>Reduce los niveles de estr\u00e9s<\/li>\n<li>100% natural<\/li>\n<\/ul>\n<h3>Instrucciones de uso<\/h3>\n<p>Mezcle 1 cuchara dosificadora (\u00a010 ml)\u00a0\u00a0de T-Tonic por 1 l (33,8 fl oz) de agua o 0,5 kg (1,1 lbs) de alimento.\u00a0Agitar bien antes de usar.\u00a0No exceda la dosis diaria recomendada indicada.\u00a0La nutrici\u00f3n complementaria no debe utilizarse como sustituto de una dieta variada.<\/p>\n<ul class=\"list0\">\n<li class=\"item0\"><strong>Palomas mensajeras:<\/strong>\u00a01 a 2 veces por semana<\/li>\n<li class=\"item1\"><strong>Viudas, pichones y palomas en muda:<\/strong>\u00a03 veces por semana<\/li>\n<\/ul>\n<h3>Composici\u00f3n<\/h3>\n<p>Aceite de or\u00e9gano, tomillo, aceite de pescado, cloruro de sodio<\/p>\n<h3>Tallas disponibles<\/h3>\n<p>500ml<\/p>\n<p>Hecho en B\u00e9lgica<\/p>\n","protected":false},"excerpt":{"rendered":"<p>UN SUPLEMENTO DURANTE TODO EL A\u00d1O QUE AYUDA CON LA DIGESTI\u00d3N Y PREVIENE EL DESARROLLO DE ENFERMEDADES. T-Tonic es un catalizador para sus palomas y mejorar\u00e1\u00a0\u00a0significativamente la actividad de las palomas\u00a0.\u00a0Los componentes \u00fanicos de T-Tonic aumentan la absorci\u00f3n y el intercambio de nutrientes importantes entre las c\u00e9lulas.\u00a0Este intercambio le da a la paloma la\u00a0\u00a0base necesaria<\/p>\n<div class=\"klb-readmore button\"><a class=\"btn link\" href=\"https:\/\/klnpigeon.com\/index.php\/producto\/php-t-tonic-suplemento-de-aceite-de-pescado-y-oregano\/\">Read More <i class=\"klbth-icon-right-arrow\"><\/i><\/a><\/div>\n","protected":false},"featured_media":4598,"comment_status":"open","ping_status":"closed","template":"","meta":[],"product_cat":[207],"product_tag":[],"class_list":{"0":"post-4597","1":"product","2":"type-product","3":"status-publish","4":"has-post-thumbnail","6":"product_cat-salud-y-rendimiento-de-las-palomas","8":"first","9":"outofstock","10":"shipping-taxable","11":"purchasable","12":"product-type-simple"},"jetpack_sharing_enabled":true,"_links":{"self":[{"href":"https:\/\/klnpigeon.com\/index.php\/wp-json\/wp\/v2\/product\/4597","targetHints":{"allow":["GET"]}}],"collection":[{"href":"https:\/\/klnpigeon.com\/index.php\/wp-json\/wp\/v2\/product"}],"about":[{"href":"https:\/\/klnpigeon.com\/index.php\/wp-json\/wp\/v2\/types\/product"}],"replies":[{"embeddable":true,"href":"https:\/\/klnpigeon.com\/index.php\/wp-json\/wp\/v2\/comments?post=4597"}],"wp:featuredmedia":[{"embeddable":true,"href":"https:\/\/klnpigeon.com\/index.php\/wp-json\/wp\/v2\/media\/4598"}],"wp:attachment":[{"href":"https:\/\/klnpigeon.com\/index.php\/wp-json\/wp\/v2\/media?parent=4597"}],"wp:term":[{"taxonomy":"product_cat","embeddable":true,"href":"https:\/\/klnpigeon.com\/index.php\/wp-json\/wp\/v2\/product_cat?post=4597"},{"taxonomy":"product_tag","embeddable":true,"href":"https:\/\/klnpigeon.com\/index.php\/wp-json\/wp\/v2\/product_tag?post=4597"}],"curies":[{"name":"wp","href":"https:\/\/api.w.org\/{rel}","templated":true}]}}