{"id":4591,"date":"2023-07-31T23:04:40","date_gmt":"2023-07-31T23:04:40","guid":{"rendered":"https:\/\/klnpigeon.com\/?post_type=product&#038;p=4591"},"modified":"2026-03-28T17:19:01","modified_gmt":"2026-03-28T17:19:01","slug":"php-recup-fast-una-mezcla-de-proteinas-para-una-recuperacion-rapida","status":"publish","type":"product","link":"https:\/\/klnpigeon.com\/index.php\/producto\/php-recup-fast-una-mezcla-de-proteinas-para-una-recuperacion-rapida\/","title":{"rendered":"PHP Recup Fast: una mezcla de prote\u00ednas para una recuperaci\u00f3n r\u00e1pida"},"content":{"rendered":"<h5>REDUCE EL AGOTAMIENTO POSTERIOR A LA CARRERA Y MEJORA LA S\u00cdNTESIS DE PROTE\u00cdNAS PARA UNA RECUPERACI\u00d3N M\u00c1XIMA<\/h5>\n<p>\u00bfTus palomas est\u00e1n exhaustas despu\u00e9s de la carrera?\u00a0Con Recup Fast volver\u00e1n a estar\u00a0\u00a0en forma en poco tiempo.\u00a0\u00a0Recup Fast contiene una mezcla revolucionaria de prote\u00ednas, a las que se accede cuando se agotan las reservas de gluc\u00f3geno.\u00a0<strong>Este suplemento nutricional restaura\u00a0<\/strong>inmediatamente\u00a0 las reservas vitales\u00a0,\u00a0\u00a0<strong>estimula\u00a0<\/strong><strong>el desarrollo de m\u00fasculos ultra fuertes\u00a0<\/strong>\u00a0y\u00a0\u00a0<strong>maximiza\u00a0<\/strong><strong>el rendimiento de la paloma\u00a0<\/strong>.<\/p>\n<p>Las\u00a0\u00a0<strong>prote\u00ednas de alta calidad<\/strong>\u00a0\u00a0de Recup Fast son absorbidas muy r\u00e1pidamente por los m\u00fasculos de la paloma.\u00a0De todas las prote\u00ednas de alta calidad, casi el 70% penetra inmediatamente en el tejido muscular.\u00a0Estas prote\u00ednas tambi\u00e9n\u00a0\u00a0<strong>reducen la degradaci\u00f3n muscular<\/strong>\u00a0, lo cual es un beneficio importante durante una carrera de larga distancia.<\/p>\n<p>La f\u00f3rmula \u00fanica de Recup Fast contiene una cantidad m\u00e1xima de\u00a0\u00a0<strong>carbohidratos<\/strong>\u00a0\u00a0para\u00a0\u00a0<strong>mejorar\u00a0<\/strong>\u00a0<strong>el rendimiento<\/strong>\u00a0\u00a0durante la temporada de competici\u00f3n.\u00a0Acelera la restauraci\u00f3n del tejido muscular y restablece el balance de nitr\u00f3geno.\u00a0Recup Fast es la soluci\u00f3n m\u00e1s completa para ser utilizada despu\u00e9s de un vuelo intenso con el fin de asegurar una m\u00e1xima y r\u00e1pida recuperaci\u00f3n de sus palomas mensajeras.<\/p>\n<h3>Beneficios clave<\/h3>\n<ul>\n<li>Mejora la s\u00edntesis y\u00a0\u00a0absorci\u00f3n de prote\u00ednas.<\/li>\n<li>Reduce la degradaci\u00f3n muscular durante el vuelo.<\/li>\n<li>Ayuda r\u00e1pidamente en el desarrollo muscular y la recuperaci\u00f3n.<\/li>\n<li>Contiene carbohidratos para mejorar el rendimiento.<\/li>\n<\/ul>\n<h3>Instrucciones de uso<\/h3>\n<p>Mezclar de 2 a 3 medidas rasas de Recup Fast con 1 litro de agua (dependiendo de la intensidad de la carrera o del entrenamiento).\u00a0No exceda la dosis diaria recomendada indicada.\u00a0La nutrici\u00f3n complementaria no debe utilizarse como sustituto de una dieta variada.<\/p>\n<p><strong>Para mejores resultados, use:<\/strong><\/p>\n<ul>\n<li class=\"item0\">Inmediatamente despu\u00e9s de la llegada despu\u00e9s de la carrera.<\/li>\n<li class=\"item1\">Despu\u00e9s de un esfuerzo intenso o durante la recuperaci\u00f3n.<\/li>\n<li>Despu\u00e9s del \u00faltimo d\u00eda de entrenamiento, el d\u00eda antes del enceste<\/li>\n<\/ul>\n<h3>Composici\u00f3n<\/h3>\n<p>Prote\u00edna, dextrosa, maltodextrina, fructosa, carbonato de magnesio, cloruro de sodio, cloruro de potasio, bicarbonato de sodio.<\/p>\n<h3>Tallas disponibles<\/h3>\n<p>500 g de polvo en bote de pl\u00e1stico<\/p>\n<p>Hecho en B\u00e9lgica<\/p>\n","protected":false},"excerpt":{"rendered":"<p>REDUCE EL AGOTAMIENTO POSTERIOR A LA CARRERA Y MEJORA LA S\u00cdNTESIS DE PROTE\u00cdNAS PARA UNA RECUPERACI\u00d3N M\u00c1XIMA \u00bfTus palomas est\u00e1n exhaustas despu\u00e9s de la carrera?\u00a0Con Recup Fast volver\u00e1n a estar\u00a0\u00a0en forma en poco tiempo.\u00a0\u00a0Recup Fast contiene una mezcla revolucionaria de prote\u00ednas, a las que se accede cuando se agotan las reservas de gluc\u00f3geno.\u00a0Este suplemento nutricional<\/p>\n<div class=\"klb-readmore button\"><a class=\"btn link\" href=\"https:\/\/klnpigeon.com\/index.php\/producto\/php-recup-fast-una-mezcla-de-proteinas-para-una-recuperacion-rapida\/\">Read More <i class=\"klbth-icon-right-arrow\"><\/i><\/a><\/div>\n","protected":false},"featured_media":4592,"comment_status":"open","ping_status":"closed","template":"","meta":[],"product_cat":[207],"product_tag":[],"class_list":{"0":"post-4591","1":"product","2":"type-product","3":"status-publish","4":"has-post-thumbnail","6":"product_cat-salud-y-rendimiento-de-las-palomas","8":"first","9":"instock","10":"shipping-taxable","11":"purchasable","12":"product-type-simple"},"jetpack_sharing_enabled":true,"_links":{"self":[{"href":"https:\/\/klnpigeon.com\/index.php\/wp-json\/wp\/v2\/product\/4591","targetHints":{"allow":["GET"]}}],"collection":[{"href":"https:\/\/klnpigeon.com\/index.php\/wp-json\/wp\/v2\/product"}],"about":[{"href":"https:\/\/klnpigeon.com\/index.php\/wp-json\/wp\/v2\/types\/product"}],"replies":[{"embeddable":true,"href":"https:\/\/klnpigeon.com\/index.php\/wp-json\/wp\/v2\/comments?post=4591"}],"wp:featuredmedia":[{"embeddable":true,"href":"https:\/\/klnpigeon.com\/index.php\/wp-json\/wp\/v2\/media\/4592"}],"wp:attachment":[{"href":"https:\/\/klnpigeon.com\/index.php\/wp-json\/wp\/v2\/media?parent=4591"}],"wp:term":[{"taxonomy":"product_cat","embeddable":true,"href":"https:\/\/klnpigeon.com\/index.php\/wp-json\/wp\/v2\/product_cat?post=4591"},{"taxonomy":"product_tag","embeddable":true,"href":"https:\/\/klnpigeon.com\/index.php\/wp-json\/wp\/v2\/product_tag?post=4591"}],"curies":[{"name":"wp","href":"https:\/\/api.w.org\/{rel}","templated":true}]}}