{"id":4588,"date":"2023-07-31T23:01:07","date_gmt":"2023-07-31T23:01:07","guid":{"rendered":"https:\/\/klnpigeon.com\/?post_type=product&#038;p=4588"},"modified":"2023-08-01T01:21:56","modified_gmt":"2023-08-01T01:21:56","slug":"vet-schroeder-tollisan-tkk-polvo-para-cancro-y-giardia","status":"publish","type":"product","link":"https:\/\/klnpigeon.com\/index.php\/producto\/vet-schroeder-tollisan-tkk-polvo-para-cancro-y-giardia\/","title":{"rendered":"Vet Schroeder Tollisan TKK Polvo para Cancro y Giardia"},"content":{"rendered":"<p>El polvo TKK contiene una combinaci\u00f3n especial de ronidazol, metronidazol y una gal\u00e9nica particular que elimina todas las tricomonas, hexamitas y giardia en palomas de exhibici\u00f3n, rusas y de carrera.\u00a0TKK Powder tambi\u00e9n ayuda a tratar y prevenir problemas de resistencia, ya que ocurren con frecuencia y repetidamente en las infecciones de cancro.\u00a0Un ingrediente traqueal digestivo especial en el polvo TKK permite que las heces rueden por el suelo del desv\u00e1n despu\u00e9s de solo dos d\u00edas.<\/p>\n<p>Utilizable como tratamiento y tratamiento preventivo contra tricomonas, inflamaci\u00f3n de mucosas, infecciones gastrointestinales (bacterias anaerobias).<\/p>\n<h3>Beneficios clave<\/h3>\n<ul>\n<li>Ayuda a matar y prevenir tricomonas (chancro), hexamitas y Giardia en palomas.<\/li>\n<li>Minimizaci\u00f3n de la inflamaci\u00f3n de las mucosas, especialmente durante los per\u00edodos de alto rendimiento<\/li>\n<li>Se puede utilizar durante la temporada de carreras.<\/li>\n<li>El polvo fino se diluye f\u00e1cilmente en agua potable<\/li>\n<li>Se puede utilizar como parte de un regimiento de tratamiento Tollisan<\/li>\n<li>Fabricado en Holanda;\u00a0importado<\/li>\n<\/ul>\n<h3>Instrucciones de dosificaci\u00f3n<\/h3>\n<div class=\"fusion-text fusion-text-2\">\n<p><span>5 g (1 medida) en 2 litros (68 fl oz) de agua potable o 2 kg (4,8 lbs) de alimento 5-7 d\u00edas.<\/span><br \/>\n<span>Como preventivo: 3 d\u00edas cada mes.<\/span><\/p>\n<\/div>\n<h3><span>Ingredientes activos<\/span><\/h3>\n<p><span>Ronidazol 15.000 mg, Metronidazol 10.000 mg, Lactato de etacridina 600 mg, Aromas 2.500 mg<\/span><\/p>\n<h3><span>Tama\u00f1o<\/span><\/h3>\n<p><span>bote de 100 g<\/span><\/p>\n","protected":false},"excerpt":{"rendered":"<p>El polvo TKK contiene una combinaci\u00f3n especial de ronidazol, metronidazol y una gal\u00e9nica particular que elimina todas las tricomonas, hexamitas y giardia en palomas de exhibici\u00f3n, rusas y de carrera.\u00a0TKK Powder tambi\u00e9n ayuda a tratar y prevenir problemas de resistencia, ya que ocurren con frecuencia y repetidamente en las infecciones de cancro.\u00a0Un ingrediente traqueal digestivo<\/p>\n<div class=\"klb-readmore button\"><a class=\"btn link\" href=\"https:\/\/klnpigeon.com\/index.php\/producto\/vet-schroeder-tollisan-tkk-polvo-para-cancro-y-giardia\/\">Read More <i class=\"klbth-icon-right-arrow\"><\/i><\/a><\/div>\n","protected":false},"featured_media":4589,"comment_status":"open","ping_status":"closed","template":"","meta":[],"product_cat":[208],"product_tag":[],"class_list":{"0":"post-4588","1":"product","2":"type-product","3":"status-publish","4":"has-post-thumbnail","6":"product_cat-vet-schroeder-tollisan","8":"first","9":"instock","10":"shipping-taxable","11":"purchasable","12":"product-type-simple"},"jetpack_sharing_enabled":true,"_links":{"self":[{"href":"https:\/\/klnpigeon.com\/index.php\/wp-json\/wp\/v2\/product\/4588","targetHints":{"allow":["GET"]}}],"collection":[{"href":"https:\/\/klnpigeon.com\/index.php\/wp-json\/wp\/v2\/product"}],"about":[{"href":"https:\/\/klnpigeon.com\/index.php\/wp-json\/wp\/v2\/types\/product"}],"replies":[{"embeddable":true,"href":"https:\/\/klnpigeon.com\/index.php\/wp-json\/wp\/v2\/comments?post=4588"}],"wp:featuredmedia":[{"embeddable":true,"href":"https:\/\/klnpigeon.com\/index.php\/wp-json\/wp\/v2\/media\/4589"}],"wp:attachment":[{"href":"https:\/\/klnpigeon.com\/index.php\/wp-json\/wp\/v2\/media?parent=4588"}],"wp:term":[{"taxonomy":"product_cat","embeddable":true,"href":"https:\/\/klnpigeon.com\/index.php\/wp-json\/wp\/v2\/product_cat?post=4588"},{"taxonomy":"product_tag","embeddable":true,"href":"https:\/\/klnpigeon.com\/index.php\/wp-json\/wp\/v2\/product_tag?post=4588"}],"curies":[{"name":"wp","href":"https:\/\/api.w.org\/{rel}","templated":true}]}}