{"id":4585,"date":"2023-07-31T22:56:17","date_gmt":"2023-07-31T22:56:17","guid":{"rendered":"https:\/\/klnpigeon.com\/?post_type=product&#038;p=4585"},"modified":"2026-03-24T16:47:55","modified_gmt":"2026-03-24T16:47:55","slug":"tonys-treasure-tablets-tabletas-5-en-1-para-palomas","status":"publish","type":"product","link":"https:\/\/klnpigeon.com\/index.php\/producto\/tonys-treasure-tablets-tabletas-5-en-1-para-palomas\/","title":{"rendered":"Tony&#8217;s Treasure Tablets &#8211; Tabletas 5 en 1 para palomas"},"content":{"rendered":"<p>Tony&#8217;s Treasure Tables, un antibi\u00f3tico de amplio espectro 5 en 1 y un medicamento antiprotozoario para palomas, ha sido la tableta m\u00e1s utilizada para las palomas jonroneras, enrolladoras y de exhibici\u00f3n enfermas.\u00a0Tony&#8217;s Treasure Tablets es una combinaci\u00f3n \u00fanica de poderosos ingredientes dise\u00f1ados para tratar una variedad de enfermedades en las palomas donde no es posible un diagn\u00f3stico exacto.\u00a0Contiene antibi\u00f3ticos, antiprotozoarios y anticoccidiales.\u00a0Tony&#8217;s Treasure Tablets, sin embargo, no tratar\u00e1 las infecciones virales.<\/p>\n<h3>Caracter\u00edsticas del producto<\/h3>\n<ul>\n<li>Los ingredientes poderosos y efectivos ayudan a tratar y prevenir s\u00edntomas tales como bajo rendimiento, dificultad respiratoria, cancro, sinusitis, saculitis a\u00e9rea, enteritis, diarrea (causada por coccidiosis, salmonella y E.coli) y p\u00e9rdida de peso.<\/li>\n<li>Las p\u00edldoras peque\u00f1as, del tama\u00f1o de una palomita de ma\u00edz, se administran e ingieren f\u00e1cilmente<\/li>\n<li>Las tabletas Tony&#8217;s Treasure son la opci\u00f3n n.\u00ba 1 de los colomb\u00f3filos para tabletas de medicaci\u00f3n de amplio espectro debido a su eficacia y precio.<\/li>\n<li>Fabricado en Australia.\u00a0Importado.<\/li>\n<\/ul>\n<h3>Ingredientes activos<\/h3>\n<ul>\n<li>Enrofloxacina: un antibi\u00f3tico de amplio espectro que trata enfermedades bacterianas, incluidas Salmonella, E.coli, etc.<\/li>\n<li>Ronidazol: igual que Ronivet, para el antiprotozoario para tratar tricomonas, giardia.<\/li>\n<li>Diclazuril &#8211; coccidiost\u00e1tico<\/li>\n<li>Doxiciclina &#8211; como tratamiento contra la clamidia<\/li>\n<\/ul>\n<h3>Instrucciones de dosificaci\u00f3n<\/h3>\n<p>D\u00e9 una tableta al d\u00eda durante 3 a 5 d\u00edas o hasta que el ave se recupere.\u00a0El tratamiento m\u00e1ximo es de 10 d\u00edas.\u00a0Tonys Treasure Tabs no tratar\u00e1 enfermedades virales.<\/p>\n<h3>Tama\u00f1o<\/h3>\n<p>100 comprimidos en tarro de pl\u00e1stico.<\/p>\n<p><img decoding=\"async\" src=\"https:\/\/cdn.shopify.com\/s\/files\/1\/0474\/4246\/0834\/files\/VetafarmLogo_480x480.png?v=1604465082\" alt=\"\" width=\"197\" height=\"107\" \/><\/p>\n<p><span style=\"color: #ff0000;\">* Descargo de responsabilidad: este producto es solo\u00a0para aves de compa\u00f1\u00eda\u00a0.\u00a0No para animales cuya carne o huevos se destinen al consumo humano*<\/span><\/p>\n","protected":false},"excerpt":{"rendered":"<p>Tony&#8217;s Treasure Tables, un antibi\u00f3tico de amplio espectro 5 en 1 y un medicamento antiprotozoario para palomas, ha sido la tableta m\u00e1s utilizada para las palomas jonroneras, enrolladoras y de exhibici\u00f3n enfermas.\u00a0Tony&#8217;s Treasure Tablets es una combinaci\u00f3n \u00fanica de poderosos ingredientes dise\u00f1ados para tratar una variedad de enfermedades en las palomas donde no es posible<\/p>\n<div class=\"klb-readmore button\"><a class=\"btn link\" href=\"https:\/\/klnpigeon.com\/index.php\/producto\/tonys-treasure-tablets-tabletas-5-en-1-para-palomas\/\">Read More <i class=\"klbth-icon-right-arrow\"><\/i><\/a><\/div>\n","protected":false},"featured_media":4586,"comment_status":"open","ping_status":"closed","template":"","meta":[],"product_cat":[205],"product_tag":[],"class_list":{"0":"post-4585","1":"product","2":"type-product","3":"status-publish","4":"has-post-thumbnail","6":"product_cat-vetafarm","8":"first","9":"instock","10":"shipping-taxable","11":"purchasable","12":"product-type-simple"},"jetpack_sharing_enabled":true,"_links":{"self":[{"href":"https:\/\/klnpigeon.com\/index.php\/wp-json\/wp\/v2\/product\/4585","targetHints":{"allow":["GET"]}}],"collection":[{"href":"https:\/\/klnpigeon.com\/index.php\/wp-json\/wp\/v2\/product"}],"about":[{"href":"https:\/\/klnpigeon.com\/index.php\/wp-json\/wp\/v2\/types\/product"}],"replies":[{"embeddable":true,"href":"https:\/\/klnpigeon.com\/index.php\/wp-json\/wp\/v2\/comments?post=4585"}],"wp:featuredmedia":[{"embeddable":true,"href":"https:\/\/klnpigeon.com\/index.php\/wp-json\/wp\/v2\/media\/4586"}],"wp:attachment":[{"href":"https:\/\/klnpigeon.com\/index.php\/wp-json\/wp\/v2\/media?parent=4585"}],"wp:term":[{"taxonomy":"product_cat","embeddable":true,"href":"https:\/\/klnpigeon.com\/index.php\/wp-json\/wp\/v2\/product_cat?post=4585"},{"taxonomy":"product_tag","embeddable":true,"href":"https:\/\/klnpigeon.com\/index.php\/wp-json\/wp\/v2\/product_tag?post=4585"}],"curies":[{"name":"wp","href":"https:\/\/api.w.org\/{rel}","templated":true}]}}