{"id":4577,"date":"2023-07-31T22:49:51","date_gmt":"2023-07-31T22:49:51","guid":{"rendered":"https:\/\/klnpigeon.com\/?post_type=product&#038;p=4577"},"modified":"2025-08-23T23:28:46","modified_gmt":"2025-08-23T23:28:46","slug":"php-carbo-plus-para-un-metabolismo-celular-optimo","status":"publish","type":"product","link":"https:\/\/klnpigeon.com\/index.php\/producto\/php-carbo-plus-para-un-metabolismo-celular-optimo\/","title":{"rendered":"PHP Carbo Plus &#8211; Para un metabolismo celular \u00f3ptimo"},"content":{"rendered":"<h5>\u00a1MANTENGA SUS PALOMAS EN LAS MEJORES CONDICIONES!<\/h5>\n<p>Con un\u00a0<strong>enfoque en el rendimiento y la inmunidad<\/strong>\u00a0, Carbo Plus es un suplemento nutricional para palomas que es similar a\u00a0Carbo\u00a0, pero con un\u00a0<strong>estimulador celular nutritivo adicional.<\/strong><\/p>\n<p>Su estructura patentada garantiza una\u00a0<strong>tasa de absorci\u00f3n de amino\u00e1cidos superior a la de cualquier otro alimento<\/strong>\u00a0.\u00a0Por lo tanto, Carbo Plus es un producto perfecto para palomas de rendimiento que necesitan m\u00e1s amino\u00e1cidos de los que normalmente obtienen de cualquier otra dieta regular.<\/p>\n<p>La habilidad y la calidad del rendimiento de las palomas mensajeras, incluido todo el proceso de reproducci\u00f3n, son una cuesti\u00f3n de generaci\u00f3n y restauraci\u00f3n de c\u00e9lulas.\u00a0Los \u00f3rganos, los m\u00fasculos, los huesos, los nervios, la sangre, el cerebro, el sistema inmunol\u00f3gico y las hormonas est\u00e1n hechos de prote\u00ednas.\u00a0Estas prote\u00ednas se construyen a partir de amino\u00e1cidos.\u00a0Todos estos tipos de amino\u00e1cidos, adem\u00e1s del hierro bivalente, son absolutamente indispensables y se obtienen digiriendo las prote\u00ednas de la alimentaci\u00f3n diaria.\u00a0<strong>La capacidad de los amino\u00e1cidos para permitir todos los procesos de reproducci\u00f3n y rendimiento es inmensa.<\/strong><\/p>\n<p>Sin embargo, a menudo, los intestinos de las palomas no tienen la capacidad de extraer y absorber cantidades y variedades suficientes de amino\u00e1cidos de las prote\u00ednas en su dieta diaria regular.\u00a0Incluso cuando sus palomas mensajeras reciben la mejor nutrici\u00f3n,\u00a0<strong>\u00a0a\u00fan puede ocurrir una escasez de amino\u00e1cidos\u00a0<\/strong>\u00a0y todos o parte de los\u00a0<strong>\u00a0procesos de reproducci\u00f3n pueden detenerse<\/strong>\u00a0, disminuyendo su capacidad para restaurar completamente sus m\u00fasculos, sangre, nervios e inmunidad cuando entrenando y actuando.<\/p>\n<p>La f\u00f3rmula \u00fanica de Carbo Plus proporciona estos amino\u00e1cidos en una forma simple.\u00a0Se entregan completamente en el torrente sangu\u00edneo en cuesti\u00f3n de minutos.<\/p>\n<p>Carbo Plus es un gran suplemento nutricional, que proporciona de forma \u00fanica a las palomas mensajeras una\u00a0<strong>rica fuente de amino\u00e1cidos<\/strong>\u00a0para ayudar a las palomas de alto rendimiento:<\/p>\n<ul class=\"list0\">\n<li class=\"item0\">construir y regenerar tejido muscular<\/li>\n<li class=\"item1\">mejorar la resistencia<\/li>\n<li class=\"item2\">aumentar la inmunidad<\/li>\n<li class=\"item2\">Mantiene a las palomas en plena forma durante m\u00e1s tiempo<\/li>\n<li class=\"item2\">Asegura que la tasa de absorci\u00f3n sea un excelente amino\u00e1cido.<\/li>\n<li class=\"item2\">Ayuda a regenerar el tejido muscular<\/li>\n<li class=\"item2\">Mejora la resistencia muscular<\/li>\n<li class=\"item2\">Fortalece el sistema inmunol\u00f3gico<\/li>\n<\/ul>\n<h3>Instrucciones de uso<\/h3>\n<p><strong>Mezcle de 1 a 2 medidas al ras de Carbo Plus con 1 kg de alimento\u00a0<\/strong>.<\/p>\n<div>No exceda la dosis diaria recomendada indicada.\u00a0La nutrici\u00f3n complementaria no debe utilizarse como sustituto de una dieta variada.<\/div>\n<ul class=\"list0\">\n<li class=\"item0\">Todas las distancias: m\u00ednimo 1 vez por semana<\/li>\n<li class=\"item1\">Larga distancia: 2 a 3 veces en la semana antes de la carrera<\/li>\n<li class=\"item2\">Temporada de cr\u00eda y muda: 1 vez por semana<\/li>\n<li class=\"item3\">J\u00f3venes en crecimiento en el nido: 3 veces por semana<\/li>\n<\/ul>\n<h3>Composici\u00f3n<\/h3>\n<p><strong>Nutrici\u00f3n:<\/strong>\u00a0\u00a0Maltodextrina, Fructosa, Hemoglobina, Cloruro de Kalium, Carbonato de Magnesio<\/p>\n<p><strong>Aditivos por kg:\u00a0<\/strong>\u00a0vitamina E, D-alfa-tocoferol: 1333,33 mg por kg, vitamina A retinol 35533 UI por kg<\/p>\n<p><strong>Componentes anal\u00edticos y calidades:\u00a0<\/strong>\u00a0prote\u00edna bruta: 12,6%, grasa libre: 0%, grasa diet\u00e9tica: 0,1%, cenizas brutas: 0,18%, sodio: 0,006%, lisina: 1%, metionina: 1%<\/p>\n<h3>Tallas disponibles<\/h3>\n<p>250 g en bote de pl\u00e1stico<\/p>\n<p>Hecho en B\u00e9lgica<\/p>\n","protected":false},"excerpt":{"rendered":"<p>\u00a1MANTENGA SUS PALOMAS EN LAS MEJORES CONDICIONES! Con un\u00a0enfoque en el rendimiento y la inmunidad\u00a0, Carbo Plus es un suplemento nutricional para palomas que es similar a\u00a0Carbo\u00a0, pero con un\u00a0estimulador celular nutritivo adicional. Su estructura patentada garantiza una\u00a0tasa de absorci\u00f3n de amino\u00e1cidos superior a la de cualquier otro alimento\u00a0.\u00a0Por lo tanto, Carbo Plus es un<\/p>\n<div class=\"klb-readmore button\"><a class=\"btn link\" href=\"https:\/\/klnpigeon.com\/index.php\/producto\/php-carbo-plus-para-un-metabolismo-celular-optimo\/\">Read More <i class=\"klbth-icon-right-arrow\"><\/i><\/a><\/div>\n","protected":false},"featured_media":4578,"comment_status":"open","ping_status":"closed","template":"","meta":[],"product_cat":[207],"product_tag":[],"class_list":{"0":"post-4577","1":"product","2":"type-product","3":"status-publish","4":"has-post-thumbnail","6":"product_cat-salud-y-rendimiento-de-las-palomas","8":"first","9":"instock","10":"shipping-taxable","11":"purchasable","12":"product-type-simple"},"jetpack_sharing_enabled":true,"_links":{"self":[{"href":"https:\/\/klnpigeon.com\/index.php\/wp-json\/wp\/v2\/product\/4577","targetHints":{"allow":["GET"]}}],"collection":[{"href":"https:\/\/klnpigeon.com\/index.php\/wp-json\/wp\/v2\/product"}],"about":[{"href":"https:\/\/klnpigeon.com\/index.php\/wp-json\/wp\/v2\/types\/product"}],"replies":[{"embeddable":true,"href":"https:\/\/klnpigeon.com\/index.php\/wp-json\/wp\/v2\/comments?post=4577"}],"wp:featuredmedia":[{"embeddable":true,"href":"https:\/\/klnpigeon.com\/index.php\/wp-json\/wp\/v2\/media\/4578"}],"wp:attachment":[{"href":"https:\/\/klnpigeon.com\/index.php\/wp-json\/wp\/v2\/media?parent=4577"}],"wp:term":[{"taxonomy":"product_cat","embeddable":true,"href":"https:\/\/klnpigeon.com\/index.php\/wp-json\/wp\/v2\/product_cat?post=4577"},{"taxonomy":"product_tag","embeddable":true,"href":"https:\/\/klnpigeon.com\/index.php\/wp-json\/wp\/v2\/product_tag?post=4577"}],"curies":[{"name":"wp","href":"https:\/\/api.w.org\/{rel}","templated":true}]}}