{"id":4573,"date":"2023-07-31T22:47:43","date_gmt":"2023-07-31T22:47:43","guid":{"rendered":"https:\/\/klnpigeon.com\/?post_type=product&#038;p=4573"},"modified":"2023-10-08T17:54:50","modified_gmt":"2023-10-08T17:54:50","slug":"php-carbo-suplemento-completo-de-carbohidratos","status":"publish","type":"product","link":"https:\/\/klnpigeon.com\/index.php\/producto\/php-carbo-suplemento-completo-de-carbohidratos\/","title":{"rendered":"PHP Carbo &#8211; Suplemento completo de carbohidratos"},"content":{"rendered":"<p>Carbo, de Pigeon Health &amp; Performance, es un suplemento altamente efectivo para palomas mensajeras que ayuda a mejorar la fuerza muscular, la resistencia y la eficiencia durante los per\u00edodos de entrenamiento intenso y competencia.\u00a0La combinaci\u00f3n \u00fanica de nutrientes ha surgido despu\u00e9s de a\u00f1os de investigaci\u00f3n.\u00a0Carbo contiene las\u00a0<strong>prote\u00ednas y minerales necesarios<\/strong>\u00a0que son muy efectivos para reducir el \u00e1cido l\u00e1ctico en los m\u00fasculos.<\/p>\n<p>La composici\u00f3n consta de pol\u00edmeros de glucosa, que son los mejores carbohidratos para aumentar la resistencia y mejorar el rendimiento.\u00a0Carbo tambi\u00e9n proporciona nutrientes importantes para el metabolismo de los carbohidratos.\u00a0Los antioxidantes de este producto de nutrici\u00f3n para palomas son la vitamina C, la vitamina E y la vitamina A, que son esenciales para evitar la reducci\u00f3n de ciertos grupos musculares.\u00a0La superioridad de Carbo se deriva de su equilibrio \u00f3ptimo en carbohidratos, electrolitos y prote\u00ednas anticatab\u00f3licas.\u00a0Contiene\u00a0<strong>la mezcla perfecta para recargar las reservas agotadas<\/strong>\u00a0.<\/p>\n<p>La f\u00f3rmula cient\u00edficamente desarrollada de Carbo\u00a0<strong>previene la fatiga muscular y el catabolismo muscular<\/strong>\u00a0.\u00a0Sirve bien a sus palomas mensajeras, durante todo el a\u00f1o.<\/p>\n<h5>CONSEJO DE CARBOHIDRATOS<\/h5>\n<p>Las palomas tienen que recibir CARBO despu\u00e9s de una carrera dif\u00edcil y hasta que entrenen lo suficiente espont\u00e1neamente.<\/p>\n<h5>CARBO DURANTE EL ENTRENAMIENTO<\/h5>\n<p>Si las palomas no entrenan lo suficiente, o vuelan menos de una hora, se recomienda darles CARBO extra hasta que puedan entrenar al menos una hora por d\u00eda.<\/p>\n<h5>CARBO DURANTE LAS CARRERAS<\/h5>\n<p>Si las palomas han terminado una carrera dif\u00edcil durante el fin de semana, se recomienda darles CARBO extra en combinaci\u00f3n con AMINO BUILD &amp; METACHOL durante los siguientes dos d\u00edas.<\/p>\n<h3>Instrucciones de uso<\/h3>\n<p><strong>Mezcle 1 o 2 medidas al ras de Carbo con 1 kg (2,2 lbs) de alimento o 1 L (33,8 fl oz) de\u00a0<\/strong><strong>agua<\/strong>\u00a0.<\/p>\n<p>No exceda la dosis diaria recomendada indicada.\u00a0La nutrici\u00f3n complementaria no debe utilizarse como sustituto de una dieta variada.<\/p>\n<p>En principio se da Carbo\u00a0<strong>hasta que las palomas entrenan lo suficiente<\/strong>\u00a0, aproximadamente una hora por d\u00eda.<\/p>\n<ul class=\"list0\">\n<li class=\"item0\">Temporada de carreras: 3 veces por semana<\/li>\n<li class=\"item1\">Antes y despu\u00e9s de la temporada de carreras: 1 vez por semana<\/li>\n<li class=\"item2\">Temporada de cr\u00eda y muda: 3 veces por semana<\/li>\n<\/ul>\n<h3>Composici\u00f3n<\/h3>\n<p><strong>Nutrici\u00f3n:<\/strong>\u00a0\u00a0maltodextrina, fructosa, cloruro de sodio, cloruro de kalium, carbonato de magnesio<\/p>\n<p><strong>Aditivos por kg:\u00a0<\/strong>\u00a0Vitamina E, D-alfa-tocoferol: 1333,33 mg por kg, Vitamina A retinol: 35533 UI por kg<\/p>\n<p><strong>Componentes anal\u00edticos y calidades:\u00a0<\/strong>\u00a0prote\u00edna bruta: 12,0 %, grasa libre: 0,0 %, grasa diet\u00e9tica: 0,1 %, cenizas brutas: 0,43 %, sodio: 0,206 %, lisina: 1 %, metionina: 1 %<\/p>\n<h3>Tallas<\/h3>\n<p>500 g<\/p>\n<p>Hecho en B\u00e9lgica<\/p>\n","protected":false},"excerpt":{"rendered":"<p>Carbo, de Pigeon Health &amp; Performance, es un suplemento altamente efectivo para palomas mensajeras que ayuda a mejorar la fuerza muscular, la resistencia y la eficiencia durante los per\u00edodos de entrenamiento intenso y competencia.\u00a0La combinaci\u00f3n \u00fanica de nutrientes ha surgido despu\u00e9s de a\u00f1os de investigaci\u00f3n.\u00a0Carbo contiene las\u00a0prote\u00ednas y minerales necesarios\u00a0que son muy efectivos para reducir<\/p>\n<div class=\"klb-readmore button\"><a class=\"btn link\" href=\"https:\/\/klnpigeon.com\/index.php\/producto\/php-carbo-suplemento-completo-de-carbohidratos\/\">Read More <i class=\"klbth-icon-right-arrow\"><\/i><\/a><\/div>\n","protected":false},"featured_media":4574,"comment_status":"open","ping_status":"closed","template":"","meta":[],"product_cat":[207],"product_tag":[],"class_list":{"0":"post-4573","1":"product","2":"type-product","3":"status-publish","4":"has-post-thumbnail","6":"product_cat-salud-y-rendimiento-de-las-palomas","8":"first","9":"instock","10":"shipping-taxable","11":"purchasable","12":"product-type-simple"},"jetpack_sharing_enabled":true,"_links":{"self":[{"href":"https:\/\/klnpigeon.com\/index.php\/wp-json\/wp\/v2\/product\/4573","targetHints":{"allow":["GET"]}}],"collection":[{"href":"https:\/\/klnpigeon.com\/index.php\/wp-json\/wp\/v2\/product"}],"about":[{"href":"https:\/\/klnpigeon.com\/index.php\/wp-json\/wp\/v2\/types\/product"}],"replies":[{"embeddable":true,"href":"https:\/\/klnpigeon.com\/index.php\/wp-json\/wp\/v2\/comments?post=4573"}],"wp:featuredmedia":[{"embeddable":true,"href":"https:\/\/klnpigeon.com\/index.php\/wp-json\/wp\/v2\/media\/4574"}],"wp:attachment":[{"href":"https:\/\/klnpigeon.com\/index.php\/wp-json\/wp\/v2\/media?parent=4573"}],"wp:term":[{"taxonomy":"product_cat","embeddable":true,"href":"https:\/\/klnpigeon.com\/index.php\/wp-json\/wp\/v2\/product_cat?post=4573"},{"taxonomy":"product_tag","embeddable":true,"href":"https:\/\/klnpigeon.com\/index.php\/wp-json\/wp\/v2\/product_tag?post=4573"}],"curies":[{"name":"wp","href":"https:\/\/api.w.org\/{rel}","templated":true}]}}