{"id":4542,"date":"2023-07-31T22:20:16","date_gmt":"2023-07-31T22:20:16","guid":{"rendered":"https:\/\/klnpigeon.com\/?post_type=product&#038;p=4542"},"modified":"2026-04-12T17:27:07","modified_gmt":"2026-04-12T17:27:07","slug":"moxivet-plus-moxidectina-praziquantel-desparasitador-de-aves","status":"publish","type":"product","link":"https:\/\/klnpigeon.com\/index.php\/producto\/moxivet-plus-moxidectina-praziquantel-desparasitador-de-aves\/","title":{"rendered":"MoxiVet Plus &#8211; Moxidectina + Praziquantel Desparasitador de Aves"},"content":{"rendered":"<p>Ahora presentamos MoxiVet Plus, el l\u00edquido antiparasitario y antiparasitario m\u00e1s completo para palomas, canarios, pinzones, pollos dom\u00e9sticos y todas las dem\u00e1s aves dom\u00e9sticas.\u00a0<strong>MoxiVet Plus mata y controla los par\u00e1sitos internos y externos, incluidos los gusanos redondos, los oxiuros, los gusanos del pelo, las lombrices solitarias, los gusanos de la molleja, los \u00e1caros de las bolsas de aire, los \u00e1caros de las piernas\/cara escamosa, los \u00e1caros de las plumas y las garrapatas.\u00a0<\/strong>MoxiVet Plus fue cuidadosamente formulado y probado durante dos a\u00f1os por veterinarios aviares con m\u00e1s de 30 a\u00f1os de experiencia.<\/p>\n<h3>Beneficios del producto<\/h3>\n<div>\n<ul>\n<li>Contiene moxidectina y praziquantel que juntos forman el producto antiparasitario m\u00e1s efectivo disponible<\/li>\n<li>Se administra f\u00e1cilmente en el agua de bebida y se dosifica individualmente en la boca<\/li>\n<li>El tratamiento de un d\u00eda es simple y f\u00e1cil.<\/li>\n<li>Ingredientes activos seguros<\/li>\n<li>No provoca v\u00f3mitos<\/li>\n<li>Seguro de usar durante la temporada de muda.<\/li>\n<li>La f\u00f3rmula \u00fanica lo convierte en uno de los desparasitantes aviares m\u00e1s efectivos del mercado.<\/li>\n<li>Brinda protecci\u00f3n hasta por 3 meses<\/li>\n<li>Formulado por veterinarios aviares<\/li>\n<li>Fabricado en Australia;\u00a0Importado<\/li>\n<\/ul>\n<h3>Ingredientes activos<\/h3>\n<ul>\n<li>Moxidectina 1mg\/ml<\/li>\n<li>Praziquantel 18mg\/ml<\/li>\n<\/ul>\n<\/div>\n<h3>Dosificaci\u00f3n y administraci\u00f3n<\/h3>\n<div>\n<p>Diluya MoxiVet Plus con agua potable limpia a la dosis adecuada y suministre agua medicada durante un per\u00edodo de 24 horas.\u00a0Repetir el tratamiento una vez cada 3 meses.\u00a0Para mejores resultados, trate a todas las aves simult\u00e1neamente.<\/p>\n<div class=\"table-wrapper\">\n<table width=\"100%\">\n<tbody>\n<tr>\n<td><strong>\u00a0Especies<\/strong>\u00a0\u00a0 \u00a0 \u00a0 \u00a0 |\u00a0 \u00a0 \u00a0<strong>Volumen de MoxiVet Plus<\/strong><\/p>\n<p><strong>Hookbills (loros)\u00a0 \u00a0<\/strong>\u00a0\u00a0 \u00a0 \u00a0 \u00a0 \u00a0 \u00a0 \u00a0 \u00a0 10 ml por litro (33,8 fl oz) de agua potable<\/p>\n<p><strong>Palomas\u00a0<\/strong>\u00a0\u00a0 \u00a0 \u00a0 \u00a0 \u00a0 \u00a0 \u00a0 \u00a0 \u00a0 \u00a0 \u00a0 \u00a0 \u00a0 \u00a0 \u00a0 \u00a0 \u00a0 \u00a0 \u00a0 5 ml por litro (33,8 fl oz) o 1,25 cucharadas por gal\u00f3n<\/p>\n<p><strong>Dosis Individual<\/strong>\u00a0\u00a0 \u00a0 \u00a0 \u00a0 \u00a0 \u00a0 \u00a0 \u00a0 \u00a0 \u00a0 \u00a0 \u00a0 \u00a0 0,25 ml (0,25 cc&#8217;s) por 500g de peso corporal<\/p>\n<p><strong>Pinzones\/picos blandos\u00a0<\/strong>\u00a0\u00a0 \u00a0 \u00a0 \u00a0 \u00a0 \u00a0 \u00a0 \u00a0 \u00a0 \u00a0 \u00a0 \u00a02 ml (1\/2 cucharadita) por litro de agua de bebida<\/p>\n<p>&nbsp;<\/td>\n<\/tr>\n<tr>\n<td>Utilizar como \u00fanica fuente de agua potable durante el tratamiento.\u00a0Evite medicar en climas muy calurosos y mantenga el agua medicada fuera de la luz solar directa.<\/p>\n<p><span style=\"color: #ff0000;\"><strong>* Descargo de responsabilidad: este producto es solo para aves de compa\u00f1\u00eda.\u00a0No para animales cuya carne o huevos se destinen al consumo humano*<\/strong><\/span><\/td>\n<\/tr>\n<\/tbody>\n<\/table>\n<\/div>\n<\/div>\n","protected":false},"excerpt":{"rendered":"<p>Ahora presentamos MoxiVet Plus, el l\u00edquido antiparasitario y antiparasitario m\u00e1s completo para palomas, canarios, pinzones, pollos dom\u00e9sticos y todas las dem\u00e1s aves dom\u00e9sticas.\u00a0MoxiVet Plus mata y controla los par\u00e1sitos internos y externos, incluidos los gusanos redondos, los oxiuros, los gusanos del pelo, las lombrices solitarias, los gusanos de la molleja, los \u00e1caros de las bolsas<\/p>\n<div class=\"klb-readmore button\"><a class=\"btn link\" href=\"https:\/\/klnpigeon.com\/index.php\/producto\/moxivet-plus-moxidectina-praziquantel-desparasitador-de-aves\/\">Read More <i class=\"klbth-icon-right-arrow\"><\/i><\/a><\/div>\n","protected":false},"featured_media":4547,"comment_status":"open","ping_status":"closed","template":"","meta":[],"product_cat":[205],"product_tag":[],"class_list":{"0":"post-4542","1":"product","2":"type-product","3":"status-publish","4":"has-post-thumbnail","6":"product_cat-vetafarm","8":"first","9":"outofstock","10":"shipping-taxable","11":"purchasable","12":"product-type-variable"},"jetpack_sharing_enabled":true,"_links":{"self":[{"href":"https:\/\/klnpigeon.com\/index.php\/wp-json\/wp\/v2\/product\/4542","targetHints":{"allow":["GET"]}}],"collection":[{"href":"https:\/\/klnpigeon.com\/index.php\/wp-json\/wp\/v2\/product"}],"about":[{"href":"https:\/\/klnpigeon.com\/index.php\/wp-json\/wp\/v2\/types\/product"}],"replies":[{"embeddable":true,"href":"https:\/\/klnpigeon.com\/index.php\/wp-json\/wp\/v2\/comments?post=4542"}],"wp:featuredmedia":[{"embeddable":true,"href":"https:\/\/klnpigeon.com\/index.php\/wp-json\/wp\/v2\/media\/4547"}],"wp:attachment":[{"href":"https:\/\/klnpigeon.com\/index.php\/wp-json\/wp\/v2\/media?parent=4542"}],"wp:term":[{"taxonomy":"product_cat","embeddable":true,"href":"https:\/\/klnpigeon.com\/index.php\/wp-json\/wp\/v2\/product_cat?post=4542"},{"taxonomy":"product_tag","embeddable":true,"href":"https:\/\/klnpigeon.com\/index.php\/wp-json\/wp\/v2\/product_tag?post=4542"}],"curies":[{"name":"wp","href":"https:\/\/api.w.org\/{rel}","templated":true}]}}