{"id":4490,"date":"2023-07-29T23:08:26","date_gmt":"2023-07-29T23:08:26","guid":{"rendered":"https:\/\/klnpigeon.com\/?post_type=product&#038;p=4490"},"modified":"2025-02-09T14:36:46","modified_gmt":"2025-02-09T14:36:46","slug":"cest-electrolit-electrolitos-con-glucosa-para-palomas","status":"publish","type":"product","link":"https:\/\/klnpigeon.com\/index.php\/producto\/cest-electrolit-electrolitos-con-glucosa-para-palomas\/","title":{"rendered":"Cest Electrolit &#8211; Electrolitos con Glucosa para Palomas"},"content":{"rendered":"<h5>POLVO REHIDRATANTE CON ELECTROLITOS Y GLUCOSA PARA PALOMAS<\/h5>\n<p>Electrolit Powder es el suplemento perfecto para restaurar los niveles de electrolitos y el equilibrio del PH en la sangre durante los per\u00edodos de esfuerzo f\u00edsico, diarrea y altas temperaturas.\u00a0Su glucosa a\u00f1adida tambi\u00e9n ayuda en el proceso de recuperaci\u00f3n y rehidrataci\u00f3n, especialmente despu\u00e9s de una carrera.<\/p>\n<h3>Ingredientes<\/h3>\n<p>Glucosa, Cloruro de sodio, Bicarbonato de sodio, Cloruro de potasio Componentes anal\u00edticos: Carbohidratos, Ceniza, Sodio (Na+), Potasio (K+), Humedad<\/p>\n<h3>Dosificaci\u00f3n y administraci\u00f3n<\/h3>\n<p>5g (1 cuchara dosificadora) por 1 litro (33,8 fl oz) de agua de bebida, 2 d\u00edas antes de la carrera y 2 d\u00edas despu\u00e9s de la carrera.<\/p>\n<p><em><strong>Durante la recuperaci\u00f3n de excrementos acuosos:<\/strong><\/em>\u00a0puede usarse 2 o 3 d\u00edas a la semana hasta que desaparezcan los s\u00edntomas.<\/p>\n<h3>Tama\u00f1o<\/h3>\n<p>600 g (1,32 lbs) de polvo en recipiente de pl\u00e1stico.<\/p>\n","protected":false},"excerpt":{"rendered":"<p>POLVO REHIDRATANTE CON ELECTROLITOS Y GLUCOSA PARA PALOMAS Electrolit Powder es el suplemento perfecto para restaurar los niveles de electrolitos y el equilibrio del PH en la sangre durante los per\u00edodos de esfuerzo f\u00edsico, diarrea y altas temperaturas.\u00a0Su glucosa a\u00f1adida tambi\u00e9n ayuda en el proceso de recuperaci\u00f3n y rehidrataci\u00f3n, especialmente despu\u00e9s de una carrera. Ingredientes<\/p>\n<div class=\"klb-readmore button\"><a class=\"btn link\" href=\"https:\/\/klnpigeon.com\/index.php\/producto\/cest-electrolit-electrolitos-con-glucosa-para-palomas\/\">Read More <i class=\"klbth-icon-right-arrow\"><\/i><\/a><\/div>\n","protected":false},"featured_media":4485,"comment_status":"open","ping_status":"closed","template":"","meta":[],"product_cat":[117],"product_tag":[],"class_list":{"0":"post-4490","1":"product","2":"type-product","3":"status-publish","4":"has-post-thumbnail","6":"product_cat-cest-pharma","8":"first","9":"instock","10":"shipping-taxable","11":"purchasable","12":"product-type-simple"},"jetpack_sharing_enabled":true,"_links":{"self":[{"href":"https:\/\/klnpigeon.com\/index.php\/wp-json\/wp\/v2\/product\/4490","targetHints":{"allow":["GET"]}}],"collection":[{"href":"https:\/\/klnpigeon.com\/index.php\/wp-json\/wp\/v2\/product"}],"about":[{"href":"https:\/\/klnpigeon.com\/index.php\/wp-json\/wp\/v2\/types\/product"}],"replies":[{"embeddable":true,"href":"https:\/\/klnpigeon.com\/index.php\/wp-json\/wp\/v2\/comments?post=4490"}],"wp:featuredmedia":[{"embeddable":true,"href":"https:\/\/klnpigeon.com\/index.php\/wp-json\/wp\/v2\/media\/4485"}],"wp:attachment":[{"href":"https:\/\/klnpigeon.com\/index.php\/wp-json\/wp\/v2\/media?parent=4490"}],"wp:term":[{"taxonomy":"product_cat","embeddable":true,"href":"https:\/\/klnpigeon.com\/index.php\/wp-json\/wp\/v2\/product_cat?post=4490"},{"taxonomy":"product_tag","embeddable":true,"href":"https:\/\/klnpigeon.com\/index.php\/wp-json\/wp\/v2\/product_tag?post=4490"}],"curies":[{"name":"wp","href":"https:\/\/api.w.org\/{rel}","templated":true}]}}