{"id":4488,"date":"2023-07-29T23:06:51","date_gmt":"2023-07-29T23:06:51","guid":{"rendered":"https:\/\/klnpigeon.com\/?post_type=product&#038;p=4488"},"modified":"2026-03-24T16:54:09","modified_gmt":"2026-03-24T16:54:09","slug":"cest-fly-power-powder-aumenta-el-acondicionamiento-en-palomas","status":"publish","type":"product","link":"https:\/\/klnpigeon.com\/index.php\/producto\/cest-fly-power-powder-aumenta-el-acondicionamiento-en-palomas\/","title":{"rendered":"Cest Fly Power Powder &#8211; Aumenta el acondicionamiento en palomas"},"content":{"rendered":"<h5>FLY POWER SE BASA EN UN COMPLEJO DE NUTRIENTES CON UN PAPEL FISIOL\u00d3GICO QUE ASEGURA EL AUMENTO DEL RENDIMIENTO DEPORTIVO Y LA MEJORA DE LAS FUNCIONES VITALES<\/h5>\n<p>Fly Power brinda m\u00faltiples beneficios:\u00a0es rico en carbohidratos que se almacenar\u00e1n en los m\u00fasculos, interfiere en el metabolismo de las grasas al aumentar el rendimiento energ\u00e9tico y aumenta la resistencia y la fuerza muscular durante el vuelo.<\/p>\n<p>Otros beneficios para la salud incluyen la funci\u00f3n hep\u00e1tica y card\u00edaca, que son muy demandadas durante el ejercicio f\u00edsico, lo que reduce el per\u00edodo de recuperaci\u00f3n y aumenta la vida de las palomas;\u00a0un fuerte efecto inmunoestimulador debido a la combinaci\u00f3n ideal de maltodextrina-glucano-probi\u00f3tico (Saccharomyces cerevisiae) y prop\u00f3leos;\u00a0y act\u00faa como antis\u00e9ptico, antibi\u00f3tico, antif\u00fangico y antiviral natural, previniendo la aparici\u00f3n de enfermedades infecciosas y disminuyendo el riesgo de contaminaci\u00f3n cuando las palomas entran en contacto con otras comunidades.<\/p>\n<p>Fly Power tiene un papel antiinflamatorio y mantiene la integridad de las articulaciones.\u00a0Optimiza las tasas de conversi\u00f3n alimenticia, mejora la absorci\u00f3n de nutrientes esenciales, estimula el crecimiento y desarrollo de las plumas.\u00a0Administrado durante el apareamiento, estimula la funci\u00f3n reproductiva y aumenta la incubabilidad de los huevos.<\/p>\n<h3>Ingredientes<\/h3>\n<p>Maltodextrina, dextrosa, fructosa, levaduras y sus partes (Saccharomyces cerevisiae), MSM (Metilsulfonilmetan), glucano, extracto de armadura (80% silimarina), prop\u00f3leos.<\/p>\n<h3>Dosificaci\u00f3n y administraci\u00f3n<\/h3>\n<p>5g (1 medida) por 2.2 lbs de alimento completo<\/p>\n<p><em><strong>Temporadas de cr\u00eda y muda:<\/strong><\/em>\u00a02-3 veces por semana<\/p>\n<p><em><strong>Antes de las carreras:<\/strong>\u00a0<\/em>4-6 administraciones antes del d\u00eda del vuelo \u2013 Usar 2-3\u00a0veces durante la semana de regreso\/recuperaci\u00f3n.<\/p>\n<h3>Tama\u00f1o<\/h3>\n<p>600 g (1,32 lbs) de polvo en recipiente de pl\u00e1stico<\/p>\n","protected":false},"excerpt":{"rendered":"<p>FLY POWER SE BASA EN UN COMPLEJO DE NUTRIENTES CON UN PAPEL FISIOL\u00d3GICO QUE ASEGURA EL AUMENTO DEL RENDIMIENTO DEPORTIVO Y LA MEJORA DE LAS FUNCIONES VITALES Fly Power brinda m\u00faltiples beneficios:\u00a0es rico en carbohidratos que se almacenar\u00e1n en los m\u00fasculos, interfiere en el metabolismo de las grasas al aumentar el rendimiento energ\u00e9tico y aumenta<\/p>\n<div class=\"klb-readmore button\"><a class=\"btn link\" href=\"https:\/\/klnpigeon.com\/index.php\/producto\/cest-fly-power-powder-aumenta-el-acondicionamiento-en-palomas\/\">Read More <i class=\"klbth-icon-right-arrow\"><\/i><\/a><\/div>\n","protected":false},"featured_media":4483,"comment_status":"open","ping_status":"closed","template":"","meta":[],"product_cat":[117],"product_tag":[],"class_list":{"0":"post-4488","1":"product","2":"type-product","3":"status-publish","4":"has-post-thumbnail","6":"product_cat-cest-pharma","8":"first","9":"instock","10":"shipping-taxable","11":"purchasable","12":"product-type-simple"},"jetpack_sharing_enabled":true,"_links":{"self":[{"href":"https:\/\/klnpigeon.com\/index.php\/wp-json\/wp\/v2\/product\/4488","targetHints":{"allow":["GET"]}}],"collection":[{"href":"https:\/\/klnpigeon.com\/index.php\/wp-json\/wp\/v2\/product"}],"about":[{"href":"https:\/\/klnpigeon.com\/index.php\/wp-json\/wp\/v2\/types\/product"}],"replies":[{"embeddable":true,"href":"https:\/\/klnpigeon.com\/index.php\/wp-json\/wp\/v2\/comments?post=4488"}],"wp:featuredmedia":[{"embeddable":true,"href":"https:\/\/klnpigeon.com\/index.php\/wp-json\/wp\/v2\/media\/4483"}],"wp:attachment":[{"href":"https:\/\/klnpigeon.com\/index.php\/wp-json\/wp\/v2\/media?parent=4488"}],"wp:term":[{"taxonomy":"product_cat","embeddable":true,"href":"https:\/\/klnpigeon.com\/index.php\/wp-json\/wp\/v2\/product_cat?post=4488"},{"taxonomy":"product_tag","embeddable":true,"href":"https:\/\/klnpigeon.com\/index.php\/wp-json\/wp\/v2\/product_tag?post=4488"}],"curies":[{"name":"wp","href":"https:\/\/api.w.org\/{rel}","templated":true}]}}