{"id":4480,"date":"2023-07-29T23:04:43","date_gmt":"2023-07-29T23:04:43","guid":{"rendered":"https:\/\/klnpigeon.com\/?post_type=product&#038;p=4480"},"modified":"2025-03-20T15:14:11","modified_gmt":"2025-03-20T15:14:11","slug":"cest-cx-90-ornitosis-inyeccion-respiratoria-para-palomas","status":"publish","type":"product","link":"https:\/\/klnpigeon.com\/index.php\/producto\/cest-cx-90-ornitosis-inyeccion-respiratoria-para-palomas\/","title":{"rendered":"Cest CX 90 &#8211; Ornitosis\/ Inyecci\u00f3n respiratoria para palomas"},"content":{"rendered":"<h5>UNA COMBINACI\u00d3N \u00daNICA DE TRES INGREDIENTES ACTIVOS, VITAMINA B-12 A\u00d1ADIDA Y F\u00d3SFORO QUE AYUDA A TRATAR LOS PROBLEMAS RESPIRATORIOS DE LAS PALOMAS.<\/h5>\n<p>CX 90 es una vacuna dise\u00f1ada espec\u00edficamente para ayudar en el tratamiento y la prevenci\u00f3n de los s\u00edntomas de ornitosis, como ojos h\u00famedos, sibilancias y fosas nasales h\u00famedas en palomas.\u00a0Su f\u00f3rmula patentada es diferente a cualquier otra en el mercado y, a lo largo de los a\u00f1os, ha demostrado ser una adici\u00f3n efectiva al botiqu\u00edn de cualquier aficionado.\u00a0CX 90 es una inyecci\u00f3n subcut\u00e1nea (aplicada directamente debajo de la piel) que se absorbe en el torrente sangu\u00edneo de las aves en segundos y permite inyectar f\u00e1cilmente aves individuales.<\/p>\n<h3>Productos Destacados<\/h3>\n<ul>\n<li>ayuda a tratar y prevenir los s\u00edntomas de la ornitosis, como fosas nasales h\u00famedas, sibilancias y ojos h\u00famedos\/hinchados<\/li>\n<li>formulado con una mezcla patentada de tres ingredientes activos y B12 y f\u00f3sforo agregados para una recuperaci\u00f3n impulsada<\/li>\n<li>la inyecci\u00f3n es subcut\u00e1nea, lo que permite una inyecci\u00f3n r\u00e1pida e indolora<\/li>\n<li>ideal para usar durante las temporadas de carreras y entrenamiento, donde surgen muchos s\u00edntomas respiratorios comunes<\/li>\n<li>100 dosis por botella<\/li>\n<li>formulado por colomb\u00f3filos y veterinarios aviares<\/li>\n<li>fabricado en Europa;\u00a0importado<\/li>\n<\/ul>\n<h3>Dosificaci\u00f3n y administraci\u00f3n<\/h3>\n<p>0,5 ml por paloma, por v\u00eda subcut\u00e1nea.\u00a0Durante la temporada de carreras, administrar 2 d\u00edas antes del enceste.\u00a0Mantenga a las aves en el palomar e inactivas durante 12 d\u00edas despu\u00e9s de la administraci\u00f3n.<\/p>\n<h3>Tama\u00f1o<\/h3>\n<p>50 ml (1,7 fl oz) &#8211; 100 dosis por botella<\/p>\n","protected":false},"excerpt":{"rendered":"<p>UNA COMBINACI\u00d3N \u00daNICA DE TRES INGREDIENTES ACTIVOS, VITAMINA B-12 A\u00d1ADIDA Y F\u00d3SFORO QUE AYUDA A TRATAR LOS PROBLEMAS RESPIRATORIOS DE LAS PALOMAS. CX 90 es una vacuna dise\u00f1ada espec\u00edficamente para ayudar en el tratamiento y la prevenci\u00f3n de los s\u00edntomas de ornitosis, como ojos h\u00famedos, sibilancias y fosas nasales h\u00famedas en palomas.\u00a0Su f\u00f3rmula patentada es<\/p>\n<div class=\"klb-readmore button\"><a class=\"btn link\" href=\"https:\/\/klnpigeon.com\/index.php\/producto\/cest-cx-90-ornitosis-inyeccion-respiratoria-para-palomas\/\">Read More <i class=\"klbth-icon-right-arrow\"><\/i><\/a><\/div>\n","protected":false},"featured_media":4481,"comment_status":"open","ping_status":"closed","template":"","meta":[],"product_cat":[117],"product_tag":[],"class_list":{"0":"post-4480","1":"product","2":"type-product","3":"status-publish","4":"has-post-thumbnail","6":"product_cat-cest-pharma","8":"first","9":"outofstock","10":"shipping-taxable","11":"purchasable","12":"product-type-simple"},"jetpack_sharing_enabled":true,"_links":{"self":[{"href":"https:\/\/klnpigeon.com\/index.php\/wp-json\/wp\/v2\/product\/4480","targetHints":{"allow":["GET"]}}],"collection":[{"href":"https:\/\/klnpigeon.com\/index.php\/wp-json\/wp\/v2\/product"}],"about":[{"href":"https:\/\/klnpigeon.com\/index.php\/wp-json\/wp\/v2\/types\/product"}],"replies":[{"embeddable":true,"href":"https:\/\/klnpigeon.com\/index.php\/wp-json\/wp\/v2\/comments?post=4480"}],"wp:featuredmedia":[{"embeddable":true,"href":"https:\/\/klnpigeon.com\/index.php\/wp-json\/wp\/v2\/media\/4481"}],"wp:attachment":[{"href":"https:\/\/klnpigeon.com\/index.php\/wp-json\/wp\/v2\/media?parent=4480"}],"wp:term":[{"taxonomy":"product_cat","embeddable":true,"href":"https:\/\/klnpigeon.com\/index.php\/wp-json\/wp\/v2\/product_cat?post=4480"},{"taxonomy":"product_tag","embeddable":true,"href":"https:\/\/klnpigeon.com\/index.php\/wp-json\/wp\/v2\/product_tag?post=4480"}],"curies":[{"name":"wp","href":"https:\/\/api.w.org\/{rel}","templated":true}]}}