{"id":4479,"date":"2023-07-29T23:03:15","date_gmt":"2023-07-29T23:03:15","guid":{"rendered":"https:\/\/klnpigeon.com\/?post_type=product&#038;p=4479"},"modified":"2023-08-01T03:57:02","modified_gmt":"2023-08-01T03:57:02","slug":"cest-vitamineral-para-palomas-suplemento-de-vitaminas-y-minerales","status":"publish","type":"product","link":"https:\/\/klnpigeon.com\/index.php\/producto\/cest-vitamineral-para-palomas-suplemento-de-vitaminas-y-minerales\/","title":{"rendered":"Cest Vitamineral para Palomas &#8211; Suplemento de Vitaminas y Minerales"},"content":{"rendered":"<h5>COMPLEMENTO ALIMENTICIO PERFECTAMENTE EQUILIBRADO PARA LA CR\u00cdA, LA INMUNIDAD, EL CUIDADO DE LAS PLUMAS Y EL RENDIMIENTO<\/h5>\n<p>Vitamineral ofrece una combinaci\u00f3n de vitaminas A, D3, E, K, complejo B y calcio con un papel principal en el fortalecimiento de la inmunidad y ayuda en el proceso de adaptaci\u00f3n del cuerpo a situaciones estresantes (causadas por enfermedades, vacunaci\u00f3n, transporte, aumento de humedad, fluctuaciones de temperatura , etc.).\u00a0De esta forma, se asegura el buen funcionamiento de numerosas funciones fisiol\u00f3gicas y se evitan desequilibrios metab\u00f3licos y carencias vitam\u00ednicas.<\/p>\n<h3>\u00a0Beneficios clave<\/h3>\n<ul>\n<li>Perfecto para la cr\u00eda ya que su calcio concentrado fortalece la formaci\u00f3n de la c\u00e1scara del huevo, el desarrollo del esqueleto y complementa a las gallinas.<\/li>\n<li>Fortalece el sistema inmunol\u00f3gico del cuerpo.<\/li>\n<li>Ayuda al cuerpo a adaptarse y recuperarse de situaciones estresantes como enfermedades, transporte, carreras y reproducci\u00f3n.<\/li>\n<li>El polvo fino se administra f\u00e1cilmente en el alimento y huele muy bien<\/li>\n<li>fabricado en Europa;\u00a0importado<\/li>\n<\/ul>\n<h3>Ingredientes<\/h3>\n<p>Calcio, Vitamina A, Vitamina D3, Vitamina E, Vitamina K 1, Vitamina B1, Vitamina B6, Niacinamida, \u00c1cido F\u00f3lico, D-Pantotenato de Calcio, Vitamina B12, Vitamina B2, Colorante, Saborizante.<\/p>\n<h3>Dosificaci\u00f3n y administraci\u00f3n<\/h3>\n<p><em><strong>Durante el per\u00edodo de muda, competencia o reproducci\u00f3n:<\/strong><\/em>\u00a0espolvorear 2 gramos (1\/2 cucharadita) por paloma directamente sobre el alimento o por separado en una olla o plato de arena.<\/p>\n<p>Para una mejor\u00a0\u00a0adherencia, use Cest Healthy Oil:\u00a0<a title=\"Cest Healthy Oil es una excelente mezcla de 9 aceites para palomas mensajeras, fabricado por Cest Pharma y vendido en Birdpal Products.\" href=\"https:\/\/klnpigeon.com\/index.php\/producto\/cest-pharma-healthy-oil-mezcla-de-9-aceites-para-palomas\/\" target=\"_blank\" rel=\"noopener\">haga clic aqu\u00ed para obtener m\u00e1s informaci\u00f3n.<\/a><\/p>\n<h3>Tama\u00f1o<\/h3>\n<p>2,64 libras (1,2 kilos)<\/p>\n","protected":false},"excerpt":{"rendered":"<p>COMPLEMENTO ALIMENTICIO PERFECTAMENTE EQUILIBRADO PARA LA CR\u00cdA, LA INMUNIDAD, EL CUIDADO DE LAS PLUMAS Y EL RENDIMIENTO Vitamineral ofrece una combinaci\u00f3n de vitaminas A, D3, E, K, complejo B y calcio con un papel principal en el fortalecimiento de la inmunidad y ayuda en el proceso de adaptaci\u00f3n del cuerpo a situaciones estresantes (causadas por<\/p>\n<div class=\"klb-readmore button\"><a class=\"btn link\" href=\"https:\/\/klnpigeon.com\/index.php\/producto\/cest-vitamineral-para-palomas-suplemento-de-vitaminas-y-minerales\/\">Read More <i class=\"klbth-icon-right-arrow\"><\/i><\/a><\/div>\n","protected":false},"featured_media":4474,"comment_status":"open","ping_status":"closed","template":"","meta":[],"product_cat":[117],"product_tag":[],"class_list":{"0":"post-4479","1":"product","2":"type-product","3":"status-publish","4":"has-post-thumbnail","6":"product_cat-cest-pharma","8":"first","9":"instock","10":"shipping-taxable","11":"purchasable","12":"product-type-simple"},"jetpack_sharing_enabled":true,"_links":{"self":[{"href":"https:\/\/klnpigeon.com\/index.php\/wp-json\/wp\/v2\/product\/4479","targetHints":{"allow":["GET"]}}],"collection":[{"href":"https:\/\/klnpigeon.com\/index.php\/wp-json\/wp\/v2\/product"}],"about":[{"href":"https:\/\/klnpigeon.com\/index.php\/wp-json\/wp\/v2\/types\/product"}],"replies":[{"embeddable":true,"href":"https:\/\/klnpigeon.com\/index.php\/wp-json\/wp\/v2\/comments?post=4479"}],"wp:featuredmedia":[{"embeddable":true,"href":"https:\/\/klnpigeon.com\/index.php\/wp-json\/wp\/v2\/media\/4474"}],"wp:attachment":[{"href":"https:\/\/klnpigeon.com\/index.php\/wp-json\/wp\/v2\/media?parent=4479"}],"wp:term":[{"taxonomy":"product_cat","embeddable":true,"href":"https:\/\/klnpigeon.com\/index.php\/wp-json\/wp\/v2\/product_cat?post=4479"},{"taxonomy":"product_tag","embeddable":true,"href":"https:\/\/klnpigeon.com\/index.php\/wp-json\/wp\/v2\/product_tag?post=4479"}],"curies":[{"name":"wp","href":"https:\/\/api.w.org\/{rel}","templated":true}]}}