{"id":4476,"date":"2023-07-29T23:00:25","date_gmt":"2023-07-29T23:00:25","guid":{"rendered":"https:\/\/klnpigeon.com\/?post_type=product&#038;p=4476"},"modified":"2026-03-24T16:55:30","modified_gmt":"2026-03-24T16:55:30","slug":"cest-tricogo-toda-la-prevencion-natural-de-cancro-cocos-y-hongos-en-aves","status":"publish","type":"product","link":"https:\/\/klnpigeon.com\/index.php\/producto\/cest-tricogo-toda-la-prevencion-natural-de-cancro-cocos-y-hongos-en-aves\/","title":{"rendered":"Cest Tricogo &#8211; Toda la prevenci\u00f3n natural de cancro, cocos y hongos en aves"},"content":{"rendered":"<h5>ELIMINA Y PREVIENE LA FORMACI\u00d3N DE GLAIRS EN LA GARGANTA DE LAS PALOMAS CAUSADA POR CANCRO, CANDIDA E INFECCIONES RESPIRATORIAS.<\/h5>\n<p>Tricogo, de Cest Pharma, es un eubi\u00f3tico l\u00edquido que contiene una combinaci\u00f3n de ingredientes naturales para eliminar y prevenir las infecciones contagiosas comunes en las palomas, como cancro, coccidiosis, hongos e infecciones respiratorias.<\/p>\n<p>Su nueva f\u00f3rmula \u00fanica ayuda a reducir la secreci\u00f3n de mucosidad en las v\u00edas respiratorias, lo que facilita la respiraci\u00f3n y aumenta la oxigenaci\u00f3n de los tejidos musculares.\u00a0Tricogo tambi\u00e9n tiene un efecto antiinflamatorio, retrasando la aparici\u00f3n temprana de fatiga durante los vuelos.<\/p>\n<h3>Productos Destacados<\/h3>\n<ul>\n<li>La formulaci\u00f3n totalmente natural se puede administrar a palomas de todas las edades, durante todo el a\u00f1o.<\/li>\n<li>Previene y elimina la cancrosis, la c\u00e1ndida, la coccidiosis y las infecciones relacionadas con las v\u00edas respiratorias<\/li>\n<li>Ayuda a reducir la secreci\u00f3n de mucosidad y despeja las v\u00edas respiratorias.<\/li>\n<li>Ayuda a oxigenar el torrente sangu\u00edneo, aumentando el rendimiento general<\/li>\n<li>Perfecto para usar durante la cr\u00eda y las carreras.<\/li>\n<li>Estimula la digesti\u00f3n<\/li>\n<li>Formulado por colomb\u00f3filos y veterinarios aviares<\/li>\n<li>fabricado en Europa;\u00a0importado<\/li>\n<\/ul>\n<h3>Ingredientes<\/h3>\n<p>Echinacea purpurea, Thimus sp.\u00a0Eucalipto, Plantago lanceolata, aceites esenciales.<\/p>\n<h3>Dosificaci\u00f3n y administraci\u00f3n<\/h3>\n<p>1 cucharadita (5 ml) en 1\/2 gal\u00f3n de agua potable al d\u00eda.\u00a0<strong>Muy recomendable su uso el d\u00eda del enceste y a la llegada de las carreras.\u00a0<\/strong><\/p>\n<h3>Tallas disponibles<\/h3>\n<p>Botellas de 16,9 fl oz (500 ml) y 33,8 fl oz (1L).\u00a0Tap\u00f3n medidor incluido.<\/p>\n","protected":false},"excerpt":{"rendered":"<p>ELIMINA Y PREVIENE LA FORMACI\u00d3N DE GLAIRS EN LA GARGANTA DE LAS PALOMAS CAUSADA POR CANCRO, CANDIDA E INFECCIONES RESPIRATORIAS. Tricogo, de Cest Pharma, es un eubi\u00f3tico l\u00edquido que contiene una combinaci\u00f3n de ingredientes naturales para eliminar y prevenir las infecciones contagiosas comunes en las palomas, como cancro, coccidiosis, hongos e infecciones respiratorias. Su nueva<\/p>\n<div class=\"klb-readmore button\"><a class=\"btn link\" href=\"https:\/\/klnpigeon.com\/index.php\/producto\/cest-tricogo-toda-la-prevencion-natural-de-cancro-cocos-y-hongos-en-aves\/\">Read More <i class=\"klbth-icon-right-arrow\"><\/i><\/a><\/div>\n","protected":false},"featured_media":4472,"comment_status":"open","ping_status":"closed","template":"","meta":[],"product_cat":[117],"product_tag":[],"class_list":{"0":"post-4476","1":"product","2":"type-product","3":"status-publish","4":"has-post-thumbnail","6":"product_cat-cest-pharma","8":"first","9":"instock","10":"shipping-taxable","11":"purchasable","12":"product-type-variable"},"jetpack_sharing_enabled":true,"_links":{"self":[{"href":"https:\/\/klnpigeon.com\/index.php\/wp-json\/wp\/v2\/product\/4476","targetHints":{"allow":["GET"]}}],"collection":[{"href":"https:\/\/klnpigeon.com\/index.php\/wp-json\/wp\/v2\/product"}],"about":[{"href":"https:\/\/klnpigeon.com\/index.php\/wp-json\/wp\/v2\/types\/product"}],"replies":[{"embeddable":true,"href":"https:\/\/klnpigeon.com\/index.php\/wp-json\/wp\/v2\/comments?post=4476"}],"wp:featuredmedia":[{"embeddable":true,"href":"https:\/\/klnpigeon.com\/index.php\/wp-json\/wp\/v2\/media\/4472"}],"wp:attachment":[{"href":"https:\/\/klnpigeon.com\/index.php\/wp-json\/wp\/v2\/media?parent=4476"}],"wp:term":[{"taxonomy":"product_cat","embeddable":true,"href":"https:\/\/klnpigeon.com\/index.php\/wp-json\/wp\/v2\/product_cat?post=4476"},{"taxonomy":"product_tag","embeddable":true,"href":"https:\/\/klnpigeon.com\/index.php\/wp-json\/wp\/v2\/product_tag?post=4476"}],"curies":[{"name":"wp","href":"https:\/\/api.w.org\/{rel}","templated":true}]}}