{"id":4475,"date":"2023-07-29T22:57:50","date_gmt":"2023-07-29T22:57:50","guid":{"rendered":"https:\/\/klnpigeon.com\/?post_type=product&#038;p=4475"},"modified":"2023-08-01T03:58:16","modified_gmt":"2023-08-01T03:58:16","slug":"cest-sanocest-agua-potable-desinfectante-para-palomas","status":"publish","type":"product","link":"https:\/\/klnpigeon.com\/index.php\/producto\/cest-sanocest-agua-potable-desinfectante-para-palomas\/","title":{"rendered":"Cest Sanocest &#8211; Agua Potable Desinfectante para Palomas"},"content":{"rendered":"<p>Act\u00faa contra bacterias, virus, hongos, esporas, incluido el virus de la gripe aviar (H7N1).\u00a0Act\u00faa de forma segura y r\u00e1pida en el agua de bebida, contra todo tipo de pat\u00f3genos y contaminaci\u00f3n org\u00e1nica en el agua.\u00a0Es muy bueno para usar en el agua de bebida de las palomas durante el transporte porque as\u00ed las palomas no se contaminan en el carro de transporte.<\/p>\n<h3>Dosificaci\u00f3n y administraci\u00f3n<\/h3>\n<p>Al administrar Sanocest usaremos menos antibi\u00f3ticos, habr\u00e1 menos estr\u00e9s, menos enfermedades, mejor rendimiento, palomas sanas, mudas m\u00e1s r\u00e1pidas, resistencia a enfermedades, mayor resistencia durante los vuelos y un sistema inmunol\u00f3gico m\u00e1s fuerte.<\/p>\n<p>Instrucciones de uso: 5 ml de\u00a0\u00a0<strong>Sanocest<\/strong>\u00a0\u00a0por 1 litro de agua de bebida.<br \/>\nIngredientes: \u00e1cido hipocloroso aprox.\u00a0300 mg\/litro, sal activada por electr\u00f3lisis.<br \/>\nNo contiene aditivos qu\u00edmicos.<\/p>\n<h3>Tama\u00f1o<\/h3>\n<p>1 L (33,8 fl oz) en botella de pl\u00e1stico.<\/p>\n","protected":false},"excerpt":{"rendered":"<p>Act\u00faa contra bacterias, virus, hongos, esporas, incluido el virus de la gripe aviar (H7N1).\u00a0Act\u00faa de forma segura y r\u00e1pida en el agua de bebida, contra todo tipo de pat\u00f3genos y contaminaci\u00f3n org\u00e1nica en el agua.\u00a0Es muy bueno para usar en el agua de bebida de las palomas durante el transporte porque as\u00ed las palomas no<\/p>\n<div class=\"klb-readmore button\"><a class=\"btn link\" href=\"https:\/\/klnpigeon.com\/index.php\/producto\/cest-sanocest-agua-potable-desinfectante-para-palomas\/\">Read More <i class=\"klbth-icon-right-arrow\"><\/i><\/a><\/div>\n","protected":false},"featured_media":4470,"comment_status":"open","ping_status":"closed","template":"","meta":[],"product_cat":[117],"product_tag":[],"class_list":{"0":"post-4475","1":"product","2":"type-product","3":"status-publish","4":"has-post-thumbnail","6":"product_cat-cest-pharma","8":"first","9":"instock","10":"shipping-taxable","11":"purchasable","12":"product-type-simple"},"jetpack_sharing_enabled":true,"_links":{"self":[{"href":"https:\/\/klnpigeon.com\/index.php\/wp-json\/wp\/v2\/product\/4475","targetHints":{"allow":["GET"]}}],"collection":[{"href":"https:\/\/klnpigeon.com\/index.php\/wp-json\/wp\/v2\/product"}],"about":[{"href":"https:\/\/klnpigeon.com\/index.php\/wp-json\/wp\/v2\/types\/product"}],"replies":[{"embeddable":true,"href":"https:\/\/klnpigeon.com\/index.php\/wp-json\/wp\/v2\/comments?post=4475"}],"wp:featuredmedia":[{"embeddable":true,"href":"https:\/\/klnpigeon.com\/index.php\/wp-json\/wp\/v2\/media\/4470"}],"wp:attachment":[{"href":"https:\/\/klnpigeon.com\/index.php\/wp-json\/wp\/v2\/media?parent=4475"}],"wp:term":[{"taxonomy":"product_cat","embeddable":true,"href":"https:\/\/klnpigeon.com\/index.php\/wp-json\/wp\/v2\/product_cat?post=4475"},{"taxonomy":"product_tag","embeddable":true,"href":"https:\/\/klnpigeon.com\/index.php\/wp-json\/wp\/v2\/product_tag?post=4475"}],"curies":[{"name":"wp","href":"https:\/\/api.w.org\/{rel}","templated":true}]}}