{"id":4467,"date":"2023-07-29T22:57:02","date_gmt":"2023-07-29T22:57:02","guid":{"rendered":"https:\/\/klnpigeon.com\/?post_type=product&#038;p=4467"},"modified":"2023-07-30T02:24:56","modified_gmt":"2023-07-30T02:24:56","slug":"cest-airway-drops-para-palomas-para-un-sistema-respiratorio-limpio","status":"publish","type":"product","link":"https:\/\/klnpigeon.com\/index.php\/producto\/cest-airway-drops-para-palomas-para-un-sistema-respiratorio-limpio\/","title":{"rendered":"Cest Airway Drops para palomas &#8211; Para un sistema respiratorio limpio"},"content":{"rendered":"<h5 class=\"module module-text tb_7z8y562\"><span>\u00bfLAS PALOMAS ESTORNUDAN O TIENEN LAS FOSAS NASALES BLOQUEADAS?<\/span><\/h5>\n<div class=\"module module-text tb_7z8y562\"><span>Las gotas para las v\u00edas respiratorias de Cest Pharma para palomas son su opci\u00f3n n\u00famero uno para tratar infecciones y congesti\u00f3n leves de las v\u00edas respiratorias superiores.\u00a0Airway Drops contiene una mezcla \u00f3ptima de extractos de hierbas, todos 100% naturales, que ayudan a limpiar el tracto respiratorio superior cuando las palomas estornudan o tienen los conductos nasales bloqueados.\u00a0Ideales para usar durante el entrenamiento y las carreras ya que no afectan el acondicionamiento ni el sistema inmunol\u00f3gico del ave.\u00a0Formulado y probado por colomb\u00f3filos en Europa.\u00a0<\/span><\/div>\n<div class=\"module module-text tb_7z8y562\"><\/div>\n<p><strong><span>Ingredientes<\/span><\/strong><\/p>\n<p><span>Aceite esencial de menta, hidrolato de tomillo vulgar<\/span><\/p>\n<h3><span>Administraci\u00f3n<\/span><\/h3>\n<p><em><strong><span>Como tratamiento:<\/span><\/strong>\u00a0<\/em><span>1 gota en cada fosa nasal dos veces al d\u00eda, durante 2-3 d\u00edas.<\/span><\/p>\n<p><em><strong><span>D\u00eda del enceste:<\/span><\/strong><\/em><span>\u00a01 gota por fosa nasal.<\/span><\/p>\n<h3><span>Tama\u00f1o<\/span><\/h3>\n<p><span>30 ml (1 fl oz) de l\u00edquido en botella de vidrio con cuentagotas.\u00a0<\/span><\/p>\n","protected":false},"excerpt":{"rendered":"<p>\u00bfLAS PALOMAS ESTORNUDAN O TIENEN LAS FOSAS NASALES BLOQUEADAS? Las gotas para las v\u00edas respiratorias de Cest Pharma para palomas son su opci\u00f3n n\u00famero uno para tratar infecciones y congesti\u00f3n leves de las v\u00edas respiratorias superiores.\u00a0Airway Drops contiene una mezcla \u00f3ptima de extractos de hierbas, todos 100% naturales, que ayudan a limpiar el tracto respiratorio<\/p>\n<div class=\"klb-readmore button\"><a class=\"btn link\" href=\"https:\/\/klnpigeon.com\/index.php\/producto\/cest-airway-drops-para-palomas-para-un-sistema-respiratorio-limpio\/\">Read More <i class=\"klbth-icon-right-arrow\"><\/i><\/a><\/div>\n","protected":false},"featured_media":4468,"comment_status":"open","ping_status":"closed","template":"","meta":[],"product_cat":[117],"product_tag":[],"class_list":{"0":"post-4467","1":"product","2":"type-product","3":"status-publish","4":"has-post-thumbnail","6":"product_cat-cest-pharma","8":"first","9":"instock","10":"shipping-taxable","11":"purchasable","12":"product-type-simple"},"jetpack_sharing_enabled":true,"_links":{"self":[{"href":"https:\/\/klnpigeon.com\/index.php\/wp-json\/wp\/v2\/product\/4467","targetHints":{"allow":["GET"]}}],"collection":[{"href":"https:\/\/klnpigeon.com\/index.php\/wp-json\/wp\/v2\/product"}],"about":[{"href":"https:\/\/klnpigeon.com\/index.php\/wp-json\/wp\/v2\/types\/product"}],"replies":[{"embeddable":true,"href":"https:\/\/klnpigeon.com\/index.php\/wp-json\/wp\/v2\/comments?post=4467"}],"wp:featuredmedia":[{"embeddable":true,"href":"https:\/\/klnpigeon.com\/index.php\/wp-json\/wp\/v2\/media\/4468"}],"wp:attachment":[{"href":"https:\/\/klnpigeon.com\/index.php\/wp-json\/wp\/v2\/media?parent=4467"}],"wp:term":[{"taxonomy":"product_cat","embeddable":true,"href":"https:\/\/klnpigeon.com\/index.php\/wp-json\/wp\/v2\/product_cat?post=4467"},{"taxonomy":"product_tag","embeddable":true,"href":"https:\/\/klnpigeon.com\/index.php\/wp-json\/wp\/v2\/product_tag?post=4467"}],"curies":[{"name":"wp","href":"https:\/\/api.w.org\/{rel}","templated":true}]}}