{"id":4465,"date":"2023-07-29T22:53:38","date_gmt":"2023-07-29T22:53:38","guid":{"rendered":"https:\/\/klnpigeon.com\/?post_type=product&#038;p=4465"},"modified":"2024-11-14T20:52:45","modified_gmt":"2024-11-14T20:52:45","slug":"cest-bdc-levadura-de-cerveza-dextrosa-y-vitamina-c-para-la-recuperacion","status":"publish","type":"product","link":"https:\/\/klnpigeon.com\/index.php\/producto\/cest-bdc-levadura-de-cerveza-dextrosa-y-vitamina-c-para-la-recuperacion\/","title":{"rendered":"Cest BDC &#8211; Levadura de cerveza, dextrosa y vitamina C para la recuperaci\u00f3n"},"content":{"rendered":"<div class=\"module module-text tb_f2gh400\">\n<div class=\"tb_text_wrap\">\n<h5>UN PRODUCTO EXCEPCIONAL QUE CONTIENE LEVADURA DE CERVEZA, DEXTROSA Y VITAMINA C PARA UNA M\u00c1XIMA RECUPERACI\u00d3N<\/h5>\n<\/div>\n<\/div>\n<div class=\"tb_text_wrap\">\n<div class=\"et_pb_module et_pb_text et_pb_text_1 et_pb_text_align_left et_pb_bg_layout_light\">\n<div class=\"et_pb_text_inner\">\n<p>El BDC en polvo para palomas mensajeras de Cest Pharma contiene levadura de cerveza, dextrosa y Vitamina C. Con un alto valor biol\u00f3gico, el BDC mejora la salud general y favorece el buen estado f\u00edsico.\u00a0La levadura de cerveza es rica en prote\u00ednas y amino\u00e1cidos esenciales y la dextrosa asegura la necesidad de una r\u00e1pida absorci\u00f3n de carbohidratos.\u00a0Adem\u00e1s, la vitamina C es un excelente antioxidante que previene la fatiga y mantiene la regeneraci\u00f3n celular.<\/p>\n<\/div>\n<\/div>\n<\/div>\n<div class=\"module module-text tb_wn2j401\">\n<div class=\"tb_text_wrap\">\n<div class=\"et_pb_module et_pb_text et_pb_text_1 et_pb_text_align_left et_pb_bg_layout_light\">\n<div class=\"et_pb_text_inner\">\n<div class=\"et_pb_column et_pb_column_4_4 et_pb_column_3 et_pb_css_mix_blend_mode_passthrough et-last-child\">\n<div class=\"et_pb_module et_pb_text et_pb_text_2 et_pb_text_align_left et_pb_bg_layout_light\">\n<div class=\"et_pb_text_inner\">\n<h3>Ingredientes<\/h3>\n<p>Levadura de cerveza, Dextrosa, Vitamina C<\/p>\n<p><strong>CONSTITUYENTES ANAL\u00cdTICOS:<\/strong><\/p>\n<p>Prote\u00ednas 30,80%, Carbohidratos 18,30%, Humedad 6,30%, Cenizas 4,60%, Fibra 1,50%, Grasa 0,80%<\/p>\n<h3>Dosificaci\u00f3n y administraci\u00f3n<\/h3>\n<p>1 cuchara (incluida) para 2.5 lbs de alimento.\u00a0Se recomienda humedecer el grano con\u00a0<a title=\"Aceite de ajo para palomas Cest Pharma de venta en Birdpal Products.\" href=\"https:\/\/klnpigeon.com\/index.php\/producto\/cest-pharma-aceite-de-ajo-para-palomas\/\" target=\"_blank\" rel=\"noopener\">Aceite de Ajo de Cest Pharma<\/a>\u00a0antes de a\u00f1adir BDC.\u00a0<a title=\"https:\/\/birdpalproducts.com\/collections\/oils-1\/Pigeons\" href=\"https:\/\/klnpigeon.com\/index.php\/producto\/cest-pharma-aceite-de-ajo-para-palomas\/\" target=\"_blank\" rel=\"noopener\">Compra aceites aqu\u00ed.<\/a><\/p>\n<p>Durante la temporada de carreras: administrar el d\u00eda de llegada y el d\u00eda siguiente.<br \/>\nDurante la cr\u00eda, muda y descanso: administrar 1-2 veces por semana.<\/p>\n<h3>Tama\u00f1o<\/h3>\n<p>600 g (1,3 lbs) de polvo en frasco de pl\u00e1stico<\/p>\n<\/div>\n<\/div>\n<\/div>\n<\/div>\n<\/div>\n<\/div>\n<\/div>\n","protected":false},"excerpt":{"rendered":"<p>UN PRODUCTO EXCEPCIONAL QUE CONTIENE LEVADURA DE CERVEZA, DEXTROSA Y VITAMINA C PARA UNA M\u00c1XIMA RECUPERACI\u00d3N El BDC en polvo para palomas mensajeras de Cest Pharma contiene levadura de cerveza, dextrosa y Vitamina C. Con un alto valor biol\u00f3gico, el BDC mejora la salud general y favorece el buen estado f\u00edsico.\u00a0La levadura de cerveza es<\/p>\n<div class=\"klb-readmore button\"><a class=\"btn link\" href=\"https:\/\/klnpigeon.com\/index.php\/producto\/cest-bdc-levadura-de-cerveza-dextrosa-y-vitamina-c-para-la-recuperacion\/\">Read More <i class=\"klbth-icon-right-arrow\"><\/i><\/a><\/div>\n","protected":false},"featured_media":4461,"comment_status":"open","ping_status":"closed","template":"","meta":[],"product_cat":[117],"product_tag":[],"class_list":{"0":"post-4465","1":"product","2":"type-product","3":"status-publish","4":"has-post-thumbnail","6":"product_cat-cest-pharma","8":"first","9":"instock","10":"shipping-taxable","11":"purchasable","12":"product-type-simple"},"jetpack_sharing_enabled":true,"_links":{"self":[{"href":"https:\/\/klnpigeon.com\/index.php\/wp-json\/wp\/v2\/product\/4465","targetHints":{"allow":["GET"]}}],"collection":[{"href":"https:\/\/klnpigeon.com\/index.php\/wp-json\/wp\/v2\/product"}],"about":[{"href":"https:\/\/klnpigeon.com\/index.php\/wp-json\/wp\/v2\/types\/product"}],"replies":[{"embeddable":true,"href":"https:\/\/klnpigeon.com\/index.php\/wp-json\/wp\/v2\/comments?post=4465"}],"wp:featuredmedia":[{"embeddable":true,"href":"https:\/\/klnpigeon.com\/index.php\/wp-json\/wp\/v2\/media\/4461"}],"wp:attachment":[{"href":"https:\/\/klnpigeon.com\/index.php\/wp-json\/wp\/v2\/media?parent=4465"}],"wp:term":[{"taxonomy":"product_cat","embeddable":true,"href":"https:\/\/klnpigeon.com\/index.php\/wp-json\/wp\/v2\/product_cat?post=4465"},{"taxonomy":"product_tag","embeddable":true,"href":"https:\/\/klnpigeon.com\/index.php\/wp-json\/wp\/v2\/product_tag?post=4465"}],"curies":[{"name":"wp","href":"https:\/\/api.w.org\/{rel}","templated":true}]}}