{"id":4464,"date":"2023-07-29T22:51:12","date_gmt":"2023-07-29T22:51:12","guid":{"rendered":"https:\/\/klnpigeon.com\/?post_type=product&#038;p=4464"},"modified":"2025-04-01T17:59:27","modified_gmt":"2025-04-01T17:59:27","slug":"cest-biotics-pre-y-probioticos-con-calsporin-para-palomas","status":"publish","type":"product","link":"https:\/\/klnpigeon.com\/index.php\/producto\/cest-biotics-pre-y-probioticos-con-calsporin-para-palomas\/","title":{"rendered":"Cest Biotics &#8211; Pre y probi\u00f3ticos con Calsporin\u00ae para palomas"},"content":{"rendered":"<h5>UN PRE Y PROBI\u00d3TICO COMPLETO PARA UN SISTEMA INMUNOL\u00d3GICO Y DIGESTIVO MEJORADO<\/h5>\n<p>Biotics contiene bacterias pre y probi\u00f3ticas necesarias para que la flora intestinal sea resistente a varios tipos de antibi\u00f3ticos, y crea un ambiente anaer\u00f3bico que favorece la multiplicaci\u00f3n de bacterias beneficiosas reduciendo as\u00ed la reducci\u00f3n de g\u00e9rmenes infecciosos.\u00a0M\u00e1s importante a\u00fan, lo que coloca a Biotics por encima de otros probi\u00f3ticos b\u00e1sicos es que su ingrediente principal es\u00a0\u00a0<strong>Calsporin\u00ae<\/strong>\u00a0, que es un producto microbiano vivo de calidad alimenticia que es el est\u00e1ndar de la industria en granjas av\u00edcolas y porcinas.<\/p>\n<h3>Beneficios clave<\/h3>\n<ul>\n<li>Contiene pre\/probi\u00f3ticos que son necesarios para la flora intestinal y la salud inmunol\u00f3gica<\/li>\n<li>Contiene Calsporin\u00a0<strong>\u00ae<\/strong>\u00a0, el est\u00e1ndar de la industria ganadera para microbios vivos<\/li>\n<li>Estimular el sistema inmunol\u00f3gico, lo que conduce a una absorci\u00f3n \u00f3ptima de los nutrientes esenciales necesarios para una salud perfecta y un rendimiento superior.<\/li>\n<li>Ayuda a proteger la funci\u00f3n hep\u00e1tica.<\/li>\n<li>Mantiene la funcionalidad articular y reduce las reacciones inflamatorias post-vuelo<\/li>\n<li>Desarrollado y probado por colomb\u00f3filos<\/li>\n<li>Fabricado en Europa con ingredientes de calidad.<\/li>\n<li>Importado<\/li>\n<\/ul>\n<h3>Ingredientes<\/h3>\n<p>Calsporin\u00ae (Bacillus subtilis C-3102), Enteroccocus faecium, maltodextrina, dextrosa, MSM.<\/p>\n<h3>Administraci\u00f3n<\/h3>\n<p>5g (1 medida) por 2.5 lbs de alimento.<\/p>\n<h3>\u00a0Tama\u00f1o<\/h3>\n<p>600 g (1,3 libras) de polvo.<\/p>\n","protected":false},"excerpt":{"rendered":"<p>UN PRE Y PROBI\u00d3TICO COMPLETO PARA UN SISTEMA INMUNOL\u00d3GICO Y DIGESTIVO MEJORADO Biotics contiene bacterias pre y probi\u00f3ticas necesarias para que la flora intestinal sea resistente a varios tipos de antibi\u00f3ticos, y crea un ambiente anaer\u00f3bico que favorece la multiplicaci\u00f3n de bacterias beneficiosas reduciendo as\u00ed la reducci\u00f3n de g\u00e9rmenes infecciosos.\u00a0M\u00e1s importante a\u00fan, lo que coloca<\/p>\n<div class=\"klb-readmore button\"><a class=\"btn link\" href=\"https:\/\/klnpigeon.com\/index.php\/producto\/cest-biotics-pre-y-probioticos-con-calsporin-para-palomas\/\">Read More <i class=\"klbth-icon-right-arrow\"><\/i><\/a><\/div>\n","protected":false},"featured_media":4459,"comment_status":"open","ping_status":"closed","template":"","meta":[],"product_cat":[117],"product_tag":[],"class_list":{"0":"post-4464","1":"product","2":"type-product","3":"status-publish","4":"has-post-thumbnail","6":"product_cat-cest-pharma","8":"first","9":"instock","10":"shipping-taxable","11":"purchasable","12":"product-type-simple"},"jetpack_sharing_enabled":true,"_links":{"self":[{"href":"https:\/\/klnpigeon.com\/index.php\/wp-json\/wp\/v2\/product\/4464","targetHints":{"allow":["GET"]}}],"collection":[{"href":"https:\/\/klnpigeon.com\/index.php\/wp-json\/wp\/v2\/product"}],"about":[{"href":"https:\/\/klnpigeon.com\/index.php\/wp-json\/wp\/v2\/types\/product"}],"replies":[{"embeddable":true,"href":"https:\/\/klnpigeon.com\/index.php\/wp-json\/wp\/v2\/comments?post=4464"}],"wp:featuredmedia":[{"embeddable":true,"href":"https:\/\/klnpigeon.com\/index.php\/wp-json\/wp\/v2\/media\/4459"}],"wp:attachment":[{"href":"https:\/\/klnpigeon.com\/index.php\/wp-json\/wp\/v2\/media?parent=4464"}],"wp:term":[{"taxonomy":"product_cat","embeddable":true,"href":"https:\/\/klnpigeon.com\/index.php\/wp-json\/wp\/v2\/product_cat?post=4464"},{"taxonomy":"product_tag","embeddable":true,"href":"https:\/\/klnpigeon.com\/index.php\/wp-json\/wp\/v2\/product_tag?post=4464"}],"curies":[{"name":"wp","href":"https:\/\/api.w.org\/{rel}","templated":true}]}}