{"id":4456,"date":"2023-07-29T22:50:01","date_gmt":"2023-07-29T22:50:01","guid":{"rendered":"https:\/\/klnpigeon.com\/?post_type=product&#038;p=4456"},"modified":"2025-07-30T12:58:31","modified_gmt":"2025-07-30T12:58:31","slug":"cest-pharma-carnix-tabs-tratamiento-con-carnidazol-para-pajaros","status":"publish","type":"product","link":"https:\/\/klnpigeon.com\/index.php\/producto\/cest-pharma-carnix-tabs-tratamiento-con-carnidazol-para-pajaros\/","title":{"rendered":"Cest Pharma Carnix Tabs &#8211; Tratamiento con carnidazol para p\u00e1jaros"},"content":{"rendered":"<h5 class=\"module module-text tb_vsqn965\"><span>LA P\u00cdLDORA DE TRATAMIENTO DE CANCRO (TRICOMONIASIS) M\u00c1S SEGURA Y EFECTIVA PARA USAR EN AVES J\u00d3VENES Y AVES EN COMPETENCIA.\u00a0\u00a1MEJOR VALOR QUE LAS TABLETAS SPARTRIX!<\/span><\/h5>\n<div class=\"module module-text tb_vsqn965\">\n<div class=\"tb_text_wrap\">\n<div class=\"et_pb_module et_pb_text et_pb_text_1 et_pb_text_align_left et_pb_bg_layout_light\">\n<div class=\"et_pb_text_inner\">\n<p><span>Carnix Tabs est\u00e1 compuesto por Carnidazol, que es uno de los principios activos m\u00e1s utilizados en el tratamiento de la\u00a0\u00a0<\/span>tricomoniasis (chancro) y la hexamitiasis<span>\u00a0en aves j\u00f3venes y adultas.<\/span><\/p>\n<p><a title=\"La primicia sobre el cancro es un blog escrito por Birdpall Products.  Explica qu\u00e9 es el cancro en las aves y c\u00f3mo tratarlo adecuadamente.\" href=\"https:\/\/klnpigeon.com\/index.php\/2022\/10\/13\/the-scoop-on-cancro-in-cage-birds-pigeons-chickens\/\" target=\"_blank\" rel=\"noopener\"><span>Aprenda la primicia sobre el cancro aqu\u00ed.<\/span><\/a><\/p>\n<h3><span>Beneficios clave<\/span><\/h3>\n<ul>\n<li><span>Cada comprimido contiene 10mg de Carnidazol, uno de los ingredientes m\u00e1s efectivos para combatir la cancrosis (tricomoniasis) y la hexamitiasis<\/span><\/li>\n<li><span>Se puede administrar de manera segura a aves j\u00f3venes con cancro en el siguiente o durante el destete (1\/2 tableta por ave)<\/span><\/li>\n<li><span>Suave con sus p\u00e1jaros, pero lo suficientemente potente como para eliminar la tricomoniasis con una sola pastilla<\/span><\/li>\n<li><span>El carnidazol tambi\u00e9n se usa com\u00fanmente en halcones y otras rapaces.<\/span><\/li>\n<li><span>Una manera f\u00e1cil y conveniente de tratar aves individuales<\/span><\/li>\n<li><span>Formulado por veterinarios, probado por colomb\u00f3filos<\/span><\/li>\n<li><span>Fabricado en Europa con ingredientes de calidad.<\/span><\/li>\n<li><span>Importado<\/span><\/li>\n<\/ul>\n<\/div>\n<\/div>\n<\/div>\n<\/div>\n<div class=\"module module-text tb_ctbu966\">\n<div class=\"tb_text_wrap\">\n<div class=\"et_pb_module et_pb_text et_pb_text_1 et_pb_text_align_left et_pb_bg_layout_light\">\n<div class=\"et_pb_text_inner\">\n<div class=\"et_pb_column et_pb_column_4_4 et_pb_column_3 et_pb_css_mix_blend_mode_passthrough et-last-child\">\n<div class=\"et_pb_module et_pb_text et_pb_text_2 et_pb_text_align_left et_pb_bg_layout_light\">\n<div class=\"et_pb_text_inner\">\n<h3><span>Ingrediente activo<\/span><\/h3>\n<p><span>10 mg de carnidazol<\/span><\/p>\n<h3><span>Dosificaci\u00f3n y administraci\u00f3n<\/span><\/h3>\n<p><span>1 tableta por paloma (~1.1 lbs de peso corporal) por un d\u00eda.\u00a0\u00bd comprimido por ave joven durante el destete durante 1 d\u00eda.\u00a0<\/span><\/p>\n<h3><span>Tama\u00f1o<\/span><\/h3>\n<p><span>50 tabletas<\/span><\/p>\n<h3><span>Advertencia<\/span><\/h3>\n<p><span>No utilizar en caso de sensibilidad conocida a los ingredientes o durante la \u00e9poca de muda.\u00a0<\/span><\/p>\n<p>&nbsp;<\/p>\n<\/div>\n<div class=\"et_pb_text_inner\"><span style=\"color: #ff0000;\">* Descargo de responsabilidad: este producto es solo para aves de compa\u00f1\u00eda.\u00a0No para animales cuya carne o huevos se destinen al consumo humano*<\/span><\/div>\n<\/div>\n<\/div>\n<\/div>\n<\/div>\n<\/div>\n<\/div>\n","protected":false},"excerpt":{"rendered":"<p>LA P\u00cdLDORA DE TRATAMIENTO DE CANCRO (TRICOMONIASIS) M\u00c1S SEGURA Y EFECTIVA PARA USAR EN AVES J\u00d3VENES Y AVES EN COMPETENCIA.\u00a0\u00a1MEJOR VALOR QUE LAS TABLETAS SPARTRIX! Carnix Tabs est\u00e1 compuesto por Carnidazol, que es uno de los principios activos m\u00e1s utilizados en el tratamiento de la\u00a0\u00a0tricomoniasis (chancro) y la hexamitiasis\u00a0en aves j\u00f3venes y adultas. Aprenda la<\/p>\n<div class=\"klb-readmore button\"><a class=\"btn link\" href=\"https:\/\/klnpigeon.com\/index.php\/producto\/cest-pharma-carnix-tabs-tratamiento-con-carnidazol-para-pajaros\/\">Read More <i class=\"klbth-icon-right-arrow\"><\/i><\/a><\/div>\n","protected":false},"featured_media":4457,"comment_status":"open","ping_status":"closed","template":"","meta":[],"product_cat":[117],"product_tag":[],"class_list":{"0":"post-4456","1":"product","2":"type-product","3":"status-publish","4":"has-post-thumbnail","6":"product_cat-cest-pharma","8":"first","9":"instock","10":"shipping-taxable","11":"purchasable","12":"product-type-simple"},"jetpack_sharing_enabled":true,"_links":{"self":[{"href":"https:\/\/klnpigeon.com\/index.php\/wp-json\/wp\/v2\/product\/4456","targetHints":{"allow":["GET"]}}],"collection":[{"href":"https:\/\/klnpigeon.com\/index.php\/wp-json\/wp\/v2\/product"}],"about":[{"href":"https:\/\/klnpigeon.com\/index.php\/wp-json\/wp\/v2\/types\/product"}],"replies":[{"embeddable":true,"href":"https:\/\/klnpigeon.com\/index.php\/wp-json\/wp\/v2\/comments?post=4456"}],"wp:featuredmedia":[{"embeddable":true,"href":"https:\/\/klnpigeon.com\/index.php\/wp-json\/wp\/v2\/media\/4457"}],"wp:attachment":[{"href":"https:\/\/klnpigeon.com\/index.php\/wp-json\/wp\/v2\/media?parent=4456"}],"wp:term":[{"taxonomy":"product_cat","embeddable":true,"href":"https:\/\/klnpigeon.com\/index.php\/wp-json\/wp\/v2\/product_cat?post=4456"},{"taxonomy":"product_tag","embeddable":true,"href":"https:\/\/klnpigeon.com\/index.php\/wp-json\/wp\/v2\/product_tag?post=4456"}],"curies":[{"name":"wp","href":"https:\/\/api.w.org\/{rel}","templated":true}]}}