{"id":4455,"date":"2023-07-29T22:47:31","date_gmt":"2023-07-29T22:47:31","guid":{"rendered":"https:\/\/klnpigeon.com\/?post_type=product&#038;p=4455"},"modified":"2025-04-24T14:36:41","modified_gmt":"2025-04-24T14:36:41","slug":"cest-vit-amino-vitaminas-y-aminoacidos-para-palomas","status":"publish","type":"product","link":"https:\/\/klnpigeon.com\/index.php\/producto\/cest-vit-amino-vitaminas-y-aminoacidos-para-palomas\/","title":{"rendered":"Cest Vit Amino &#8211; Vitaminas y Amino\u00e1cidos para Palomas"},"content":{"rendered":"<div class=\"module module-text tb_srau109\">\n<div class=\"tb_text_wrap\">\n<div class=\"et_pb_module et_pb_text et_pb_text_1 et_pb_text_align_left et_pb_bg_layout_light\">\n<div class=\"et_pb_text_inner\">\n<h5>AYUDA EN LAS DEFICIENCIAS DE VITAMINAS Y AMINO\u00c1CIDOS, ESTR\u00c9S (CAUSADO POR VACUNAS, ENFERMEDADES, TRANSPORTE, HUMEDAD Y TEMPERATURA EXTREMAS) Y MEJORA LA TASA DE CONVERSI\u00d3N DE ALIMENTOS<\/h5>\n<p>Vit Amino es un suplemento nutricional con una composici\u00f3n equilibrada de vitaminas y amino\u00e1cidos esenciales para que sus palomas mensajeras est\u00e9n en \u00f3ptimas condiciones.\u00a0Excelente para usar como complemento en el tratamiento de problemas respiratorios e intestinales.<\/p>\n<p>Beneficios clave<\/p>\n<ul>\n<li>Ayuda con las deficiencias de vitaminas y amino\u00e1cidos.<\/li>\n<li>Mejora la salud de las aves al superar situaciones estresantes causadas por vacunas, enfermedades, transporte o calor\/humedad extrema<\/li>\n<li>Aumenta la resistencia y la producci\u00f3n muscular.<\/li>\n<li>Mejora la producci\u00f3n de plumas.<\/li>\n<li>La f\u00f3rmula concentrada se digiere f\u00e1cilmente y se absorbe r\u00e1pidamente.<\/li>\n<li>Formulado y probado por colomb\u00f3filos<\/li>\n<li>Hecho en Europa<\/li>\n<li>Importado<\/li>\n<\/ul>\n<\/div>\n<\/div>\n<\/div>\n<\/div>\n<div class=\"module module-text tb_r4xk110\">\n<div class=\"tb_text_wrap\">\n<div class=\"et_pb_module et_pb_text et_pb_text_1 et_pb_text_align_left et_pb_bg_layout_light\">\n<div class=\"et_pb_text_inner\">\n<div class=\"et_pb_column et_pb_column_4_4 et_pb_column_3 et_pb_css_mix_blend_mode_passthrough et-last-child\">\n<div class=\"et_pb_module et_pb_text et_pb_text_2 et_pb_text_align_left et_pb_bg_layout_light\">\n<div class=\"et_pb_text_inner\">\n<p>&nbsp;<\/p>\n<h3>Dosificaci\u00f3n y administraci\u00f3n<\/h3>\n<p>3 ml por 2 cuartos de gal\u00f3n de agua potable.\u00a0Se incluye jeringa dosificadora.<\/p>\n<h3>Tama\u00f1o<\/h3>\n<p>250 ml (8,5 onzas l\u00edquidas)<\/p>\n<\/div>\n<\/div>\n<\/div>\n<\/div>\n<\/div>\n<\/div>\n<\/div>\n","protected":false},"excerpt":{"rendered":"<p>AYUDA EN LAS DEFICIENCIAS DE VITAMINAS Y AMINO\u00c1CIDOS, ESTR\u00c9S (CAUSADO POR VACUNAS, ENFERMEDADES, TRANSPORTE, HUMEDAD Y TEMPERATURA EXTREMAS) Y MEJORA LA TASA DE CONVERSI\u00d3N DE ALIMENTOS Vit Amino es un suplemento nutricional con una composici\u00f3n equilibrada de vitaminas y amino\u00e1cidos esenciales para que sus palomas mensajeras est\u00e9n en \u00f3ptimas condiciones.\u00a0Excelente para usar como complemento en<\/p>\n<div class=\"klb-readmore button\"><a class=\"btn link\" href=\"https:\/\/klnpigeon.com\/index.php\/producto\/cest-vit-amino-vitaminas-y-aminoacidos-para-palomas\/\">Read More <i class=\"klbth-icon-right-arrow\"><\/i><\/a><\/div>\n","protected":false},"featured_media":4451,"comment_status":"open","ping_status":"closed","template":"","meta":[],"product_cat":[117],"product_tag":[],"class_list":{"0":"post-4455","1":"product","2":"type-product","3":"status-publish","4":"has-post-thumbnail","6":"product_cat-cest-pharma","8":"first","9":"outofstock","10":"shipping-taxable","11":"purchasable","12":"product-type-simple"},"jetpack_sharing_enabled":true,"_links":{"self":[{"href":"https:\/\/klnpigeon.com\/index.php\/wp-json\/wp\/v2\/product\/4455","targetHints":{"allow":["GET"]}}],"collection":[{"href":"https:\/\/klnpigeon.com\/index.php\/wp-json\/wp\/v2\/product"}],"about":[{"href":"https:\/\/klnpigeon.com\/index.php\/wp-json\/wp\/v2\/types\/product"}],"replies":[{"embeddable":true,"href":"https:\/\/klnpigeon.com\/index.php\/wp-json\/wp\/v2\/comments?post=4455"}],"wp:featuredmedia":[{"embeddable":true,"href":"https:\/\/klnpigeon.com\/index.php\/wp-json\/wp\/v2\/media\/4451"}],"wp:attachment":[{"href":"https:\/\/klnpigeon.com\/index.php\/wp-json\/wp\/v2\/media?parent=4455"}],"wp:term":[{"taxonomy":"product_cat","embeddable":true,"href":"https:\/\/klnpigeon.com\/index.php\/wp-json\/wp\/v2\/product_cat?post=4455"},{"taxonomy":"product_tag","embeddable":true,"href":"https:\/\/klnpigeon.com\/index.php\/wp-json\/wp\/v2\/product_tag?post=4455"}],"curies":[{"name":"wp","href":"https:\/\/api.w.org\/{rel}","templated":true}]}}