{"id":4453,"date":"2023-07-29T22:45:19","date_gmt":"2023-07-29T22:45:19","guid":{"rendered":"https:\/\/klnpigeon.com\/?post_type=product&#038;p=4453"},"modified":"2026-03-24T16:57:40","modified_gmt":"2026-03-24T16:57:40","slug":"cest-protein-plus-proteina-concentrada-para-palomas","status":"publish","type":"product","link":"https:\/\/klnpigeon.com\/index.php\/producto\/cest-protein-plus-proteina-concentrada-para-palomas\/","title":{"rendered":"Cest Protein Plus &#8211; Prote\u00edna concentrada para palomas"},"content":{"rendered":"<p>Protein Plus es una prote\u00edna concentrada dise\u00f1ada para palomas suplementada con vitaminas, minerales y amino\u00e1cidos esenciales.\u00a0Sus elementos nutricionales a\u00f1adidos ayudan a mejorar el sistema musculoarticular, la piel y el plumaje, y desintoxican.\u00a0Protein Plus tambi\u00e9n est\u00e1 enriquecido con \u00e1cidos grasos esenciales (omega 3), inmunomoduladores (glucanos) y metionina, todos ellos ideales para las temporadas de carreras, muda y reproducci\u00f3n.\u00a0para el per\u00edodo de crecimiento y para la restauraci\u00f3n en la estaci\u00f3n fr\u00eda.<\/p>\n<h3>Beneficios clave<\/h3>\n<ul>\n<li>El concentrado de prote\u00ednas mejora la s\u00edntesis de prote\u00ednas corporales totales<\/li>\n<li>Ayuda a reducir lesiones e inflamaciones en m\u00fasculos y articulaciones<\/li>\n<li>Proporciona una r\u00e1pida recuperaci\u00f3n despu\u00e9s de un esfuerzo f\u00edsico intenso<\/li>\n<li>Ayuda a desintoxicar el cuerpo.<\/li>\n<li>Mejora significativamente el desarrollo general de los beb\u00e9s y p\u00e1jaros j\u00f3venes.<\/li>\n<li>Promueve plumas saludables durante la muda<\/li>\n<li>Cuidadosamente formulado y probado por colomb\u00f3filos<\/li>\n<li>Fabricado en Europa con ingredientes de calidad.<\/li>\n<li>Importado<\/li>\n<\/ul>\n<h3>Administraci\u00f3n<\/h3>\n<p>5 gramos (1 cucharada de medida) por 2.5 libras de alimento.<\/p>\n<p><em><strong>Carreras<\/strong><\/em>\u00a0: 2 a 4 veces antes del d\u00eda de la carrera<\/p>\n<p><em><strong>Post-Carrera:<\/strong><\/em>\u00a02 a 4 d\u00edas por semana, dependiendo de la distancia de la carrera<\/p>\n<p><strong><em>Reproducci\u00f3n, crianza y muda<\/em><\/strong>\u00a0: 2 a 3 d\u00edas por semana<\/p>\n<h3>Tama\u00f1o<\/h3>\n<p>600 g (1,3 lbs) de polvo en recipiente de pl\u00e1stico<\/p>\n","protected":false},"excerpt":{"rendered":"<p>Protein Plus es una prote\u00edna concentrada dise\u00f1ada para palomas suplementada con vitaminas, minerales y amino\u00e1cidos esenciales.\u00a0Sus elementos nutricionales a\u00f1adidos ayudan a mejorar el sistema musculoarticular, la piel y el plumaje, y desintoxican.\u00a0Protein Plus tambi\u00e9n est\u00e1 enriquecido con \u00e1cidos grasos esenciales (omega 3), inmunomoduladores (glucanos) y metionina, todos ellos ideales para las temporadas de carreras, muda<\/p>\n<div class=\"klb-readmore button\"><a class=\"btn link\" href=\"https:\/\/klnpigeon.com\/index.php\/producto\/cest-protein-plus-proteina-concentrada-para-palomas\/\">Read More <i class=\"klbth-icon-right-arrow\"><\/i><\/a><\/div>\n","protected":false},"featured_media":4447,"comment_status":"open","ping_status":"closed","template":"","meta":[],"product_cat":[117],"product_tag":[],"class_list":{"0":"post-4453","1":"product","2":"type-product","3":"status-publish","4":"has-post-thumbnail","6":"product_cat-cest-pharma","8":"first","9":"instock","10":"shipping-taxable","11":"purchasable","12":"product-type-simple"},"jetpack_sharing_enabled":true,"_links":{"self":[{"href":"https:\/\/klnpigeon.com\/index.php\/wp-json\/wp\/v2\/product\/4453","targetHints":{"allow":["GET"]}}],"collection":[{"href":"https:\/\/klnpigeon.com\/index.php\/wp-json\/wp\/v2\/product"}],"about":[{"href":"https:\/\/klnpigeon.com\/index.php\/wp-json\/wp\/v2\/types\/product"}],"replies":[{"embeddable":true,"href":"https:\/\/klnpigeon.com\/index.php\/wp-json\/wp\/v2\/comments?post=4453"}],"wp:featuredmedia":[{"embeddable":true,"href":"https:\/\/klnpigeon.com\/index.php\/wp-json\/wp\/v2\/media\/4447"}],"wp:attachment":[{"href":"https:\/\/klnpigeon.com\/index.php\/wp-json\/wp\/v2\/media?parent=4453"}],"wp:term":[{"taxonomy":"product_cat","embeddable":true,"href":"https:\/\/klnpigeon.com\/index.php\/wp-json\/wp\/v2\/product_cat?post=4453"},{"taxonomy":"product_tag","embeddable":true,"href":"https:\/\/klnpigeon.com\/index.php\/wp-json\/wp\/v2\/product_tag?post=4453"}],"curies":[{"name":"wp","href":"https:\/\/api.w.org\/{rel}","templated":true}]}}