{"id":4443,"date":"2023-07-29T22:43:15","date_gmt":"2023-07-29T22:43:15","guid":{"rendered":"https:\/\/klnpigeon.com\/?post_type=product&#038;p=4443"},"modified":"2025-07-14T15:59:57","modified_gmt":"2025-07-14T15:59:57","slug":"cest-sedo-plus-para-palomas-aumenta-la-energia-y-la-funcion-hepatica","status":"publish","type":"product","link":"https:\/\/klnpigeon.com\/index.php\/producto\/cest-sedo-plus-para-palomas-aumenta-la-energia-y-la-funcion-hepatica\/","title":{"rendered":"Cest Sedo Plus para palomas &#8211; Aumenta la energ\u00eda y la funci\u00f3n hep\u00e1tica"},"content":{"rendered":"<div class=\"module module-text tb_8cf4402\">\n<div class=\"tb_text_wrap\">\n<div class=\"et_pb_module et_pb_text et_pb_text_1 et_pb_text_align_left et_pb_bg_layout_light\">\n<div class=\"et_pb_text_inner\">\n<p>Sedo Plus de Cest Pharma es un complemento energizante que interviene en la protecci\u00f3n del h\u00edgado y la transformaci\u00f3n de las grasas en energ\u00eda, especialmente en periodos de estr\u00e9s y esfuerzo f\u00edsico sostenido.\u00a0Sedo Plus es excepcional durante la temporada de carreras, la muda y cuando se producen cambios en la dieta o es necesario mejorar la digesti\u00f3n.<\/p>\n<p>Los aditivos nutricionales de Sedo Plus juegan un papel esencial en el metabolismo y la funci\u00f3n hep\u00e1tica de las aves.\u00a0La L-carnitina tiene un papel en la transformaci\u00f3n de las grasas en energ\u00eda, mientras que el cloruro de colina tiene un papel similar en el metabolismo de las grasas en el h\u00edgado y previene el almacenamiento excesivo de grasas en el h\u00edgado.\u00a0El sorbitol proporciona la energ\u00eda necesaria para el h\u00edgado y estimula la secreci\u00f3n de bilis.\u00a0Los extractos naturales de alcachofa y cardo son potentes antioxidantes y protectores hep\u00e1ticos.<\/p>\n<\/div>\n<\/div>\n<\/div>\n<\/div>\n<div class=\"module module-text tb_qc18403\">\n<div class=\"tb_text_wrap\">\n<div class=\"et_pb_module et_pb_text et_pb_text_1 et_pb_text_align_left et_pb_bg_layout_light\">\n<div class=\"et_pb_text_inner\">\n<div class=\"et_pb_column et_pb_column_4_4 et_pb_column_3 et_pb_css_mix_blend_mode_passthrough et-last-child\">\n<div class=\"et_pb_module et_pb_text et_pb_text_2 et_pb_text_align_left et_pb_bg_layout_light\">\n<div class=\"et_pb_text_inner\">\n<h3>Composici\u00f3n<\/h3>\n<p>sorbitol, agua<\/p>\n<p><em><strong>Ingredientes adicionales:<\/strong>\u00a0<\/em>cloruro de colina, L-carnitina, DL-metionina, extractos de alcachofa y extractos de cardo<\/p>\n<h3>Dosificaci\u00f3n y administraci\u00f3n<\/h3>\n<p>5 ml (1 cucharadita) por cuarto de gal\u00f3n (32 fl oz) de agua.<\/p>\n<h3>Tama\u00f1o<\/h3>\n<p>1 litro (33,8 onzas l\u00edquidas)<\/p>\n<\/div>\n<\/div>\n<\/div>\n<\/div>\n<\/div>\n<\/div>\n<\/div>\n","protected":false},"excerpt":{"rendered":"<p>Sedo Plus de Cest Pharma es un complemento energizante que interviene en la protecci\u00f3n del h\u00edgado y la transformaci\u00f3n de las grasas en energ\u00eda, especialmente en periodos de estr\u00e9s y esfuerzo f\u00edsico sostenido.\u00a0Sedo Plus es excepcional durante la temporada de carreras, la muda y cuando se producen cambios en la dieta o es necesario mejorar<\/p>\n<div class=\"klb-readmore button\"><a class=\"btn link\" href=\"https:\/\/klnpigeon.com\/index.php\/producto\/cest-sedo-plus-para-palomas-aumenta-la-energia-y-la-funcion-hepatica\/\">Read More <i class=\"klbth-icon-right-arrow\"><\/i><\/a><\/div>\n","protected":false},"featured_media":4440,"comment_status":"open","ping_status":"closed","template":"","meta":[],"product_cat":[117],"product_tag":[],"class_list":{"0":"post-4443","1":"product","2":"type-product","3":"status-publish","4":"has-post-thumbnail","6":"product_cat-cest-pharma","8":"first","9":"instock","10":"shipping-taxable","11":"purchasable","12":"product-type-simple"},"jetpack_sharing_enabled":true,"_links":{"self":[{"href":"https:\/\/klnpigeon.com\/index.php\/wp-json\/wp\/v2\/product\/4443","targetHints":{"allow":["GET"]}}],"collection":[{"href":"https:\/\/klnpigeon.com\/index.php\/wp-json\/wp\/v2\/product"}],"about":[{"href":"https:\/\/klnpigeon.com\/index.php\/wp-json\/wp\/v2\/types\/product"}],"replies":[{"embeddable":true,"href":"https:\/\/klnpigeon.com\/index.php\/wp-json\/wp\/v2\/comments?post=4443"}],"wp:featuredmedia":[{"embeddable":true,"href":"https:\/\/klnpigeon.com\/index.php\/wp-json\/wp\/v2\/media\/4440"}],"wp:attachment":[{"href":"https:\/\/klnpigeon.com\/index.php\/wp-json\/wp\/v2\/media?parent=4443"}],"wp:term":[{"taxonomy":"product_cat","embeddable":true,"href":"https:\/\/klnpigeon.com\/index.php\/wp-json\/wp\/v2\/product_cat?post=4443"},{"taxonomy":"product_tag","embeddable":true,"href":"https:\/\/klnpigeon.com\/index.php\/wp-json\/wp\/v2\/product_tag?post=4443"}],"curies":[{"name":"wp","href":"https:\/\/api.w.org\/{rel}","templated":true}]}}